{"id":4751,"date":"2019-04-25T16:49:55","date_gmt":"2019-04-25T14:49:55","guid":{"rendered":"http:\/\/schulebza.de\/gymnasiumneu\/?page_id=4751"},"modified":"2024-11-04T19:26:00","modified_gmt":"2024-11-04T18:26:00","slug":"mss","status":"publish","type":"page","link":"https:\/\/schulebza.de\/gymnasium\/mss\/","title":{"rendered":"MSS"},"content":{"rendered":"<p style=\"text-align: justify;\">Die <strong>MSS<\/strong>, die &#8222;Mainzer Studienstufe&#8220;, auch Sekundarstufe II, umfasst die Halbjahre 11\/1 &#8211; 13\/1. Die Sch\u00fcler werden nicht mehr im Klassen-, sondern im Kursverband unterrichtet, da hier die &#8222;Leistungsf\u00e4cher&#8220;, d.h. Hauptf\u00e4cher, individuell gew\u00e4hlt werden. An Stelle des Klassenlehrers tritt der &#8222;Stammkurslehrer&#8220;.<\/p>\n<p style=\"text-align: justify;\">Das komplexe System der MSS erlaubt es uns leider nicht, alle Einzelheiten der F\u00e4cherwahl und Notengebung hier aufzuf\u00fchren. Meist ist individuelle Beratung n\u00f6tig, die bei uns durch unsere Oberstufenleiter \u00fcbernommen wird (Tel.: 06343 &#8211; 9344-53).<br \/>\nEinige wenige wichtige Informationen und Formulare f\u00fcr Sch\u00fcler finden sich dennoch anbei zum Download; ebenso eine Verlinkung zum Landesbildungsserver, wo Infobrosch\u00fcren heruntergeladen werden k\u00f6nnen.<\/p>\n<p style=\"text-align: justify;\">Die Oberstufenleitung (MSS-Leitung) ist nat\u00fcrlich auch bei Problemen und Fragen, die eventuell w\u00e4hrend dieser Zeit auftreten, f\u00fcr Sch\u00fcler als auch Eltern immer ansprechbar.<\/p>\n<p style=\"text-align: justify;\"><div class=\"su-button-center\"><a href=\"https:\/\/gymnasium.bildung-rp.de\/gymn-oberstufe-abitur.html\" class=\"su-button su-button-style-default\" style=\"color:#444444;background-color:#cbcbcb;border-color:#a3a3a3;border-radius:5px\" target=\"_self\"><span style=\"color:#444444;padding:6px 16px;font-size:13px;line-height:20px;border-color:#dbdbdb;border-radius:5px;text-shadow:none\"><i class=\"sui sui-chevron-circle-right\" style=\"font-size:13px;color:#444444\"><\/i> Landesbildungsserver mit weiteren Informationen und dem digitalen MSS-Heft<\/span><\/a><\/div>\n","protected":false},"excerpt":{"rendered":"<p>Die MSS, die &#8222;Mainzer Studienstufe&#8220;, auch Sekundarstufe II, umfasst die Halbjahre 11\/1 &#8211; 13\/1. Die Sch\u00fcler werden nicht mehr im Klassen-, sondern im Kursverband unterrichtet, da hier die &#8222;Leistungsf\u00e4cher&#8220;, d.h. Hauptf\u00e4cher, individuell gew\u00e4hlt werden. An Stelle des Klassenlehrers tritt der &#8222;Stammkurslehrer&#8220;. Das komplexe System der MSS erlaubt es uns leider nicht, alle Einzelheiten der F\u00e4cherwahl&#8230;<\/p>\n<p class=\"more-link\"><a href=\"https:\/\/schulebza.de\/gymnasium\/mss\/\" class=\"\"><span>Weiterlesen<\/span><i>&#43;<\/i><\/a><\/p>\n","protected":false},"author":1,"featured_media":0,"parent":0,"menu_order":0,"comment_status":"closed","ping_status":"closed","template":"","meta":{"footnotes":""},"categories":[],"tags":[],"class_list":["post-4751","page","type-page","status-publish","hentry"],"_links":{"self":[{"href":"https:\/\/schulebza.de\/gymnasium\/wp-json\/wp\/v2\/pages\/4751","targetHints":{"allow":["GET"]}}],"collection":[{"href":"https:\/\/schulebza.de\/gymnasium\/wp-json\/wp\/v2\/pages"}],"about":[{"href":"https:\/\/schulebza.de\/gymnasium\/wp-json\/wp\/v2\/types\/page"}],"author":[{"embeddable":true,"href":"https:\/\/schulebza.de\/gymnasium\/wp-json\/wp\/v2\/users\/1"}],"replies":[{"embeddable":true,"href":"https:\/\/schulebza.de\/gymnasium\/wp-json\/wp\/v2\/comments?post=4751"}],"version-history":[{"count":9,"href":"https:\/\/schulebza.de\/gymnasium\/wp-json\/wp\/v2\/pages\/4751\/revisions"}],"predecessor-version":[{"id":13373,"href":"https:\/\/schulebza.de\/gymnasium\/wp-json\/wp\/v2\/pages\/4751\/revisions\/13373"}],"wp:attachment":[{"href":"https:\/\/schulebza.de\/gymnasium\/wp-json\/wp\/v2\/media?parent=4751"}],"wp:term":[{"taxonomy":"category","embeddable":true,"href":"https:\/\/schulebza.de\/gymnasium\/wp-json\/wp\/v2\/categories?post=4751"},{"taxonomy":"post_tag","embeddable":true,"href":"https:\/\/schulebza.de\/gymnasium\/wp-json\/wp\/v2\/tags?post=4751"}],"curies":[{"name":"wp","href":"https:\/\/api.w.org\/{rel}","templated":true}]}}