{"id":4744,"date":"2019-04-25T16:06:46","date_gmt":"2019-04-25T14:06:46","guid":{"rendered":"http:\/\/schulebza.de\/gymnasiumneu\/?page_id=4744"},"modified":"2019-04-25T16:06:46","modified_gmt":"2019-04-25T14:06:46","slug":"schulstufen","status":"publish","type":"page","link":"https:\/\/schulebza.de\/gymnasium\/schulstufen\/","title":{"rendered":"Schulstufen"},"content":{"rendered":"<div>Traditionell gliedert sich die Schullaufbahn in drei Stufen:<\/div>\n<ul>\n<li><strong>Orientierungsstufe: Klassen 5 &amp; 6<\/strong><\/li>\n<li><strong>Mittelstufe: Klassen 7 &#8211; 10<\/strong><\/li>\n<li><strong>Oberstufe (MSS): Klassen 11 &#8211; 13<\/strong><\/li>\n<\/ul>\n<div>In unserem Schulzentrum gibt es die Besonderheit der Gemeinsamen Orientierungsstufe. Hier gibt es noch keine Teilung zwischen Gymnasium und Realschule plus: Sch\u00fclerinnen und Sch\u00fcler werden im Klassenverband gemeinsam unterrichtet. Den Unterricht \u00fcbernehmen Kolleginnen und Kollegen aus Gymnasium und Realschule plus zu gleichen Teilen.<\/div>\n<div><\/div>\n<div>Auf den folgenden Seiten erhalten Sie Informationen zu den entsprechenden Abschnitten der Schullaufbahn.<\/div>\n","protected":false},"excerpt":{"rendered":"<p>Traditionell gliedert sich die Schullaufbahn in drei Stufen: Orientierungsstufe: Klassen 5 &amp; 6 Mittelstufe: Klassen 7 &#8211; 10 Oberstufe (MSS): Klassen 11 &#8211; 13 In unserem Schulzentrum gibt es die Besonderheit der Gemeinsamen Orientierungsstufe. Hier gibt es noch keine Teilung zwischen Gymnasium und Realschule plus: Sch\u00fclerinnen und Sch\u00fcler werden im Klassenverband gemeinsam unterrichtet. Den Unterricht&#8230;<\/p>\n<p class=\"more-link\"><a href=\"https:\/\/schulebza.de\/gymnasium\/schulstufen\/\" class=\"\"><span>Weiterlesen<\/span><i>&#43;<\/i><\/a><\/p>\n","protected":false},"author":1,"featured_media":0,"parent":0,"menu_order":0,"comment_status":"closed","ping_status":"closed","template":"","meta":{"footnotes":""},"categories":[],"tags":[],"class_list":["post-4744","page","type-page","status-publish","hentry"],"_links":{"self":[{"href":"https:\/\/schulebza.de\/gymnasium\/wp-json\/wp\/v2\/pages\/4744","targetHints":{"allow":["GET"]}}],"collection":[{"href":"https:\/\/schulebza.de\/gymnasium\/wp-json\/wp\/v2\/pages"}],"about":[{"href":"https:\/\/schulebza.de\/gymnasium\/wp-json\/wp\/v2\/types\/page"}],"author":[{"embeddable":true,"href":"https:\/\/schulebza.de\/gymnasium\/wp-json\/wp\/v2\/users\/1"}],"replies":[{"embeddable":true,"href":"https:\/\/schulebza.de\/gymnasium\/wp-json\/wp\/v2\/comments?post=4744"}],"version-history":[{"count":1,"href":"https:\/\/schulebza.de\/gymnasium\/wp-json\/wp\/v2\/pages\/4744\/revisions"}],"predecessor-version":[{"id":4745,"href":"https:\/\/schulebza.de\/gymnasium\/wp-json\/wp\/v2\/pages\/4744\/revisions\/4745"}],"wp:attachment":[{"href":"https:\/\/schulebza.de\/gymnasium\/wp-json\/wp\/v2\/media?parent=4744"}],"wp:term":[{"taxonomy":"category","embeddable":true,"href":"https:\/\/schulebza.de\/gymnasium\/wp-json\/wp\/v2\/categories?post=4744"},{"taxonomy":"post_tag","embeddable":true,"href":"https:\/\/schulebza.de\/gymnasium\/wp-json\/wp\/v2\/tags?post=4744"}],"curies":[{"name":"wp","href":"https:\/\/api.w.org\/{rel}","templated":true}]}}