{"id":3531,"date":"2019-03-31T00:06:06","date_gmt":"2019-03-30T23:06:06","guid":{"rendered":"http:\/\/schulebza.de\/gymnasiumneu\/?page_id=3531"},"modified":"2019-12-13T22:27:04","modified_gmt":"2019-12-13T21:27:04","slug":"schulprogramm","status":"publish","type":"page","link":"https:\/\/schulebza.de\/gymnasium\/schulprogramm\/","title":{"rendered":"Schulprogramm"},"content":{"rendered":"<p><img decoding=\"async\" class=\"alignleft wp-image-3575\" src=\"http:\/\/schulebza.de\/gymnasiumneu\/wp-content\/uploads\/2019\/03\/Foto-grosser-heute-228x300.png\" alt=\"Foto-grosser-heute\" width=\"157\" height=\"207\" \/><div class=\"su-quote su-quote-style-default su-quote-has-cite\"><div class=\"su-quote-inner su-u-clearfix su-u-trim\">\n<p style=\"text-align: center;\">Sich selbst aufbauen, indem man anderen hilft, sich<br \/>\naufzubauen: Gibt es eine sch\u00f6nere Lebensaufgabe, jenseits,<br \/>\naber doch mit Hilfe aller schulischen Anforderungen? Jedenfalls<br \/>\nsehe ich es so und wage es, Euch meine Losungen zu<br \/>\nverk\u00fcnden: \u201aImmer zufrieden sein. Sich nie zufriedengeben\u2018.<br \/>\n\u201aVernunft und W\u00e4rme\u2018.<\/p>\n<span class=\"su-quote-cite\">Alfred Grosser, 2006<br \/>\nzur Namensgebung des Alfred-Grosser-Schulzentrums<\/span><\/div><\/div>\n<h2><span style=\"border-bottom: 3px solid #c90000; padding: 0 0 4px;\">Leitgedanken<br \/>\n<\/span><\/h2>\n<p style=\"text-align: justify;\">Der Respekt gegen\u00fcber dem Menschen, mit dem Grundsatz, dass sich der Einzelne in seiner Individualit\u00e4t entfalten kann, ist oberstes Leitziel unserer Schulgemeinschaft.<\/p>\n<p>Wir legen Wert auf<\/p>\n<ul style=\"list-style-type: disc;\">\n<li>Weltoffenheit<\/li>\n<li>Freiheitliches Denken<\/li>\n<li>Gerechtigkeit<\/li>\n<li>Ehrlichkeit<\/li>\n<li>Kritikf\u00e4higkeit<\/li>\n<li>Friedliches Zusammenleben<\/li>\n<li>Verantwortungsbewusstsein<\/li>\n<li>Toleranz<\/li>\n<li>Zivilcourage<\/li>\n<li>Empathie<\/li>\n<\/ul>\n<p style=\"text-align: justify;\">In diesem Sinne unterst\u00fctzt die Schule die <strong>\r\n\t<a class=\"paoc-popup-click paoc-popup-cust-5106 paoc-popup-simple_link paoc-popup-link\" href=\"javascript:void(0);\">Eltern,<\/a>\r\n\r\n<\/strong> bei ihrem Erziehungsauftrag. Durch die gemeinsame Gestaltung des Schullebens f\u00f6rdern wir die Identifikation aller mit unserer Schule.<\/p>\n<p style=\"text-align: justify;\">Als Schule, die sich durch ihre regionale Identifikation und N\u00e4he zu Frankreich auszeichnet, halten wir die <strong><a href=\"http:\/\/schulebza.de\/gymnasiumneu\/europaschule\/\">Europaidee<\/a><\/strong> sowie kosmopolitisches Denken und Handeln hoch und unterst\u00fctzen unsere Sch\u00fcler dabei, sich in einer globalisierten Welt zu orientieren.<\/p>\n<h3><span style=\"border-bottom: 3px solid #c90000; padding: 0 0 4px;\">Sch\u00fclergedanken<\/span><\/h3>\n<p>\u201eAls gute Schule bezeichnen wir <strong>\r\n\t<a class=\"paoc-popup-click paoc-popup-cust-5101 paoc-popup-simple_link paoc-popup-link\" href=\"javascript:void(0);\">Sch\u00fcler<\/a>\r\n\r\n<\/strong> eine Schule, die gleicherma\u00dfen Leistung fordert, uns aber auch f\u00f6rdert \u2013 eine Schule, zu der du gerne gehst, weil sie dir Wissen und Werte vermitteln kann und deine pers\u00f6nlichen Interessen nicht in den Hintergrund stellt. Gute Schule ist, wenn individuelle Talente gef\u00f6rdert und gew\u00fcrdigt werden, um die pers\u00f6nliche Entfaltung der Sch\u00fcler zu unterst\u00fctzen und sie f\u00fcr die berufliche Zukunft und das Leben zu wappnen. Gute Schule f\u00f6rdert das Sozialleben, ob im Klassen- oder Kursverbund, und Probleme, ob schulisch oder famili\u00e4r, werden angesprochen.<\/p>\n<p>\u2026 und unsere Schule ist eine gute Schule.\u201c<\/p>\n<h3><span style=\"border-bottom: 3px solid #c90000; padding: 0 0 4px;\">Elterngedanken<\/span><\/h3>\n<p style=\"text-align: justify;\">\u201eEine gute Schule steht hinter ihren Sch\u00fclern an der Seite der <strong>\r\n\t<a class=\"paoc-popup-click paoc-popup-cust-5106 paoc-popup-simple_link paoc-popup-link\" href=\"javascript:void(0);\">Eltern,<\/a>\r\n\r\n <\/strong>mit Respekt Offenheit und Empathie, gemeinsam getragen von dem Wunsch unsere Kinder auf die Herausforderungen des Lebens vorzubereiten.\u201c<\/p>\n<h2><span style=\"border-bottom: 3px solid #c90000; padding: 0 0 4px;\">Leben an unserer Schule<\/span><\/h2>\n<p style=\"text-align: justify;\">Den Idealen unserer Schule wird durch eine Vielfalt von Unterrichtsthemen, <strong><a href=\"http:\/\/schulebza.de\/gymnasiumneu\/ags\/\">Projekten und Arbeitsgemeinschaften<\/a><\/strong> Rechnung getragen.<\/p>\n<h3 style=\"text-align: justify;\"><span style=\"border-bottom: 3px solid #c90000; padding: 0 0 4px;\">Kooperation<br \/>\n<\/span><\/h3>\n<p style=\"text-align: justify;\">Aufgrund der Kooperation mit der <strong><a href=\"http:\/\/www.schulebza.de\/rsplus\">RSplus<\/a><\/strong> sind sowohl eine hohe Flexibilit\u00e4t bez\u00fcglich der pers\u00f6nlichen Schullaufbahn als auch ein konstantes soziales Gef\u00fcge durch den Verbleib der Sch\u00fcler in ihrem gewohnten Umfeld gew\u00e4hrleistet.<\/p>\n<p style=\"text-align: justify;\">Unsere <a href=\"http:\/\/schulebza.de\/gymnasiumneu\/gos\/\"><strong>Gemeinsame Orientierungsstufe<\/strong><\/a> zeichnet sich dadurch aus, dass sie f\u00fcr Kinder mit unterschiedlichen F\u00e4higkeiten und Fertigkeiten offen ist. Auf Grund des Angebots entsprechender Klassen (<a href=\"http:\/\/schulebza.de\/gymnasiumneu\/franzoesisch\/\"><strong>Franz\u00f6sisch<\/strong><\/a>, <a href=\"http:\/\/schulebza.de\/gymnasiumneu\/nawi-klasse\/\"><strong>Naturwissenschaftlich<\/strong><\/a>, <a href=\"http:\/\/schulebza.de\/gymnasiumneu\/streicherklassen\/\"><strong>Streicher<\/strong><\/a> und<a href=\"http:\/\/schulebza.de\/gymnasiumneu\/blaeserklassen\/\"><strong> Bl\u00e4ser<\/strong><\/a>) mit zus\u00e4tzlichen Unterrichtsstunden ist eine individuelle Schwerpunktsetzung gem\u00e4\u00df den Begabungen und Neigungen jedes einzelnen Kindes m\u00f6glich.<\/p>\n<p style=\"text-align: justify;\">Au\u00dferdem erleichtert die p\u00e4dagogische Zusammenarbeit unterschiedlicher Kollegien verschiedener Schulformen, jedes Kind entsprechend seiner St\u00e4rken und Schw\u00e4chen individuell auf unterschiedlichen Niveaus zu fordern und zu f\u00f6rdern. Dazu tr\u00e4gt auch das breite <a href=\"http:\/\/schulebza.de\/gymnasiumneu\/ags\/\"><strong>kooperative AG-Angebot<\/strong><\/a> bei.<\/p>\n<h3 style=\"text-align: justify;\"><span style=\"border-bottom: 3px solid #c90000; padding: 0 0 4px;\">Der gymnasiale Weg<\/span><\/h3>\n<p style=\"text-align: justify;\">Wir st\u00e4rken im Sinne einer ganzheitlichen Bildung die vielf\u00e4ltig angelegten Talente unserer Sch\u00fcler durch besondere Angebote im sprachlichen, mathematisch-naturwissenschaftlichen, musisch-k\u00fcnstlerischen und sportlichen Bereich weiter.<\/p>\n<h3><span style=\"border-bottom: 3px solid #c90000; padding: 0 0 4px;\">Sprachen<\/span><\/h3>\n<p style=\"text-align: justify;\">Wir f\u00f6rdern die Sprachkompetenz unserer Sch\u00fcler unter Einsatz von aktuellen Kommunikationsmitteln, regelm\u00e4\u00dfiger Durchf\u00fchrung von Sch\u00fclerbegegnungen und erfolgreicher Teilnahme an <strong>\r\n\t<a class=\"paoc-popup-click paoc-popup-cust-5109 paoc-popup-simple_link paoc-popup-link\" href=\"javascript:void(0);\">Sprachwettbewerbe<\/a>\r\n\r\n<\/strong>.<\/p>\n<p style=\"text-align: justify;\">Es besteht die M\u00f6glichkeit sowohl <a href=\"http:\/\/schulebza.de\/gymnasiumneu\/englisch\/\"><strong>Englisch<\/strong><\/a> als auch <a href=\"http:\/\/schulebza.de\/gymnasiumneu\/franzoesisch\/\"><strong>Franz\u00f6sisch <\/strong><\/a>als erste Fremdsprache zu w\u00e4hlen.<\/p>\n<p style=\"text-align: justify;\">Insbesondere bieten wir als eine der ersten und wenigen Schulen auf Bundesebene an, das deutsche und gleichzeitig das <a href=\"http:\/\/schulebza.de\/gymnasium\/franzoesisch-abibac\/\"><strong>franz\u00f6sische Abitur (AbiBac)<\/strong><\/a> als Doppelqualifikation zu erwerben.<\/p>\n<p style=\"text-align: justify;\">Mit der Wahl des <a href=\"http:\/\/schulebza.de\/gymnasium\/bilingualer-unterricht-ab-7-klasse\/\"><strong><u>bilingualen Zweiges<\/u><\/strong><\/a> ab der 7. Klasse, durch zus\u00e4tzlichen deutsch-franz\u00f6sischen Unterricht in Erdkunde und Geschichte, wird der Erwerb des ABIBACs bzw. des Exzellenzlabels<a href=\"http:\/\/schulebza.de\/gymnasiumneu\/certilingua\/\"><strong> \u201eCertiLingua\u201c<\/strong><\/a> in der Oberstufe vorbereitet.<\/p>\n<p style=\"text-align: justify;\">Sch\u00fcler mit einem qualifizierten Sekundarabschluss I (\u201eMittlere Reife\u201c) <strong><u>ohne zweite Fremdsprache<\/u><\/strong>, die unsere Oberstufe besuchen m\u00f6chten, erwerben in einem neu einsetzenden <a href=\"http:\/\/schulebza.de\/gymnasiumneu\/spanisch\/\"><strong>Spanisch<\/strong><\/a>kurs die ben\u00f6tigten Sprachkenntnisse.<\/p>\n<p style=\"text-align: justify;\"><strong>\r\n\t<a class=\"paoc-popup-click paoc-popup-cust-5111 paoc-popup-simple_link paoc-popup-link\" href=\"javascript:void(0);\">Latein<\/a>\r\n\r\n<\/strong> und <a href=\"http:\/\/schulebza.de\/gymnasiumneu\/spanisch\/\"><strong>Spanisch<\/strong><\/a> als 3. Fremdsprachen leistet einen wichtigen Beitrag zur Sprachkompetenz unserer Sch\u00fcler. Es k\u00f6nnen das <strong>\r\n\t<a class=\"paoc-popup-click paoc-popup-cust-5112 paoc-popup-simple_link paoc-popup-link\" href=\"javascript:void(0);\">Latinum<\/a>\r\n\r\n<\/strong> und durch Zusatzpr\u00fcfung das <strong>\r\n\t<a class=\"paoc-popup-click paoc-popup-cust-5113 paoc-popup-simple_link paoc-popup-link\" href=\"javascript:void(0);\">Gro\u00dfe Latinum<\/a>\r\n\r\n<\/strong> erworben werden.<\/p>\n<h3><span style=\"border-bottom: 3px solid #c90000; padding: 0 0 4px;\">MINT: Mathematik, Informatik, Naturwissenschaften<\/span><\/h3>\n<p style=\"text-align: justify;\">Die Naturwissenschaften genie\u00dfen an unserer Schule ebenfalls einen sehr hohen Stellenwert. Deshalb f\u00fchren wir seit dem Schuljahr 2018\/19 das Zertifikat <strong>\r\n\t<a class=\"paoc-popup-click paoc-popup-cust-5115 paoc-popup-simple_link paoc-popup-link\" href=\"javascript:void(0);\">MINT-freundliche Schule<\/a>\r\n\r\n<\/strong>.<\/p>\n<p style=\"text-align: justify;\">Ein stark sch\u00fclerorientierter und experimentierfreudiger Unterricht ist durch die moderne Ausstattung der Fachr\u00e4ume und durch das breite Angebot an Sch\u00fclerexperimenten in allen Klassenstufen m\u00f6glich.<\/p>\n<p style=\"text-align: justify;\">Zus\u00e4tzlich gibt es ein vielf\u00e4ltiges AG-Angebot wie z.B<strong>. \u201e\r\n\t<a class=\"paoc-popup-click paoc-popup-cust-5130 paoc-popup-simple_link paoc-popup-link\" href=\"javascript:void(0);\">Jugend forscht<\/a>\r\n\r\n\u201c<\/strong>, <strong>\u201e\r\n\t<a class=\"paoc-popup-click paoc-popup-cust-5134 paoc-popup-simple_link paoc-popup-link\" href=\"javascript:void(0);\">IT-Scouts<\/a>\r\n\r\n\u201c<\/strong>, das die erfolgreiche Teilnahme an entsprechenden Wettbewerben vorbereiten kann. Au\u00dferdem nehmen die Sch\u00fcler kontinuierlich an Wettbewerben wie \u201eJugend forscht\u201c bzw. <strong>\u201e\r\n\t<a class=\"paoc-popup-click paoc-popup-cust-5135 paoc-popup-simple_link paoc-popup-link\" href=\"javascript:void(0);\">First Lego League<\/a>\r\n\r\n\u201c<\/strong>, <strong>\u201e\r\n\t<a class=\"paoc-popup-click paoc-popup-cust-5136 paoc-popup-simple_link paoc-popup-link\" href=\"javascript:void(0);\">Math\u00e9matique sans fronti\u00e8res<\/a>\r\n\r\n\u201d<\/strong>, <strong>\u201e\r\n\t<a class=\"paoc-popup-click paoc-popup-cust-5147 paoc-popup-simple_link paoc-popup-link\" href=\"javascript:void(0);\">Matheolympiade<\/a>\r\n\r\n\u201d<\/strong> und dem <strong>\u201e\r\n\t<a class=\"paoc-popup-click paoc-popup-cust-5148 paoc-popup-simple_link paoc-popup-link\" href=\"javascript:void(0);\">Informatik-Biber<\/a>\r\n\r\n\u201d<\/strong> teil.<\/p>\n<p style=\"text-align: justify;\">Als eine der ersten Schulen in Rheinland-Pfalz bieten wir seit Jahrzehnten in der Oberstufe das Grundfach Informatik an.<\/p>\n<h3 style=\"text-align: justify;\"><span style=\"border-bottom: 3px solid #c90000; padding: 0 0 4px;\">Kunst, Musik und Sport<\/span><\/h3>\n<p style=\"text-align: justify;\">Der Bedeutung des musischen Bereichs f\u00fcr die Ausbildung der Gesamtpers\u00f6nlichkeit wird in vielerlei Projektangeboten im besonderen Ma\u00dfe Rechnung getragen.<\/p>\n<p style=\"text-align: justify;\">Das in der GOS begonnene <strong><u>klassenweise Musizieren<\/u><\/strong> kann im regul\u00e4ren Musikunterricht bis in Klasse 9 fortgef\u00fchrt werden. Erg\u00e4nzende bzw. weiterf\u00fchrende Arbeitsgemeinschaften f\u00f6rdern die musisch-k\u00fcnstlerischen Begabungen in <strong>\r\n\t<a class=\"paoc-popup-click paoc-popup-cust-5150 paoc-popup-simple_link paoc-popup-link\" href=\"javascript:void(0);\">Big Band, Chor, projektbezogenen Instrumentalensembles, Orchester, Kunst und Theater.<\/a>\r\n\r\n<\/strong><\/p>\n<p style=\"text-align: justify;\">Die Ergebnisse werden regelm\u00e4\u00dfig in <strong><u>Konzerten<\/u><\/strong>, <strong><u>Auff\u00fchrungen<\/u><\/strong>, <strong><u>Musicalproduktionen<\/u><\/strong> und<strong> <u>Ausstellungen<\/u> <\/strong>pr\u00e4sentiert.<\/p>\n<p style=\"text-align: justify;\">Im sportlichen Bereich tr\u00e4gt die Kooperation von <strong><u>\u201eSchule und Verein\u201c<\/u><\/strong> zu zahlreichen Erfolgen bei <strong>\u201e\r\n\t<a class=\"paoc-popup-click paoc-popup-cust-5149 paoc-popup-simple_link paoc-popup-link\" href=\"javascript:void(0);\">Jugend trainiert f\u00fcr Olympia<\/a>\r\n\r\n\u201c<\/strong> bei.<\/p>\n<h3 style=\"text-align: justify;\"><span style=\"border-bottom: 3px solid #c90000; padding: 0 0 4px;\">Methoden und Medien<\/span><\/h3>\n<p style=\"text-align: justify;\">Entsprechend eines vom Kollegium entwickelten <strong><u>Methodencurriculums<\/u><\/strong>, werden die Sch\u00fcler ab Klasse 5 mit verschiedenen <strong><u>Lern- und Arbeitsmethoden<\/u><\/strong> sowie <strong><u>Sozialformen<\/u> <\/strong>vertraut gemacht. Dies geht Hand in Hand mit der Erziehung der Sch\u00fcler zu einem bewussten, sinnvollen, kritischen und reflektierten Medieneinsatz. Als Projektschule f\u00fcr den <strong><u>Medienkompass RLP<\/u><\/strong> k\u00f6nnen wir seit 2016 die erworbenen F\u00e4higkeiten und Fertigkeiten der Sch\u00fcler vor allem hinsichtlich digitaler Medien dokumentieren und zertifizieren.<\/p>\n<p style=\"text-align: justify;\">Das <a href=\"http:\/\/schulebza.de\/gymnasiumneu\/digitalisierung\/\"><strong>Medienkonzept<\/strong><\/a> der Schule und damit auch die Ausstattung werden, den ver\u00e4nderten Anforderungen der Arbeitswelt, den technischen Innovationen und Entwicklungen entsprechend, immer wieder aktualisiert und angepasst. Dabei werden Aspekte wie Zweckm\u00e4\u00dfigkeit und Nachhaltigkeit besonders ber\u00fccksichtigt.<\/p>\n<h3 style=\"text-align: justify;\"><span style=\"border-bottom: 3px solid #c90000; padding: 0 0 4px;\">Pr\u00e4vention<\/span><\/h3>\n<p style=\"text-align: justify;\">Um die Sch\u00fcler bei ihrer Pers\u00f6nlichkeitsentwicklung zu unterst\u00fctzen und f\u00fcr die Zukunft stark zu machen, wurde gemeinsam mit Sch\u00fclervertretern ein <strong><u>Pr\u00e4ventionskonzept<\/u><\/strong> f\u00fcr jede Jahrgangsstufe zu den Themen Sozialkompetenz, Ursachen und Entstehung von Suchtverhalten sowie Resilienz-Entwicklung ausgearbeitet und umgesetzt.<\/p>\n<h3 style=\"text-align: justify;\"><span style=\"border-bottom: 3px solid #c90000; padding: 0 0 4px;\">Berufsorientierung<\/span><\/h3>\n<p style=\"text-align: justify;\">In unserer Schule gab es auch vor der Kampagne \u201eZukunft l\u00e4uft\u201c des Ministeriums ein f\u00fcr ein Gymnasium sehr weitgehendes Konzept zur<strong> \r\n\t<a class=\"paoc-popup-click paoc-popup-cust-5171 paoc-popup-simple_link paoc-popup-link\" href=\"javascript:void(0);\">Berufs- und Studienorientierung<\/a>\r\n\r\n<\/strong>. Schwerpunkte liegen hier in den Klassen 9 und 12., die als Scharniere f\u00fcr die Berufsorientierung gesehen werden k\u00f6nnen.<\/p>\n<h3 style=\"text-align: justify;\"><span style=\"border-bottom: 3px solid #c90000; padding: 0 0 4px;\">Soziale und Politische Bildung<\/span><\/h3>\n<p style=\"text-align: justify;\">Das soziale und politische Engagement unserer Sch\u00fcler wird auch au\u00dferhalb des Unterrichts unter anderem durch Wettbewerbe wie\u00a0<strong>\r\n\t<a class=\"paoc-popup-click paoc-popup-cust-5173 paoc-popup-simple_link paoc-popup-link\" href=\"javascript:void(0);\">Jugend debattiert<\/a>\r\n\r\n<\/strong> und Projekte im Rahmen von <a href=\"http:\/\/schulebza.de\/gymnasiumneu\/schule-ohne-rassismus\/\"><strong>\u201eSchule ohne Rassismus, Schule mit Courage\u201c<\/strong><\/a> gef\u00f6rdert.<\/p>\n<h3 style=\"text-align: justify;\"><span style=\"border-bottom: 3px solid #c90000; padding: 0 0 4px;\">Europa<\/span><\/h3>\n<p style=\"text-align: justify;\">Unsere Schule ist besonders aktiv in der Europaarbeit: Dies zeigt sich durch die Zertifizierung als <a href=\"http:\/\/schulebza.de\/gymnasiumneu\/europaschule\/\"><strong><u>\u201eEuropaschule des Landes Rheinland-Pfalz\u201c<\/u><\/strong><\/a>, als <a href=\"http:\/\/schulebza.de\/gymnasiumneu\/europaschule\/\"><strong><u>\u201eBotschafterschule des Europ\u00e4ischen Parlaments\u201c<\/u><\/strong><\/a> und als <a href=\"http:\/\/schulebza.de\/gymnasiumneu\/europaschule\/\"><strong><u>\u201eeTwinning-Schule<\/u><\/strong>\u201c<\/a>. Regelm\u00e4\u00dfig f\u00fchrt die Schule <strong><u>Projekte<\/u><\/strong> wie \u201eErasmus+\u201c mit europ\u00e4ischen Partnern durch.<\/p>\n<h1 style=\"text-align: justify;\"><span style=\"border-bottom: 3px solid #c90000; padding: 0 0 4px;\">Schlussgedanken<\/span><\/h1>\n<div style=\"padding: 0px 50px 0px 50px;\">\n<p style=\"text-align: justify;\">Liebe Schulgemeinschaft,<\/p>\n<p style=\"text-align: justify;\">liebe Interessierte, Freunde und Weggef\u00e4hrten,<\/p>\n<p style=\"text-align: justify;\">liebe Neugierige:<\/p>\n<p style=\"text-align: justify;\">Nach vielen Gespr\u00e4chen mit Eltern, Sch\u00fclern und Lehrern, einem Studientag sowie Sch\u00fclertreffen mit Schulnamensgeber Alfred Grosser und Bildungsministerin Stefanie Hubig zum Thema \u201eGute Schule\u201c ist es nun gemeinsam geschafft, greifbar und sp\u00fcrbar: eine Aktualisierung unserer Grundgedanken, unserer Axiome f\u00fcr unsere gute Schule. Die Grundlage unserer Arbeit miteinander, der Kompass f\u00fcr unser Zusammenleben vor Ort, die gelebten und erfahrbaren Dreh- und Angelpunkte unserer gemeinsamen Ziele und W\u00fcnsche. Ich danke allen Beteiligten sehr herzlich f\u00fcr die vielen gemeinsamen Stunden im Ringen um stets Besseres, gemeinsam geloben wir Aktualisierung und Evaluation. Wir folgen den Grosser\u00b4schen Worten in der Einleitung und schenken ihnen neues Leben: Wir geben uns nicht zufrieden; wir wachsen, indem wir andere wachsen lassen und \u2013 \u00b4Vernunft und W\u00e4rme\u00b4 bedeuten uns Hoffnung. Und wo, wenn nicht an einer Schule, an unserer Schule kann und wird das alles greifen, in sinnstiftendem Austausch, in wegweisenden Begegnungen?<\/p>\n<p style=\"text-align: justify;\">In diesem Geist und Sinn,<\/p>\n<p style=\"text-align: justify;\">Ihr &amp; Euer<\/p>\n<p style=\"text-align: justify;\">Pete Allmann, OStD \u2013 Schulleiter<\/p>\n<p style=\"text-align: justify;\">Bad Bergzabern, am 09. April 2019<\/p>\n<\/div>\n","protected":false},"excerpt":{"rendered":"<p>Leitgedanken Der Respekt gegen\u00fcber dem Menschen, mit dem Grundsatz, dass sich der Einzelne in seiner Individualit\u00e4t entfalten kann, ist oberstes Leitziel unserer Schulgemeinschaft. Wir legen Wert auf Weltoffenheit Freiheitliches Denken Gerechtigkeit Ehrlichkeit Kritikf\u00e4higkeit Friedliches Zusammenleben Verantwortungsbewusstsein Toleranz Zivilcourage Empathie In diesem Sinne unterst\u00fctzt die Schule die bei ihrem Erziehungsauftrag. Durch die gemeinsame Gestaltung des Schullebens&#8230;<\/p>\n<p class=\"more-link\"><a href=\"https:\/\/schulebza.de\/gymnasium\/schulprogramm\/\" class=\"\"><span>Weiterlesen<\/span><i>&#43;<\/i><\/a><\/p>\n","protected":false},"author":1,"featured_media":0,"parent":0,"menu_order":0,"comment_status":"closed","ping_status":"closed","template":"","meta":{"footnotes":""},"categories":[],"tags":[],"class_list":["post-3531","page","type-page","status-publish","hentry"],"_links":{"self":[{"href":"https:\/\/schulebza.de\/gymnasium\/wp-json\/wp\/v2\/pages\/3531","targetHints":{"allow":["GET"]}}],"collection":[{"href":"https:\/\/schulebza.de\/gymnasium\/wp-json\/wp\/v2\/pages"}],"about":[{"href":"https:\/\/schulebza.de\/gymnasium\/wp-json\/wp\/v2\/types\/page"}],"author":[{"embeddable":true,"href":"https:\/\/schulebza.de\/gymnasium\/wp-json\/wp\/v2\/users\/1"}],"replies":[{"embeddable":true,"href":"https:\/\/schulebza.de\/gymnasium\/wp-json\/wp\/v2\/comments?post=3531"}],"version-history":[{"count":10,"href":"https:\/\/schulebza.de\/gymnasium\/wp-json\/wp\/v2\/pages\/3531\/revisions"}],"predecessor-version":[{"id":6889,"href":"https:\/\/schulebza.de\/gymnasium\/wp-json\/wp\/v2\/pages\/3531\/revisions\/6889"}],"wp:attachment":[{"href":"https:\/\/schulebza.de\/gymnasium\/wp-json\/wp\/v2\/media?parent=3531"}],"wp:term":[{"taxonomy":"category","embeddable":true,"href":"https:\/\/schulebza.de\/gymnasium\/wp-json\/wp\/v2\/categories?post=3531"},{"taxonomy":"post_tag","embeddable":true,"href":"https:\/\/schulebza.de\/gymnasium\/wp-json\/wp\/v2\/tags?post=3531"}],"curies":[{"name":"wp","href":"https:\/\/api.w.org\/{rel}","templated":true}]}}