{"id":3473,"date":"2019-03-30T19:26:38","date_gmt":"2019-03-30T18:26:38","guid":{"rendered":"http:\/\/schulebza.de\/gymnasiumneu\/?page_id=3473"},"modified":"2019-08-30T18:18:09","modified_gmt":"2019-08-30T16:18:09","slug":"moodle","status":"publish","type":"page","link":"https:\/\/schulebza.de\/gymnasium\/moodle\/","title":{"rendered":"Moodle"},"content":{"rendered":"<div><img decoding=\"async\" class=\"size-medium wp-image-3474 alignleft\" src=\"http:\/\/schulebza.de\/gymnasiumneu\/wp-content\/uploads\/2019\/03\/logo-300x88.gif\" alt=\"\" width=\"300\" height=\"88\" \/><\/div>\n<div>\n<p class=\"bodytext\">Die Lernplattform Moodle gew\u00e4hrt eine sichere und gesch\u00fctzte Lernumgebung f\u00fcr Lehrkr\u00e4fte, Sch\u00fclerinnen und Sch\u00fcler und stellt f\u00fcr unterschiedliche Lernszenarien onlinegest\u00fctztes Lernen und Zusammenarbeiten bereit.<\/p>\n<p class=\"bodytext\">Moodle unterst\u00fctzt das Lehren und Lernen\u00a0und tr\u00e4gt in einer Zeit der zunehmenden Bedeutung von digitalen Medien\u00a0zu einer\u00a0zeitgem\u00e4\u00dfen\u00a0Schul- und Unterrichtsentwicklung\u00a0bei.<\/p>\n<\/div>\n<div><div class=\"su-heading su-heading-style-default su-heading-align-center\" id=\"\" style=\"font-size:13px;margin-bottom:20px\"><div class=\"su-heading-inner\"><strong>Anmeldung und Registrierung<\/strong><\/div><\/div><\/div>\n<div><\/div>\n<div>Vor dem ersten Besuch m\u00fcssen sich die Sch\u00fclerinnen und Sch\u00fcler <a href=\"https:\/\/lms.bildung-rp.de\/useradministration\/login.php\" target=\"_blank\" rel=\"noopener noreferrer\">hier <\/a>registrieren. Eine Anleitung zur Registrierung ist <a href=\"http:\/\/schulebza.de\/gymnasiumneu\/wp-content\/uploads\/2019\/03\/Moodle_anmeldung_BZA.pdf\">hier<\/a> zu finden.<br \/>\nBitte nach erfolgter Anmeldung unbedingt <a href=\"http:\/\/schulebza.de\/gymnasiumneu\/wp-content\/uploads\/2019\/03\/Einwilligung_Eltern_Schueler_BZA.pdf\">Einverst\u00e4ndniserkl\u00e4rung<\/a> ausdrucken und im Sekretariat oder dem entsprechenden Fachlehrer abgeben.<\/div>\n<div>\n<span class=\"su-highlight\" style=\"background:#ffe599;color:#000000\">&nbsp;ACHTUNG: Die Freischaltung erfolgt erst nach Abgabe der Einverst\u00e4ndniserkl\u00e4rung!&nbsp;<\/span><div class=\"su-spacer\" style=\"height:20px\"><\/div>\n<div class=\"su-heading su-heading-style-default su-heading-align-center\" id=\"\" style=\"font-size:13px;margin-bottom:20px\"><div class=\"su-heading-inner\"><strong>Login<\/strong><\/div><\/div>\n<p>Moodle ist ein Angebot des Bildungsservers Rheinland-Pfalz und ist unter der Adresse http:\/\/www.lms.bildung-rp.de\/schulebza aufrufbar.<\/p>\n<div class=\"su-button-center\"><a href=\"http:\/\/lms.bildung-rp.de\/schulebza\" class=\"su-button su-button-style-default\" style=\"color:#444444;background-color:#cbcbcb;border-color:#a3a3a3;border-radius:5px\" target=\"_blank\" rel=\"noopener noreferrer\"><span style=\"color:#444444;padding:6px 16px;font-size:13px;line-height:20px;border-color:#dbdbdb;border-radius:5px;text-shadow:none\"><i class=\"sui sui-leanpub\" style=\"font-size:13px;color:#444444\"><\/i> Moodle-Seite \u00f6ffnen<\/span><\/a><\/div>\n<\/div>\n","protected":false},"excerpt":{"rendered":"<p>Die Lernplattform Moodle gew\u00e4hrt eine sichere und gesch\u00fctzte Lernumgebung f\u00fcr Lehrkr\u00e4fte, Sch\u00fclerinnen und Sch\u00fcler und stellt f\u00fcr unterschiedliche Lernszenarien onlinegest\u00fctztes Lernen und Zusammenarbeiten bereit. Moodle unterst\u00fctzt das Lehren und Lernen\u00a0und tr\u00e4gt in einer Zeit der zunehmenden Bedeutung von digitalen Medien\u00a0zu einer\u00a0zeitgem\u00e4\u00dfen\u00a0Schul- und Unterrichtsentwicklung\u00a0bei. Vor dem ersten Besuch m\u00fcssen sich die Sch\u00fclerinnen und Sch\u00fcler hier registrieren.&#8230;<\/p>\n<p class=\"more-link\"><a href=\"https:\/\/schulebza.de\/gymnasium\/moodle\/\" class=\"\"><span>Weiterlesen<\/span><i>&#43;<\/i><\/a><\/p>\n","protected":false},"author":1,"featured_media":0,"parent":0,"menu_order":0,"comment_status":"closed","ping_status":"closed","template":"","meta":{"footnotes":""},"categories":[],"tags":[],"class_list":["post-3473","page","type-page","status-publish","hentry"],"_links":{"self":[{"href":"https:\/\/schulebza.de\/gymnasium\/wp-json\/wp\/v2\/pages\/3473","targetHints":{"allow":["GET"]}}],"collection":[{"href":"https:\/\/schulebza.de\/gymnasium\/wp-json\/wp\/v2\/pages"}],"about":[{"href":"https:\/\/schulebza.de\/gymnasium\/wp-json\/wp\/v2\/types\/page"}],"author":[{"embeddable":true,"href":"https:\/\/schulebza.de\/gymnasium\/wp-json\/wp\/v2\/users\/1"}],"replies":[{"embeddable":true,"href":"https:\/\/schulebza.de\/gymnasium\/wp-json\/wp\/v2\/comments?post=3473"}],"version-history":[{"count":8,"href":"https:\/\/schulebza.de\/gymnasium\/wp-json\/wp\/v2\/pages\/3473\/revisions"}],"predecessor-version":[{"id":6482,"href":"https:\/\/schulebza.de\/gymnasium\/wp-json\/wp\/v2\/pages\/3473\/revisions\/6482"}],"wp:attachment":[{"href":"https:\/\/schulebza.de\/gymnasium\/wp-json\/wp\/v2\/media?parent=3473"}],"wp:term":[{"taxonomy":"category","embeddable":true,"href":"https:\/\/schulebza.de\/gymnasium\/wp-json\/wp\/v2\/categories?post=3473"},{"taxonomy":"post_tag","embeddable":true,"href":"https:\/\/schulebza.de\/gymnasium\/wp-json\/wp\/v2\/tags?post=3473"}],"curies":[{"name":"wp","href":"https:\/\/api.w.org\/{rel}","templated":true}]}}