{"id":3432,"date":"2019-03-30T18:30:45","date_gmt":"2019-03-30T17:30:45","guid":{"rendered":"http:\/\/schulebza.de\/gymnasiumneu\/?page_id=3432"},"modified":"2019-03-30T18:56:26","modified_gmt":"2019-03-30T17:56:26","slug":"freunde-des-gymnasiums-e-v","status":"publish","type":"page","link":"https:\/\/schulebza.de\/gymnasium\/freunde-des-gymnasiums-e-v\/","title":{"rendered":"Freunde des Gymnasiums e.V."},"content":{"rendered":"<p><strong>Was tun die Freunde?<\/strong><\/p>\n<p>Sie unterst\u00fctzen Sch\u00fclerinnen und Sch\u00fcler sowie die Schulgemeinschaft durch ideelle und finanzielle F\u00f6rderung in schulischen Belangen, z.B.<\/p>\n<ul>\n<li>Mitfinanzierung des Schulbusses<\/li>\n<li>Mitfinanzierung der Schulhofb\u00fchne<\/li>\n<li>finanzielle Unterst\u00fctzung von Studien- und Klassenfahrten<\/li>\n<li>Zuschuss zu Fortbildungen der Sch\u00fcler (SV-Seminare)<\/li>\n<li>Mitfinanzierung des schuleigenen Kleinbusses<\/li>\n<li>Bezuschussung des Hausaufgabenplaners<\/li>\n<li>Preise f\u00fcr den Wettbewerb \u201eSaubere Schule\u201c<\/li>\n<li>Finanzierung der AG \u201ePhysik am Samstag\u201c<\/li>\n<li>Buchpreise f\u00fcr Abiturienten<\/li>\n<li>Finanzierung der Jahresberichte<\/li>\n<\/ul>\n<p>und, und, und \u2026<\/p>\n<div>Au\u00dferdem pflegt der Verein die Kontakte von Sch\u00fclerinnen und Sch\u00fclern sowie Lehr\u00adkr\u00e4ften untereinander und zur Schule.<\/div>\n<div><\/div>\n<div>Der <strong>Jahresmindestbeitrag<\/strong> betr\u00e4gt 12,30 \u20ac, f\u00fcr Mitglieder in Berufsausbildung 6,15 \u20ac.<\/div>\n<div>\n<p><strong>Kontaktadresse:<\/strong> Freunde des Gymnasiums Bad Bergzabern e.V., Lessingstr. 24, 76887 Bad Bergzabern<\/p>\n<p><strong>Email:<\/strong> gymnasium@schulebza.de<\/p>\n<p><strong>Beitrittsformulare<\/strong> stehen hier als pdf zum\u00a0<a href=\"http:\/\/schulebza.de\/gymnasiumneu\/wp-content\/uploads\/2019\/03\/beitrittfdg.pdf\">Download<\/a> zur Verf\u00fcgung.<\/p>\n<div class=\"su-heading su-heading-style-default su-heading-align-center\" id=\"\" style=\"font-size:13px;margin-bottom:20px\"><div class=\"su-heading-inner\">Flyer<\/div><\/div>\n<p><a href=\"http:\/\/schulebza.de\/gymnasiumneu\/wp-content\/uploads\/2019\/03\/Flyer_freunde_front.png\"><img decoding=\"async\" class=\"aligncenter size-column2-1\/2 wp-image-3440\" src=\"http:\/\/schulebza.de\/gymnasiumneu\/wp-content\/uploads\/2019\/03\/Flyer_freunde_front-570x285.png\" alt=\"\" width=\"570\" height=\"285\" srcset=\"https:\/\/schulebza.de\/gymnasium\/wp-content\/uploads\/2019\/03\/Flyer_freunde_front-570x285.png 570w, https:\/\/schulebza.de\/gymnasium\/wp-content\/uploads\/2019\/03\/Flyer_freunde_front-1140x570.png 1140w\" sizes=\"(max-width: 570px) 100vw, 570px\" \/><\/a><\/p>\n<div class=\"su-heading su-heading-style-default su-heading-align-center\" id=\"\" style=\"font-size:13px;margin-bottom:20px\"><div class=\"su-heading-inner\">Vorstand<\/div><\/div>\n<p>Stand: Mai 2018<br \/>\n<div class=\"su-accordion su-u-trim\"><div class=\"su-spoiler su-spoiler-style-default su-spoiler-icon-plus su-spoiler-closed\" data-scroll-offset=\"0\" data-anchor-in-url=\"no\"><div class=\"su-spoiler-title\" tabindex=\"0\" role=\"button\"><span class=\"su-spoiler-icon\"><\/span>1. Vorsitzender<\/div><div class=\"su-spoiler-content su-u-clearfix su-u-trim\">Ehrhardt, Rainer<\/div><\/div>\n<div class=\"su-spoiler su-spoiler-style-default su-spoiler-icon-plus su-spoiler-closed\" data-scroll-offset=\"0\" data-anchor-in-url=\"no\"><div class=\"su-spoiler-title\" tabindex=\"0\" role=\"button\"><span class=\"su-spoiler-icon\"><\/span>2. Vorsitzende<\/div><div class=\"su-spoiler-content su-u-clearfix su-u-trim\">Imhoff, Daniela<\/div><\/div>\n<div class=\"su-spoiler su-spoiler-style-default su-spoiler-icon-plus su-spoiler-closed\" data-scroll-offset=\"0\" data-anchor-in-url=\"no\"><div class=\"su-spoiler-title\" tabindex=\"0\" role=\"button\"><span class=\"su-spoiler-icon\"><\/span>Schriftf\u00fchrerin<\/div><div class=\"su-spoiler-content su-u-clearfix su-u-trim\">Rohde, B\u00e4rbel<\/div><\/div>\n<div class=\"su-spoiler su-spoiler-style-default su-spoiler-icon-plus su-spoiler-closed\" data-scroll-offset=\"0\" data-anchor-in-url=\"no\"><div class=\"su-spoiler-title\" tabindex=\"0\" role=\"button\"><span class=\"su-spoiler-icon\"><\/span>Schatzmeister<\/div><div class=\"su-spoiler-content su-u-clearfix su-u-trim\">Hermes, Andreas<\/div><\/div>\n<div class=\"su-spoiler su-spoiler-style-default su-spoiler-icon-plus su-spoiler-closed\" data-scroll-offset=\"0\" data-anchor-in-url=\"no\"><div class=\"su-spoiler-title\" tabindex=\"0\" role=\"button\"><span class=\"su-spoiler-icon\"><\/span>Beisitzer<\/div><div class=\"su-spoiler-content su-u-clearfix su-u-trim\">Dr. Endrulat, Bastian<br \/>\nFremgen, Bernd<br \/>\nSchmidt, Theodor<\/div><\/div>\n<div class=\"su-spoiler su-spoiler-style-default su-spoiler-icon-plus su-spoiler-closed\" data-scroll-offset=\"0\" data-anchor-in-url=\"no\"><div class=\"su-spoiler-title\" tabindex=\"0\" role=\"button\"><span class=\"su-spoiler-icon\"><\/span>Schulleiter, kooptiert<\/div><div class=\"su-spoiler-content su-u-clearfix su-u-trim\">Allmann, Peter<\/div><\/div>\n<div class=\"su-spoiler su-spoiler-style-default su-spoiler-icon-plus su-spoiler-closed\" data-scroll-offset=\"0\" data-anchor-in-url=\"no\"><div class=\"su-spoiler-title\" tabindex=\"0\" role=\"button\"><span class=\"su-spoiler-icon\"><\/span>Kassenpr\u00fcfer<\/div><div class=\"su-spoiler-content su-u-clearfix su-u-trim\">Faber, Wolfgang<br \/>\nHerzog, Rolf<\/div><\/div>\n<\/div>\n<div class=\"su-heading su-heading-style-default su-heading-align-center\" id=\"\" style=\"font-size:13px;margin-bottom:20px\"><div class=\"su-heading-inner\">Gr\u00fcndung des F\u00f6rdervereins <b>\u201eVereinigung der Freunde des Gymnasiums\u201c 1972<\/b><\/div><\/div>\n<ul>\n<li><b>Aufbruchstimmung<\/b><\/li>\n<\/ul>\n<p>1972 \u2013 das war das Jahr, als die Postleitzahl von Bad Bergzabern noch vier- und die Telefonnummern noch dreistellig waren. Aufbruchstimmung herrschte im noch jungen Gym\u00adnasium und seinem Neubau auf freiem Feld im S\u00fcden der Stadt. Der Schulleiter Dr. Klaus H\u00f6rner war noch kein Jahr im Amt, gerade mal sechs Abiturjahrg\u00e4nge hatten die Schule verlassen. Die Gemeinsame Orientierungsstufe und das bilinguale Angebot befanden sich im Versuchsstadium; eine Realschulklasse als Au\u00dfenstelle von Annweiler bildete den Kern f\u00fcr die bevorstehende Gr\u00fcndung der hiesigen Realschule. Ein Sprachlabor &#8211; heute l\u00e4ngst der Vergessenheit anheimgefallen \u2013 war als neueste p\u00e4dagogische Errungenschaft im Erweiterungsbau des aus allen N\u00e4hten platzenden Gymnasiums eingerichtet worden; die neue B\u00fccherei sollte die Oberstufe zum wissenschaftlichen Arbeiten anregen. Am p\u00e4dagogischen Horizont tauchte die Idee des Schulzentrums auf, in dem sogar ein Kindergarten Aufnahme finden sollte. Die Kooperation war noch nicht aus der Taufe gehoben, die Mainzer Studienstufe noch nicht bis in den Zollgrenzbezirk vorgedrungen: Erst 1974 war\u2019s so weit.<div class=\"su-expand su-expand-collapsed su-expand-link-style-default\" data-height=\"100\"><div class=\"su-expand-content su-u-trim\" style=\"color:#333333;max-height:100px;overflow:hidden\">\n<ul>\n<li><b>Die Idee<\/b><\/li>\n<\/ul>\n<p>Oberstudiendirektor Dr. Klaus H\u00f6rner, im Vorjahr erst aus dem Kollegium heraus zum Schulleiter ernannt und deshalb auch mit der Schulsituation in und um Bad Berg\u00adza\u00adbern vertraut, hatte die Initiative zur Gr\u00fcndung des F\u00f6rdervereins ergriffen und war auf<i> \u201espontanen Anklang\u201c<b>[1]<\/b><\/i> getroffen, wie Renate Bissantz-Moster berichtete. Offensichtlich hatten sich hier zwei Gleichgesinnte gefunden. Als man dann daran ging, die Idee in die n\u00f6tige gemeinn\u00fctzige (Vereins-)Form zu bringen, suchten die Initiatoren in der n\u00e4heren und weiteren Umgebung vergebens nach einem geeigneten Vorbild. Die \u201eechte B\u00fcrgerinitiative\u201c, wie sie der damalige Elternbeiratsvorsitzende Wolfgang Heintz bezeichnete, fand nirgends einen Verein, der es sich in gleicher Weise zur Aufgabe gemacht h\u00e4tte, <i>\u201edie Verbindung der ehemaligen Sch\u00fclerinnen und Sch\u00fcler unterein\u00adander und mit der Schule\u201c<\/i> herzustellen und zu pflegen <i>\u201eund zum anderen Schule und Sch\u00fcler nach besten M\u00f6glichkeiten auch finanziell (zu) unterst\u00fctzen\u201c<b>[2]<\/b><\/i>.<\/p>\n<ul>\n<li><b>Die Gr\u00fcndung der Vereinigung<\/b><\/li>\n<\/ul>\n<p>Dies waren die Zielsetzungen, die die Erste Vorsitzende Renate Bissantz-Moster am 29. April des Gr\u00fcndungsjahres 1972 beim ersten Schultreffen in ihrer Ansprache formulierte und die mittlerweile durch den Juristen Ludwig Hund auch in der Satzung des Vereins festgeschrieben worden waren. Am 26. Januar war diese durch die versammelten 30 Gr\u00fcndungsmitglieder \u2013 ehemalige Sch\u00fclerinnen und Sch\u00fcler &#8211; verabschiedet und damit die Gr\u00fcndung der \u201eVereinigung der Freunde des Gymnasiums\u201c auch formal vollzogen worden.<\/p>\n<ul>\n<li><b>Der erste Vorstand<\/b><\/li>\n<\/ul>\n<p>Dem gew\u00e4hlten Vorstand geh\u00f6rten Renate Bissantz-Moster als Vorsitzende und Walter Trinkel als ihr Stellvertreter an, Hans Roland Baum war Schriftf\u00fchrer, zum Rechner wurde Wolfgang Faber gew\u00e4hlt, als Beisitzer fungierten Reinhard Stamm, Susanne Bauer, Gudrun Wagner-Linsel und Anni Wagner-V\u00f6lbel.<\/p>\n<ul>\n<li><b>Das erste Schultreffen<\/b><\/li>\n<\/ul>\n<p>Bald nach der Wahl folgte das erste Schultreffen; es war das erste \u201e<i>in der Geschichte der h\u00f6heren Lehranstalt<\/i>\u201c<strong>[3]<\/strong>, wie die Chronik der Vereinigung nicht ohne Stolz mitteilt. Ein Festakt in der Aula, Jahrgangstreffen in verschiedenen Lokalen der Stadt und ein Ball in den R\u00e4umen des Kurhotels Westenh\u00f6fer f\u00fchrte ca. 360 \u201eDamen und Herren\u201c zusammen \u2013 850 Adressen von Ehemaligen waren teilweise m\u00fchsam ausfindig gemacht, die Ehemaligen angeschrieben worden. Viele von ihnen traten der Vereinigung bei, denn der 1. Jahresbericht der Vereinigung weist am Ende des folgenden Schuljahres bereits rund 270 Mitglieder auf<strong>[4]<\/strong>, zwei Jahre sp\u00e4ter waren es mehr als 300.<\/p>\n<ul>\n<li><b>Eine <\/b><b>neue Aufgabe<\/b><\/li>\n<\/ul>\n<p>In der eigens zum ersten Treffen der Ehemaligen aufgelegten Festschrift bringt Claus Lammering, Student an der Universit\u00e4t Mainz, unter der provokanten Fragestellung \u201eVereinsmeierei oder Verantwortung?\u201c ein zus\u00e4tzliches, drittes Aufgabenfeld f\u00fcr die Vereinigung ins Spiel: Neben die Kontaktpflege der Ehemaligen und die finanzielle Unterst\u00fctzung der Schule sollte die <i>\u201eBerufsberatung durch ehemalige Sch\u00fcler in Konkurrenz zur staatlichen Berufsberatung \u2026 frei von wirtschaftlichen, staatlichen und politischen Interessen\u201c<b>[5]<\/b><\/i> treten.<\/p>\n<p>Der Gedanke wurde aufgegriffen und rund zwei Jahre sp\u00e4ter in die Tat umgesetzt: Am 4. Mai 1974 <i>\u201eberichteten Studenten und bereits im Beruf stehende Ehemalige und Freunde \u00fcber alles Wissenswerte aus ihrem Beruf und Studium\u201c<\/i>. Es beteiligten sich Dr. Seu\u00df von der Frankfurter Allgemeinen Zeitung (Zeitungswissenschaften, Volks- und Betriebswirtschaft), Alexander Burckhart (Zahnmedizin), Dr. Rolf Kilian (Chemieberufe), Walter Ringshauser (Bundeswehr), Jutta Rieger (Lehramtsstudium f\u00fcr Anglistik und Sport), Elvira G\u00e4rtner (Grundschulp\u00e4dagogik).<\/p>\n<ul>\n<li><b>Neue Mitglieder<\/b><\/li>\n<\/ul>\n<p>Am Rande sei erw\u00e4hnt, dass keine f\u00fcnf Wochen nach der ersten Berufsberatung die Klasse 13c \u2013 Klassenleiter war Studienrat Horst Ro\u00dfbach \u2013 <i>\u201ew\u00e4hrend eines feucht\u00adfr\u00f6hlichen Beisammenseins geschlossen ihren Beitritt zur Vereinigung der Freunde erkl\u00e4rt hat.<b>[6]<\/b>\u201c<\/i> 13 Abiturienten waren der Begeisterungsf\u00e4higkeit ihres Klassenlehrers erlegen, wie Frau Bis\u00adsantz-Moster freudig \u00fcberrascht feststellte \u2013 oder besser: vermutete.<\/p>\n<ul>\n<li><b>Ein Schullandheim in den Vogesen<\/b><\/li>\n<\/ul>\n<p>Ein ungew\u00f6hnliches Vorhaben scheiterte, bevor es begonnen hatte. Oberstudiendirektor Dr. Klaus H\u00f6rner hatte die Vereinigung im Herbst 1972 gebeten, an der Planung und Errichtung eines Schullandheimes in den Vogesen mitzuarbeiten[7]. Im Gegenzug sollte die Einrichtung Ehemaligen w\u00e4hrend der Ferien zur Verf\u00fcgung stehen. Deutschen allerdings, und das machte die Pl\u00e4ne zunichte, war es damals verboten, in den Vogesen Grundst\u00fccke zu erwerben. Die Nordseeinsel F\u00f6hr bzw. die dortige Jugendherberge wurde deshalb f\u00fcr viele Jahre und f\u00fcr viele Sch\u00fclerjahrg\u00e4nge zum attraktiven, aber weit entfernten Ersatzziel.<\/p>\n<ul>\n<li><b>Unterst\u00fctzung der Schule und der Sch\u00fcler<\/b><\/li>\n<\/ul>\n<p>Die B\u00e4lle im Kurhotel Westenh\u00f6fer, im Parkhotel oder in den S\u00fcdpfalzterrassen in Gleiszellen geh\u00f6ren heute der Vergangenheit an. In den Anfangsjahren dienten sie \u00fcber den gesellschaftlichen Anlass des Wiedersehens und der Kontaktpflege der Ehemaligen hinaus der Mitgliederwerbung. Nur so war \u2013 und ist \u2013 die zweite Zielsetzung zu erreichen, n\u00e4mlich die Schule bzw. die Sch\u00fclerinnen und Sch\u00fcler finanziell zu unterst\u00fctzen. Die Vereinigung tritt grunds\u00e4tzlich in den F\u00e4llen ein, wo der Schultr\u00e4ger notwendige oder sinnvolle Ausgaben nicht \u00fcbernehmen kann oder darf; Preise bei den Abiturfeiern f\u00fcr besondere Leistungen oder vorbildliches Verhalten geh\u00f6ren mittlerweile ebenso zu den Leistungen der Freunde wie die Finanzierung von Schulschriften oder \u2013 unter bestimmten Voraussetzungen \u2013 Zusch\u00fcsse f\u00fcr Schulveranstaltungen. In vielen F\u00e4llen k\u00f6nnen die Freunde auch unb\u00fcrokratische und individuelle Hilfe leisten.[8]\n<ul>\n<li><b>Quellen<\/b><b><\/b><\/li>\n<\/ul>\n<p>Neben den Ausk\u00fcnften Beteiligter wurden die folgenden Quellen herangezogen:<\/p>\n<ul>\n<li>449 Jahre H\u00f6here Lehranstalt Bad Berg\u00adzabern. Festschrift zum ersten Treffen der ehemaligen Sch\u00fclerinnen und Sch\u00fcler. Bad Bergzabern o.J. (1972)<\/li>\n<li>1. Jahresbericht der Vereinigung der Freun\u00adde des Gymnasiums. In: 136. Jahresbericht des Gymnasiums, Schuljahr 1972\/73: S. 57-69<\/li>\n<li>2. Jahresbericht der Vereinigung der Freun\u00adde des Gymnasiums. In: 137. Jahresbericht des Gymnasiums, Schuljahr 19774\/75: S. 89-100<\/li>\n<li>3. Jahresbericht der Vereinigung der Freun\u00adde des Gymnasiums. In: 138. Jahresbericht des Gymnasiums, Schuljahr 1975\/76: S. 120-147<\/li>\n<\/ul>\n<p align=\"right\">Rainer Ehrhardt<\/p>\n<p><em>Dieser R\u00fcckblick erschien am 16. April 2005 unter dem Titel\u00a0 \u201eWie es vor 33 Jahren begann\u201c als Extra-Ausgabe des Schulmitteilungsblattes \u201eNOUVELLES\u201c zur Jubil\u00e4umsfeier der \u201eFreunde des Gymnasiums.\u201c<\/em><\/p>\n<div>\n<p>&nbsp;<\/p>\n<hr align=\"left\" size=\"1\" width=\"33%\" \/>\n<div>\n[1] 1. Jahresbericht, S.58<br \/>\n[2] 1. Jahresbericht, S.60<br \/>\n[3] 1. Jahresbericht, S.64<br \/>\n[4] auf den Seiten 66 bis 71 sind die Namen und Anschriften aller damaligen Mitglieder ver\u00f6ffentlicht<br \/>\n[5] Festschrift S. 32f.<br \/>\n[6] 2. Jahresbericht, S. 93ff.<br \/>\n[7] 1. Jahresbericht, S. 64<br \/>\n[8] \u00a72 der Vereinssatzung vom 26.1.1972<\/p>\n<\/div>\n<\/div>\n<\/div><div class=\"su-expand-link su-expand-link-more\" style=\"text-align:left\"><a href=\"javascript:;\" style=\"color:#0088FF;border-color:#0088FF\"><i class=\"sui sui-check\" style=\"\" aria-label=\"\"><\/i><span style=\"border-color:#0088FF\">Mehr anzeigen<\/span><\/a><\/div><div class=\"su-expand-link su-expand-link-less\" style=\"text-align:left\"><a href=\"javascript:;\" style=\"color:#0088FF;border-color:#0088FF\"><i class=\"sui sui-remove\" style=\"\" aria-label=\"\"><\/i><span style=\"border-color:#0088FF\">Weniger anzeigen<\/span><\/a><\/div><\/div>\n<div>\n<div>\n<div class=\"su-heading su-heading-style-default su-heading-align-center\" id=\"\" style=\"font-size:13px;margin-bottom:20px\"><div class=\"su-heading-inner\">Satzung<\/div><\/div>\n<p><a href=\"http:\/\/schulebza.de\/gymnasiumneu\/wp-content\/uploads\/2019\/03\/satzungfreunde.pdf\">Hier<\/a> k\u00f6nnen Sie die Satzung als PDF herunterladen.<\/p>\n<\/div>\n<\/div>\n<\/div>\n","protected":false},"excerpt":{"rendered":"<p>Was tun die Freunde? Sie unterst\u00fctzen Sch\u00fclerinnen und Sch\u00fcler sowie die Schulgemeinschaft durch ideelle und finanzielle F\u00f6rderung in schulischen Belangen, z.B. Mitfinanzierung des Schulbusses Mitfinanzierung der Schulhofb\u00fchne finanzielle Unterst\u00fctzung von Studien- und Klassenfahrten Zuschuss zu Fortbildungen der Sch\u00fcler (SV-Seminare) Mitfinanzierung des schuleigenen Kleinbusses Bezuschussung des Hausaufgabenplaners Preise f\u00fcr den Wettbewerb \u201eSaubere Schule\u201c Finanzierung der AG&#8230;<\/p>\n<p class=\"more-link\"><a href=\"https:\/\/schulebza.de\/gymnasium\/freunde-des-gymnasiums-e-v\/\" class=\"\"><span>Weiterlesen<\/span><i>&#43;<\/i><\/a><\/p>\n","protected":false},"author":1,"featured_media":0,"parent":0,"menu_order":0,"comment_status":"closed","ping_status":"closed","template":"","meta":{"footnotes":""},"categories":[],"tags":[],"class_list":["post-3432","page","type-page","status-publish","hentry"],"_links":{"self":[{"href":"https:\/\/schulebza.de\/gymnasium\/wp-json\/wp\/v2\/pages\/3432","targetHints":{"allow":["GET"]}}],"collection":[{"href":"https:\/\/schulebza.de\/gymnasium\/wp-json\/wp\/v2\/pages"}],"about":[{"href":"https:\/\/schulebza.de\/gymnasium\/wp-json\/wp\/v2\/types\/page"}],"author":[{"embeddable":true,"href":"https:\/\/schulebza.de\/gymnasium\/wp-json\/wp\/v2\/users\/1"}],"replies":[{"embeddable":true,"href":"https:\/\/schulebza.de\/gymnasium\/wp-json\/wp\/v2\/comments?post=3432"}],"version-history":[{"count":10,"href":"https:\/\/schulebza.de\/gymnasium\/wp-json\/wp\/v2\/pages\/3432\/revisions"}],"predecessor-version":[{"id":3454,"href":"https:\/\/schulebza.de\/gymnasium\/wp-json\/wp\/v2\/pages\/3432\/revisions\/3454"}],"wp:attachment":[{"href":"https:\/\/schulebza.de\/gymnasium\/wp-json\/wp\/v2\/media?parent=3432"}],"wp:term":[{"taxonomy":"category","embeddable":true,"href":"https:\/\/schulebza.de\/gymnasium\/wp-json\/wp\/v2\/categories?post=3432"},{"taxonomy":"post_tag","embeddable":true,"href":"https:\/\/schulebza.de\/gymnasium\/wp-json\/wp\/v2\/tags?post=3432"}],"curies":[{"name":"wp","href":"https:\/\/api.w.org\/{rel}","templated":true}]}}