{"id":3405,"date":"2019-03-30T18:05:04","date_gmt":"2019-03-30T17:05:04","guid":{"rendered":"http:\/\/schulebza.de\/gymnasiumneu\/?page_id=3405"},"modified":"2022-09-01T17:22:34","modified_gmt":"2022-09-01T15:22:34","slug":"mitarbeiterinnen-und-mitarbeiter","status":"publish","type":"page","link":"https:\/\/schulebza.de\/gymnasium\/mitarbeiterinnen-und-mitarbeiter\/","title":{"rendered":"Mitarbeiterinnen und Mitarbeiter"},"content":{"rendered":"<p style=\"text-align: center;\"><strong><div class=\"su-heading su-heading-style-default su-heading-align-center\" id=\"\" style=\"font-size:13px;margin-bottom:20px\"><div class=\"su-heading-inner\">Sekretariat<\/div><\/div><\/strong><\/p>\n<p style=\"text-align: center;\">\r\n<ul id=\"amoteam-sc-team-772019504\" class=\"amoteam-sc-team amoteam-tiles amoteam-tile-style-2 amoteam-round-style \">\r\n\t<li class=\"amoteam-tiles__item \">\r\n\r\n\t\t<a class=\"amoteam-popup-link\" href=\"javascript:void(0)\" data-mfp-src=\"#amoteam-panel-772019504-12865\">\r\n\t\r\n\t\t<div class=\"amoteam-member\">\r\n\t\t\t\t\t\t\t<div class=\"amoteam-member-hover-icon \">\r\n\r\n\t\t\t\t\t\t\t\t\t<i class=\"amoteam-icon-hover-info\"><\/i>\r\n\t\t\t\t\t\t\t\t<\/div>\r\n\t\t\t\r\n\t\t\t<div class=\"amoteam-member-info amoteam-member-info--al-left \">\r\n\t\t\t\t<div class=\"amoteam-member-name amoteam-member-info__item \">Frau Bretz<\/div>\r\n\t\t\t\t\t\t\t\t<div class=\"amoteam-member-subtitle amoteam-member-info__item\">Sekretariat GOS<\/div>\r\n\t\t\t\t\t\t\t<\/div><!-- .member-info -->\r\n\r\n\t\t\t<div class=\"amoteam-member-img-wrap\">\r\n\t\t\t\t<img decoding=\"async\" class=\"amoteam-member-img\" src=\"https:\/\/schulebza.de\/gymnasium\/wp-content\/uploads\/2019\/02\/dummy_female-640x640.png\" alt=\"Frau Bretz\">\r\n\t\t\t<\/div>\r\n\t\t<\/div><!-- .member -->\r\n\r\n\t\t\t<\/a>\r\n\t\t<\/li><!-- .tiles__item -->\r\n\r\n\r\n\t<li class=\"amoteam-tiles__item \">\r\n\r\n\t\t<a class=\"amoteam-popup-link\" href=\"javascript:void(0)\" data-mfp-src=\"#amoteam-panel-772019504-12748\">\r\n\t\r\n\t\t<div class=\"amoteam-member\">\r\n\t\t\t\t\t\t\t<div class=\"amoteam-member-hover-icon \">\r\n\r\n\t\t\t\t\t\t\t\t\t<i class=\"amoteam-icon-hover-info\"><\/i>\r\n\t\t\t\t\t\t\t\t<\/div>\r\n\t\t\t\r\n\t\t\t<div class=\"amoteam-member-info amoteam-member-info--al-left \">\r\n\t\t\t\t<div class=\"amoteam-member-name amoteam-member-info__item \">Frau Lemanczyk<\/div>\r\n\t\t\t\t\t\t\t\t<div class=\"amoteam-member-subtitle amoteam-member-info__item\">Sekretariat Gymnasium<\/div>\r\n\t\t\t\t\t\t\t<\/div><!-- .member-info -->\r\n\r\n\t\t\t<div class=\"amoteam-member-img-wrap\">\r\n\t\t\t\t<img decoding=\"async\" class=\"amoteam-member-img\" src=\"https:\/\/schulebza.de\/gymnasium\/wp-content\/uploads\/2019\/02\/dummy_female-640x640.png\" alt=\"Frau Lemanczyk\">\r\n\t\t\t<\/div>\r\n\t\t<\/div><!-- .member -->\r\n\r\n\t\t\t<\/a>\r\n\t\t<\/li><!-- .tiles__item -->\r\n\r\n\r\n\t<li class=\"amoteam-tiles__item \">\r\n\r\n\t\t<a class=\"amoteam-popup-link\" href=\"javascript:void(0)\" data-mfp-src=\"#amoteam-panel-772019504-3402\">\r\n\t\r\n\t\t<div class=\"amoteam-member\">\r\n\t\t\t\t\t\t\t<div class=\"amoteam-member-hover-icon \">\r\n\r\n\t\t\t\t\t\t\t\t\t<i class=\"amoteam-icon-hover-info\"><\/i>\r\n\t\t\t\t\t\t\t\t<\/div>\r\n\t\t\t\r\n\t\t\t<div class=\"amoteam-member-info amoteam-member-info--al-left \">\r\n\t\t\t\t<div class=\"amoteam-member-name amoteam-member-info__item \">Frau Spada<\/div>\r\n\t\t\t\t\t\t\t\t<div class=\"amoteam-member-subtitle amoteam-member-info__item\">Sekretariat Gymnasium<\/div>\r\n\t\t\t\t\t\t\t<\/div><!-- .member-info -->\r\n\r\n\t\t\t<div class=\"amoteam-member-img-wrap\">\r\n\t\t\t\t<img decoding=\"async\" class=\"amoteam-member-img\" src=\"https:\/\/schulebza.de\/gymnasium\/wp-content\/uploads\/2019\/02\/dummy_female-640x640.png\" alt=\"Frau Spada\">\r\n\t\t\t<\/div>\r\n\t\t<\/div><!-- .member -->\r\n\r\n\t\t\t<\/a>\r\n\t\t<\/li><!-- .tiles__item -->\r\n\r\n<\/ul><!-- .sc-team -->\r\n<script>amoTeamVars.teamSC.push({\"type\":\"team\",\"scID\":\"#amoteam-sc-team-772019504\",\"itemWidth\":200,\"itemMargin\":20,\"align\":\"center\",\"fullWidth\":\"no\",\"panel\":\"right\"})<\/script><div class=\"amoteam-panels\">\r\n<div id=\"amoteam-panel-772019504-12865\" class=\"amoteam-panel mfp-hide amoteam-panel-align-right amoteam-panel-pf-image \"\r\n     data-align=\"right\" data-format=\"image\">\r\n\r\n\t<div class=\"amoteam-panel__header\">\r\n\r\n\t\t\r\n\r\n\t\t<button type=\"button\" class=\"amoteam-btn amoteam-btn-rc-square amoteam-btn-panel-close\" data-dismiss=\"modal\" aria-label=\"Close Panel\"><i aria-hidden=\"true\" class=\"amoteam-icon-close\"><\/i><\/button>\r\n\r\n\t\t\t\t\t\t<div class=\"amoteam-panel__img-wrap\">\r\n\t\t\t\t\t\t\t<img decoding=\"async\" class=\"amoteam-panel__img\" src=\"https:\/\/schulebza.de\/gymnasium\/wp-content\/uploads\/2019\/02\/dummy_female-640x640.png\" data-img-preloaded=\"1\" alt=\"Frau Bretz\">\r\n\t\t\t\t\t<\/div><!-- .panel__img-wrap -->\r\n\r\n\t\t\r\n\t\t<div class=\"amoteam-panel__heading\">\r\n\t\t\t<h3 class=\"amoteam-panel__title amoteam-panel__heading-item\">Frau Bretz<\/h3>\r\n\t\t\t\t\t\t<div class=\"amoteam-panel__subtitle amoteam-panel__heading-item\">Sekretariat GOS<\/div>\r\n\t\t\t\t\t<\/div>\r\n\r\n\t<\/div><!-- .panel__header -->\r\n\r\n\t<div class=\"amoteam-panel__content\">\r\n\t\t<p>Tel.: 06343 93440<br \/>\nMail: <a class=\"mailto-link\" data-enc-email=\"tlzanfvhz[at]fpuhyromn.qr\" data-wpel-link=\"ignore\"><span id=\"eeb-774944-742887\">gymnasium@schulebza.de<\/span><\/a><i class=\"eeb-encoded dashicons-before dashicons-lock\" title=\"Email encoded successfully!\"><\/i><\/p>\n\t<\/div><!-- .panel__content -->\r\n\r\n<\/div><!-- .panel -->\r\n<div id=\"amoteam-panel-772019504-12748\" class=\"amoteam-panel mfp-hide amoteam-panel-align-right amoteam-panel-pf-image \"\r\n     data-align=\"right\" data-format=\"image\">\r\n\r\n\t<div class=\"amoteam-panel__header\">\r\n\r\n\t\t\r\n\r\n\t\t<button type=\"button\" class=\"amoteam-btn amoteam-btn-rc-square amoteam-btn-panel-close\" data-dismiss=\"modal\" aria-label=\"Close Panel\"><i aria-hidden=\"true\" class=\"amoteam-icon-close\"><\/i><\/button>\r\n\r\n\t\t\t\t\t\t<div class=\"amoteam-panel__img-wrap\">\r\n\t\t\t\t\t\t\t<img decoding=\"async\" class=\"amoteam-panel__img\" src=\"https:\/\/schulebza.de\/gymnasium\/wp-content\/uploads\/2019\/02\/dummy_female-640x640.png\" data-img-preloaded=\"1\" alt=\"Frau Lemanczyk\">\r\n\t\t\t\t\t<\/div><!-- .panel__img-wrap -->\r\n\r\n\t\t\r\n\t\t<div class=\"amoteam-panel__heading\">\r\n\t\t\t<h3 class=\"amoteam-panel__title amoteam-panel__heading-item\">Frau Lemanczyk<\/h3>\r\n\t\t\t\t\t\t<div class=\"amoteam-panel__subtitle amoteam-panel__heading-item\">Sekretariat Gymnasium<\/div>\r\n\t\t\t\t\t<\/div>\r\n\r\n\t<\/div><!-- .panel__header -->\r\n\r\n\t<div class=\"amoteam-panel__content\">\r\n\t\t<p>Tel.: 06343 93440<br \/>\nMail: <a class=\"mailto-link\" data-enc-email=\"tlzanfvhz[at]fpuhyromn.qr\" data-wpel-link=\"ignore\"><span id=\"eeb-362216-640461\">gymnasium@schulebza.de<\/span><\/a><i class=\"eeb-encoded dashicons-before dashicons-lock\" title=\"Email encoded successfully!\"><\/i><\/p>\n\t<\/div><!-- .panel__content -->\r\n\r\n<\/div><!-- .panel -->\r\n<div id=\"amoteam-panel-772019504-3402\" class=\"amoteam-panel mfp-hide amoteam-panel-align-right amoteam-panel-pf-image \"\r\n     data-align=\"right\" data-format=\"image\">\r\n\r\n\t<div class=\"amoteam-panel__header\">\r\n\r\n\t\t\r\n\r\n\t\t<button type=\"button\" class=\"amoteam-btn amoteam-btn-rc-square amoteam-btn-panel-close\" data-dismiss=\"modal\" aria-label=\"Close Panel\"><i aria-hidden=\"true\" class=\"amoteam-icon-close\"><\/i><\/button>\r\n\r\n\t\t\t\t\t\t<div class=\"amoteam-panel__img-wrap\">\r\n\t\t\t\t\t\t\t<img decoding=\"async\" class=\"amoteam-panel__img\" src=\"https:\/\/schulebza.de\/gymnasium\/wp-content\/uploads\/2019\/02\/dummy_female-640x640.png\" data-img-preloaded=\"1\" alt=\"Frau Spada\">\r\n\t\t\t\t\t<\/div><!-- .panel__img-wrap -->\r\n\r\n\t\t\r\n\t\t<div class=\"amoteam-panel__heading\">\r\n\t\t\t<h3 class=\"amoteam-panel__title amoteam-panel__heading-item\">Frau Spada<\/h3>\r\n\t\t\t\t\t\t<div class=\"amoteam-panel__subtitle amoteam-panel__heading-item\">Sekretariat Gymnasium<\/div>\r\n\t\t\t\t\t<\/div>\r\n\r\n\t<\/div><!-- .panel__header -->\r\n\r\n\t<div class=\"amoteam-panel__content\">\r\n\t\t<p>Tel.: 06343 93440<br \/>\nMail: gymnasium@schulebza.de<\/p>\n\t<\/div><!-- .panel__content -->\r\n\r\n<\/div><!-- .panel --><\/div><!-- .panels -->\n<p style=\"text-align: center;\"><strong><div class=\"su-heading su-heading-style-default su-heading-align-center\" id=\"\" style=\"font-size:13px;margin-bottom:20px\"><div class=\"su-heading-inner\">Schulsozialarbeit<\/div><\/div><\/strong><\/p>\n<p style=\"text-align: center;\">\r\n<ul id=\"amoteam-sc-member-452608077\" class=\"amoteam-sc-team amoteam-tiles amoteam-tile-style-2 amoteam-round-style \">\r\n\t<li class=\"amoteam-tiles__item  amoteam-js-round-fix\">\r\n\r\n\t\t<a class=\"amoteam-popup-link\" href=\"javascript:void(0)\" data-mfp-src=\"#amoteam-panel-452608077-3420\">\r\n\t\r\n\t\t<div class=\"amoteam-member\">\r\n\t\t\t\t\t\t\t<div class=\"amoteam-member-hover-icon \">\r\n\r\n\t\t\t\t\t\t\t\t\t<i class=\"amoteam-icon-hover-info\"><\/i>\r\n\t\t\t\t\t\t\t\t<\/div>\r\n\t\t\t\r\n\t\t\t<div class=\"amoteam-member-info amoteam-member-info--al-left \">\r\n\t\t\t\t<div class=\"amoteam-member-name amoteam-member-info__item \">Martin Krisch<\/div>\r\n\t\t\t\t\t\t\t\t<div class=\"amoteam-member-subtitle amoteam-member-info__item\">Schulsozialarbeiter<\/div>\r\n\t\t\t\t\t\t\t<\/div><!-- .member-info -->\r\n\r\n\t\t\t<div class=\"amoteam-member-img-wrap\">\r\n\t\t\t\t<img decoding=\"async\" class=\"amoteam-member-img\" src=\"https:\/\/schulebza.de\/gymnasium\/wp-content\/uploads\/2019\/03\/krisch-640x480.jpg\" alt=\"Martin Krisch\">\r\n\t\t\t<\/div>\r\n\t\t<\/div><!-- .member -->\r\n\r\n\t\t\t<\/a>\r\n\t\t<\/li><!-- .tiles__item -->\r\n\r\n<\/ul><!-- .sc-team -->\r\n<script>amoTeamVars.memberSC.push({\"type\":\"member\",\"scID\":\"#amoteam-sc-member-452608077\",\"itemWidth\":200,\"itemMargin\":20,\"align\":\"center\",\"fullWidth\":\"no\",\"panel\":\"right\"})<\/script><div class=\"amoteam-panels\">\r\n<div id=\"amoteam-panel-452608077-3420\" class=\"amoteam-panel mfp-hide amoteam-panel-align-right amoteam-panel-pf-image \"\r\n     data-align=\"right\" data-format=\"image\">\r\n\r\n\t<div class=\"amoteam-panel__header\">\r\n\r\n\t\t\r\n\r\n\t\t<button type=\"button\" class=\"amoteam-btn amoteam-btn-rc-square amoteam-btn-panel-close\" data-dismiss=\"modal\" aria-label=\"Close Panel\"><i aria-hidden=\"true\" class=\"amoteam-icon-close\"><\/i><\/button>\r\n\r\n\t\t\t\t\t\t<div class=\"amoteam-panel__img-wrap\">\r\n\t\t\t\t\t\t\t<img decoding=\"async\" class=\"amoteam-panel__img\" src=\"https:\/\/schulebza.de\/gymnasium\/wp-content\/uploads\/2019\/03\/krisch-640x480.jpg\" data-img-preloaded=\"1\" alt=\"Martin Krisch\">\r\n\t\t\t\t\t<\/div><!-- .panel__img-wrap -->\r\n\r\n\t\t\r\n\t\t<div class=\"amoteam-panel__heading\">\r\n\t\t\t<h3 class=\"amoteam-panel__title amoteam-panel__heading-item\">Martin Krisch<\/h3>\r\n\t\t\t\t\t\t<div class=\"amoteam-panel__subtitle amoteam-panel__heading-item\">Schulsozialarbeiter<\/div>\r\n\t\t\t\t\t<\/div>\r\n\r\n\t<\/div><!-- .panel__header -->\r\n\r\n\t<div class=\"amoteam-panel__content\">\r\n\t\t<p>Raum O17 im Geb\u00e4ude der Realschule plus<\/p>\n<p>m.krisch@schulsozialarbeit-suew.de<\/p>\n<p><a href=\"http:\/\/www.jugend-suew.de\" target=\"_blank\" rel=\"noopener noreferrer\">Web: www.jugend-suew.de<\/a><\/p>\n<p>Tel. 06343\/989017<\/p>\n<p>Seit 2001 bin ich am Alfred-Grosser-Schulzentrum als Schulsozialarbeiter t\u00e4tig. Als Sch\u00fclerin oder Sch\u00fcler fragt ihr euch vielleicht, was die Aufgaben eines Sozialarbeiters an einer Schule sein k\u00f6nnten:<\/p>\n<ul>\n<li>Grunds\u00e4tzlich ist es meine Hauptaufgabe, euch als Sch\u00fcler zu unterst\u00fctzen, bei allen Themen, Fragen, Problemen oder Konflikten, die sich in eurem Leben ergeben und die ihr mir anvertrauen wollt.<\/li>\n<li>Schulsozialarbeit ist immer als ein freiwilliges Angebot zu verstehen, das man nutzen kann, wenn man es m\u00f6chte. Nutzen k\u00f6nnen es alle Sch\u00fclerinnen und Sch\u00fcler des Alfred-Grosser-Schulzentrums, von der GOS bis zur MSS 13.<\/li>\n<li>Ich unterliege der Schweigepflicht, das hei\u00dft, dass alle Dinge, die ihr mir erz\u00e4hlt, bei mit bleiben m\u00fcssen. Sollten andere miteinbezogen werden, geschieht das immer nur in Absprache mit euch.<\/li>\n<\/ul>\n<p><strong>Mit welchen Themen kommen Sch\u00fcler zu mir?<\/strong><\/p>\n<p>Um ein paar Beispiele zu nennen: Sch\u00fcler und Sch\u00fclerinnen kommen&#8230;<\/p>\n<ul>\n<li>wenn sie oft von Mitsch\u00fclern fertig gemacht werden.<\/li>\n<li>wenn sie etwas daf\u00fcr tun wollen, dass die Klassengemeinschaft besser wird.<\/li>\n<li>wenn sie sich Sorgen um einen\/eine Mitsch\u00fcler\/in machen.<\/li>\n<li>wenn es zu Hause nur noch Streit gibt.<\/li>\n<li>wenn sie Hilfe bei Bewerbungsschreiben brauchen.<\/li>\n<li>wenn sie sich f\u00fcr Streitschlichtung interessieren oder Streit mit einem anderen Sch\u00fcler haben.<\/li>\n<li>wenn sie sich auf Dauer von einem Lehrer ungerecht behandelt f\u00fchlen.<\/li>\n<li>wenn sie sich Unterst\u00fctzung vom Jugendamt oder einer Beratungsstelle w\u00fcnschen.<\/li>\n<\/ul>\n<p>Auch Lehrer\/innen und Eltern wenden sich an mich, wenn sie denken, dass ihr Sch\u00fcler oder ihre Tochter\/ihr Sohn in irgendeiner Weise Hilfe br\u00e4uchte oder vielleicht auch sie selbst.<\/p>\n<p><strong>Es geht aber nicht nur um Probleme!<\/strong><\/p>\n<p>Wer Interesse hat, kann sich z.B. in der Streitschlichtungs-AG, die ich gemeinsam mit einer Lehrerin anbiete oder bei meiner Kletter-AG anmelden.<br \/>\nIn verschiedenen Klassen biete ich Soziales Lernen, Projekttage f\u00fcr die Klassengemeinschaft, erlebnisp\u00e4dagogische Aktivit\u00e4ten (auch au\u00dferhalb der Schule) oder den Klassenrat an.<\/p>\n<p>Soviel erst mal als kleiner \u00dcberblick \u2013 wenn ihr noch mehr \u00fcber meine Arbeit wissen wollt oder ein eigenes Thema habt, dann schaut einfach mal in \u00a0017 (RS+Geb\u00e4ude) vorbei.<\/p>\n<p>Sollte ich gerade mal nicht da sein, k\u00f6nnt ihr auch eine Nachricht in den Briefkasten werfen. Dann melde ich mich bei euch.<\/p>\n\t<\/div><!-- .panel__content -->\r\n\r\n<\/div><!-- .panel --><\/div><!-- .panels -->\n<p style=\"text-align: center;\"><strong><div class=\"su-heading su-heading-style-default su-heading-align-center\" id=\"\" style=\"font-size:13px;margin-bottom:20px\"><div class=\"su-heading-inner\">Hausmeister<\/div><\/div><\/strong><\/p>\n<p style=\"text-align: center;\"><script>amoTeamVars.memberSC.push({\"type\":\"member\",\"scID\":\"#\",\"itemWidth\":200,\"itemMargin\":20,\"align\":\"center\",\"fullWidth\":\"no\",\"panel\":\"right\"})<\/script>\n<p style=\"text-align: center;\"><strong><div class=\"su-heading su-heading-style-default su-heading-align-center\" id=\"\" style=\"font-size:13px;margin-bottom:20px\"><div class=\"su-heading-inner\">Technischer Assistent<\/div><\/div><\/strong><\/p>\n<p style=\"text-align: center;\">\r\n<ul id=\"amoteam-sc-member-829027604\" class=\"amoteam-sc-team amoteam-tiles amoteam-tile-style-2 amoteam-round-style \">\r\n\t<li class=\"amoteam-tiles__item  amoteam-js-round-fix\">\r\n\r\n\t\t<a class=\"amoteam-popup-link\" href=\"javascript:void(0)\" data-mfp-src=\"#amoteam-panel-829027604-3412\">\r\n\t\r\n\t\t<div class=\"amoteam-member\">\r\n\t\t\t\t\t\t\t<div class=\"amoteam-member-hover-icon \">\r\n\r\n\t\t\t\t\t\t\t\t\t<i class=\"amoteam-icon-hover-info\"><\/i>\r\n\t\t\t\t\t\t\t\t<\/div>\r\n\t\t\t\r\n\t\t\t<div class=\"amoteam-member-info amoteam-member-info--al-left \">\r\n\t\t\t\t<div class=\"amoteam-member-name amoteam-member-info__item \">Andreas Schnur<\/div>\r\n\t\t\t\t\t\t\t\t<div class=\"amoteam-member-subtitle amoteam-member-info__item\">Technischer Assistent<\/div>\r\n\t\t\t\t\t\t\t<\/div><!-- .member-info -->\r\n\r\n\t\t\t<div class=\"amoteam-member-img-wrap\">\r\n\t\t\t\t<img decoding=\"async\" class=\"amoteam-member-img\" src=\"https:\/\/schulebza.de\/gymnasium\/wp-content\/uploads\/2019\/03\/IMG_5987-640x480.jpg\" alt=\"Andreas Schnur\">\r\n\t\t\t<\/div>\r\n\t\t<\/div><!-- .member -->\r\n\r\n\t\t\t<\/a>\r\n\t\t<\/li><!-- .tiles__item -->\r\n\r\n<\/ul><!-- .sc-team -->\r\n<script>amoTeamVars.memberSC.push({\"type\":\"member\",\"scID\":\"#amoteam-sc-member-829027604\",\"itemWidth\":200,\"itemMargin\":20,\"align\":\"center\",\"fullWidth\":\"no\",\"panel\":\"right\"})<\/script><div class=\"amoteam-panels\">\r\n<div id=\"amoteam-panel-829027604-3412\" class=\"amoteam-panel mfp-hide amoteam-panel-align-right amoteam-panel-pf-image \"\r\n     data-align=\"right\" data-format=\"image\">\r\n\r\n\t<div class=\"amoteam-panel__header\">\r\n\r\n\t\t\r\n\r\n\t\t<button type=\"button\" class=\"amoteam-btn amoteam-btn-rc-square amoteam-btn-panel-close\" data-dismiss=\"modal\" aria-label=\"Close Panel\"><i aria-hidden=\"true\" class=\"amoteam-icon-close\"><\/i><\/button>\r\n\r\n\t\t\t\t\t\t<div class=\"amoteam-panel__img-wrap\">\r\n\t\t\t\t\t\t\t<img decoding=\"async\" class=\"amoteam-panel__img\" src=\"https:\/\/schulebza.de\/gymnasium\/wp-content\/uploads\/2019\/03\/IMG_5987-640x480.jpg\" data-img-preloaded=\"1\" alt=\"Andreas Schnur\">\r\n\t\t\t\t\t<\/div><!-- .panel__img-wrap -->\r\n\r\n\t\t\r\n\t\t<div class=\"amoteam-panel__heading\">\r\n\t\t\t<h3 class=\"amoteam-panel__title amoteam-panel__heading-item\">Andreas Schnur<\/h3>\r\n\t\t\t\t\t\t<div class=\"amoteam-panel__subtitle amoteam-panel__heading-item\">Technischer Assistent<\/div>\r\n\t\t\t\t\t<\/div>\r\n\r\n\t<\/div><!-- .panel__header -->\r\n\r\n\t<div class=\"amoteam-panel__content\">\r\n\t\t\t<\/div><!-- .panel__content -->\r\n\r\n<\/div><!-- .panel --><\/div><!-- .panels -->\n","protected":false},"excerpt":{"rendered":"","protected":false},"author":1,"featured_media":0,"parent":0,"menu_order":0,"comment_status":"closed","ping_status":"closed","template":"","meta":{"footnotes":""},"categories":[],"tags":[],"class_list":["post-3405","page","type-page","status-publish","hentry"],"_links":{"self":[{"href":"https:\/\/schulebza.de\/gymnasium\/wp-json\/wp\/v2\/pages\/3405","targetHints":{"allow":["GET"]}}],"collection":[{"href":"https:\/\/schulebza.de\/gymnasium\/wp-json\/wp\/v2\/pages"}],"about":[{"href":"https:\/\/schulebza.de\/gymnasium\/wp-json\/wp\/v2\/types\/page"}],"author":[{"embeddable":true,"href":"https:\/\/schulebza.de\/gymnasium\/wp-json\/wp\/v2\/users\/1"}],"replies":[{"embeddable":true,"href":"https:\/\/schulebza.de\/gymnasium\/wp-json\/wp\/v2\/comments?post=3405"}],"version-history":[{"count":10,"href":"https:\/\/schulebza.de\/gymnasium\/wp-json\/wp\/v2\/pages\/3405\/revisions"}],"predecessor-version":[{"id":11813,"href":"https:\/\/schulebza.de\/gymnasium\/wp-json\/wp\/v2\/pages\/3405\/revisions\/11813"}],"wp:attachment":[{"href":"https:\/\/schulebza.de\/gymnasium\/wp-json\/wp\/v2\/media?parent=3405"}],"wp:term":[{"taxonomy":"category","embeddable":true,"href":"https:\/\/schulebza.de\/gymnasium\/wp-json\/wp\/v2\/categories?post=3405"},{"taxonomy":"post_tag","embeddable":true,"href":"https:\/\/schulebza.de\/gymnasium\/wp-json\/wp\/v2\/tags?post=3405"}],"curies":[{"name":"wp","href":"https:\/\/api.w.org\/{rel}","templated":true}]}}