{"id":3382,"date":"2019-03-30T14:55:06","date_gmt":"2019-03-30T13:55:06","guid":{"rendered":"http:\/\/schulebza.de\/gymnasiumneu\/?page_id=3382"},"modified":"2025-12-17T15:29:20","modified_gmt":"2025-12-17T14:29:20","slug":"elternvertretung","status":"publish","type":"page","link":"https:\/\/schulebza.de\/gymnasium\/elternvertretung\/","title":{"rendered":"Elternvertretung"},"content":{"rendered":"<p style=\"text-align: center;\"><strong><div class=\"su-heading su-heading-style-default su-heading-align-center\" id=\"\" style=\"font-size:13px;margin-bottom:20px\"><div class=\"su-heading-inner\">Der Schulelternbeirat<\/div><\/div><\/strong><\/p>\n<p>Das Schulgesetz garantiert den Eltern das Recht, Schule zu f\u00f6rdern und mitzugestalten.\u00a0 Dieses Recht und die daraus erwachsende Pflicht muss auch mit Leben gef\u00fcllt werden.<\/p>\n<p>Der Schulelternbeirat (SEB) ist das Bindeglied zwischen Eltern und Sch\u00fclern sowie der Schulleitung und Lehrern. Unser Ziel ist, das Gymnasium im Alfred Grosser Schulzentrum zu unterst\u00fctzen und gemeinsame L\u00f6sungen zu erarbeiten, wenn Probleme auftreten. Transparenz und Offenheit sind f\u00fcr uns unabdingbar, hierzu f\u00f6rdern wir die Kommunikation und Information.<\/p>\n<p>Elternmitbestimmung findet seinen Ausdruck in der Beteiligung an Elternabenden, Wahlen der Klassenelternbeir\u00e4te und des Schulelternbeirats, aber auch in der Mitwirkung an vielen Veranstaltungen.<\/p>\n<p><strong>Kontakt per eMail:<\/strong> <a href=\"mailto:seb@schulebza.de\">seb@schulebza.de<\/a><\/p>\n<p><strong><div class=\"su-heading su-heading-style-default su-heading-align-center\" id=\"\" style=\"font-size:13px;margin-bottom:20px\"><div class=\"su-heading-inner\">Der Schulelternbeirat 2025<\/div><\/div><\/strong><\/p>\n<p>Als Schulelternbeirat (SEB) vertreten wir die Eltern der Sch\u00fcler*innen des Gymnasiums und der GOS gegen\u00fcber der Schule, der Schulverwaltung und der \u00d6ffentlichkeit. Wir nehmen die Mitwirkungsrechte der Eltern wahr.<\/p>\n<p>Unser Schulelternbeirat hat in der aktuellen Periode 17 Mitglieder. Wir treffen uns viertelj\u00e4hrlich zu Gesamtsitzungen mit der Schulleitung und der Sch\u00fcler*innenvertretung und stehen auch dar\u00fcber hinaus in fortlaufendem Austausch mit der Schuleitung. Die Vorsitzenden des SEB nehmen an den Gesamtlehrer*innenkonferenzen teil. Der SEB stellt Vertreter*innen f\u00fcr die j\u00e4hrlichen Fachkonferenzen in allen F\u00e4chern, f\u00fcr den Schulbuchausschuss und f\u00fcr den Schulausschuss. Wir bringen uns alle aktuellen Arbeitsgruppen der Schule ein und engagieren uns zus\u00e4tzlich in den Arbeitskreisen <em>Bus &amp; Verkehr<\/em> und <em>GOS<\/em>. Bei wichtigen Schulveranstaltungen sind wir selbstverst\u00e4ndlich vertreten.<\/p>\n<p>\u00dcber Anregungen, R\u00fcckmeldungen oder Fragen freuen wir uns. Wir sind jederzeit per Mail \u00fcber seb@schulebza.de erreichbar.<\/p>\n<p><strong>Elisabeth Negwer<br \/>\n<\/strong><strong>1. Vorsitzende des SEB<\/strong><\/p>\n<p><strong>Cristin Maria Pontius<br \/>\n<\/strong><strong>2.Vorsitzende des SEB<\/strong><\/p>\n<p><strong>Rolf Reinders<br \/>\n<\/strong><strong>3. Vorsitzender des SEB<\/strong><\/p>\n<div class=\"su-heading su-heading-style-default su-heading-align-center\" id=\"\" style=\"font-size:13px;margin-bottom:20px\"><div class=\"su-heading-inner\"><strong>Schulausschuss<\/strong><\/div><\/div>\n<p>Die Vertreterinnen im Schulausschuss sind <strong>Bettina Bauer <\/strong>und <strong>Nadine Bernhart<\/strong>.<\/p>\n<div>\n<div class=\"su-heading su-heading-style-default su-heading-align-center\" id=\"\" style=\"font-size:13px;margin-bottom:20px\"><div class=\"su-heading-inner\"><strong>AK Bus und Verkehr<\/strong><\/div><\/div>\n<p>Der AK &#8211; Bus und Verkehr befasst sich im weitesten Sinne mit den Problemen auf dem Schulweg und insbesondere mit dem Sch\u00fclertransport. In der Vergangenheit wurde u. a. die Einrichtung der Fu\u00dfg\u00e4ngerampel an der Weinstra\u00dfe erreicht. Der Arbeitskreis versteht sich auch als Nahtstelle zwischen Kreisverwaltung, Busunternehmen, Sch\u00fclervertretern und regionalem Verkehrsbetrieb, bei Unregelm\u00e4\u00dfigkeiten in der Bef\u00f6rderung. Die Ausbildung von Busbegleitern (Sch\u00fcler\/innen) ist seit 2007 im Schulzentrum etabliert, vom Arbeitskreis initiiert und unterst\u00fctzt. Hier k\u00f6nnen Sie den Meldebogen bei Problemen beim Sch\u00fclertransport als pdf herunterladen.<\/p>\n<div class=\"su-heading su-heading-style-default su-heading-align-center\" id=\"\" style=\"font-size:13px;margin-bottom:20px\"><div class=\"su-heading-inner\"><strong>Arbeitskreis \u201eGemeinsame Orientierungsstufe\u201c (AK-GOS)<\/strong><\/div><\/div>\n<p>Alle Sch\u00fcler und Sch\u00fclerinnen, die in die 5. Klassen des Alfred-Grosser-Schulzentrums wechseln sind in der 5. und 6. Klasse in der sogenannten \u201eGemeinsamen Orientierungsstufe\u201c (GOS). Nach dieser Orientierungsphase wechseln einige in das Gymnasium und andere in die Realschule plus.<\/p>\n<p>Der Arbeitskreis GOS besteht aus der Schulleitung der GOS, Vertretern des Schulelternbeirates (SEB) Gymnasium und des SEB der Realschule plus. Unser besonderes Augenmerk liegt auf den Belangen der 5. und 6. Klassen als Schnittstelle zwischen der Grundschule und den weiterf\u00fchrenden Schulen. Wir bieten den Eltern, ihren Kindern und den Lehrern Unterst\u00fctzung bei \u00dcbergangs- und Eingew\u00f6hnungsschwierigkeiten an. Aber auch f\u00fcr Anregungen, positive R\u00fcckmeldungen oder Schwierigkeiten anderer Art stehen wir zur Verf\u00fcgung. Gerne erreichen Sie uns jederzeit per E-Mail unter <a href=\"mailto:AK-GOS@schulebza.de\">AK-GOS@schulebza.de<\/a>.<\/p>\n<div><div class=\"su-heading su-heading-style-default su-heading-align-center\" id=\"\" style=\"font-size:13px;margin-bottom:20px\"><div class=\"su-heading-inner\"><strong>L\u00f6sungswege bei Konflikten<\/strong><\/div><\/div><\/div>\n<p>&#8230; zwischen Eltern und Lehrkr\u00e4ften (und umgekehrt)<\/p>\n<p>Der Schulelternbeirat sowie Schulleitung und Personalrat des Alfred-Grosser-Schulzentrums m\u00f6chten bei auftretenden Konflikten zwischen Eltern und Lehrkr\u00e4ften folgenden Stufenplan eines L\u00f6sungsversuchs vorschlagen, um Frustrationen bei der Konfliktl\u00f6sung gering zu halten und zu einer f\u00fcr beide Seiten faire Kultur der Auseinandersetzung zu kommen.<\/p>\n<p>Dies soll dazu beitragen, dass f\u00fcr die Sch\u00fclerinnen modellhaft Konfliktl\u00f6sungsstrategien aufgezeigt werden, die verhindern sollen, dass<\/p>\n<ol>\n<li>Konflikte in der \u00d6ffentlichkeit ausgetragen werden,<\/li>\n<li>Konflikte zu Ger\u00fcchten werden und zur Vorurteilsbildung beitragen<\/li>\n<li>Ruf der Schule und Schulklima unter ungel\u00f6sten Konflikten leiden<\/li>\n<\/ol>\n<p>Dies bedeutet auch, dass die L\u00f6sungsverantwortung in erster Linie bei den direkt betroffenen Eltern und Lehrkr\u00e4ften liegt, weitere Stufen erst eingeschaltet werden sollen, wenn im direkten Gespr\u00e4ch keine L\u00f6sung m\u00f6glich ist. Der Kl\u00e4rungsausschuss kann nur im Falle eines Scheiterns der Beilegung eines Konflikts eingeschaltet werden. Er setzt sich zusammen aus drei Vertretern der Schulleitung \/ des Personalrats und drei Vertretern des Schuleitembeirats und trifft sich nur im Bedarfsfall. Er wird vom SEB-Sprecher im Einvernehmen mit der Schulleitung einberufen.<\/p>\n<p>Auf jeder Stufe der Konfliktl\u00f6sung sollte nach der Devise vorgegangen werden, soviel L\u00f6sungskreativit\u00e4t wie m\u00f6glich einzusetzen.<\/p>\n<ol>\n<li>Konflikte von Eltern mit einzelnen Lehrkr\u00e4ften\n<ol>\n<li>Direktes Ansprechen der Lehrkraft, Bitte um zeitnahen Kl\u00e4rungstermin<\/li>\n<li>Einschalten des\/r Klassenelternsprecherln und des\/r Klassenlehrerin<\/li>\n<li>Einschalten des Kl\u00e4rungsausschusses<\/li>\n<\/ol>\n<\/li>\n<li>Konflikte einzelner Lehrkr\u00e4fte mit Eltern<\/li>\n<li>Direktes Ansprechen der Eltern, Bitte um zeitnahen Kl\u00e4rungstermin\n<ol>\n<li>Einschalten des\/r Klassenlehrerln und des\/r Klassenelternsprecherln<\/li>\n<li>Einschalten des Kl\u00e4rungsausschusses<\/li>\n<\/ol>\n<\/li>\n<\/ol>\n<\/div>\n<div class=\"su-tabs su-tabs-style-default su-tabs-mobile-stack\" data-active=\"1\" data-scroll-offset=\"0\" data-anchor-in-url=\"no\"><div class=\"su-tabs-nav\"><span class=\"\" data-url=\"\" data-target=\"blank\" tabindex=\"0\" role=\"button\">Rechtliche Grundlagen<\/span><\/div><div class=\"su-tabs-panes\"><div class=\"su-tabs-pane su-u-clearfix su-u-trim\" data-title=\"Rechtliche Grundlagen\">\n<p><a href=\"https:\/\/eltern.bildung-rp.de\/fileadmin\/user_upload\/eltern.bildung-rp.de\/Flyer\/Flyer_in_deutsch\/Elternmitwirkung_2018.pdf\" target=\"_blank\" rel=\"noopener noreferrer\">Elternmitwirkung in Rheinland-Pfalz<\/a><\/p>\n<p><a href=\"https:\/\/eltern.bildung-rp.de\/fileadmin\/user_upload\/eltern.bildung-rp.de\/Kurzinfo\/Schule_und_Eltern_Grundlagen_der_Kooperation.pdf\" target=\"_blank\" rel=\"noopener noreferrer\">Schule und Eltern &#8211; Grundlagen der Kooperation<\/a><\/p>\n<\/div><\/div><\/div>\n","protected":false},"excerpt":{"rendered":"<p>Das Schulgesetz garantiert den Eltern das Recht, Schule zu f\u00f6rdern und mitzugestalten.\u00a0 Dieses Recht und die daraus erwachsende Pflicht muss auch mit Leben gef\u00fcllt werden. Der Schulelternbeirat (SEB) ist das Bindeglied zwischen Eltern und Sch\u00fclern sowie der Schulleitung und Lehrern. Unser Ziel ist, das Gymnasium im Alfred Grosser Schulzentrum zu unterst\u00fctzen und gemeinsame L\u00f6sungen zu&#8230;<\/p>\n<p class=\"more-link\"><a href=\"https:\/\/schulebza.de\/gymnasium\/elternvertretung\/\" class=\"\"><span>Weiterlesen<\/span><i>&#43;<\/i><\/a><\/p>\n","protected":false},"author":1,"featured_media":0,"parent":0,"menu_order":0,"comment_status":"closed","ping_status":"closed","template":"","meta":{"footnotes":""},"categories":[],"tags":[],"class_list":["post-3382","page","type-page","status-publish","hentry"],"_links":{"self":[{"href":"https:\/\/schulebza.de\/gymnasium\/wp-json\/wp\/v2\/pages\/3382","targetHints":{"allow":["GET"]}}],"collection":[{"href":"https:\/\/schulebza.de\/gymnasium\/wp-json\/wp\/v2\/pages"}],"about":[{"href":"https:\/\/schulebza.de\/gymnasium\/wp-json\/wp\/v2\/types\/page"}],"author":[{"embeddable":true,"href":"https:\/\/schulebza.de\/gymnasium\/wp-json\/wp\/v2\/users\/1"}],"replies":[{"embeddable":true,"href":"https:\/\/schulebza.de\/gymnasium\/wp-json\/wp\/v2\/comments?post=3382"}],"version-history":[{"count":10,"href":"https:\/\/schulebza.de\/gymnasium\/wp-json\/wp\/v2\/pages\/3382\/revisions"}],"predecessor-version":[{"id":13861,"href":"https:\/\/schulebza.de\/gymnasium\/wp-json\/wp\/v2\/pages\/3382\/revisions\/13861"}],"wp:attachment":[{"href":"https:\/\/schulebza.de\/gymnasium\/wp-json\/wp\/v2\/media?parent=3382"}],"wp:term":[{"taxonomy":"category","embeddable":true,"href":"https:\/\/schulebza.de\/gymnasium\/wp-json\/wp\/v2\/categories?post=3382"},{"taxonomy":"post_tag","embeddable":true,"href":"https:\/\/schulebza.de\/gymnasium\/wp-json\/wp\/v2\/tags?post=3382"}],"curies":[{"name":"wp","href":"https:\/\/api.w.org\/{rel}","templated":true}]}}