{"id":3377,"date":"2019-03-30T14:50:38","date_gmt":"2019-03-30T13:50:38","guid":{"rendered":"http:\/\/schulebza.de\/gymnasiumneu\/?page_id=3377"},"modified":"2025-12-17T15:33:11","modified_gmt":"2025-12-17T14:33:11","slug":"schuelervertretung","status":"publish","type":"page","link":"https:\/\/schulebza.de\/gymnasium\/schuelervertretung\/","title":{"rendered":"Sch\u00fclervertretung"},"content":{"rendered":"<div><strong><a href=\"https:\/\/schulebza.de\/gymnasium\/wp-content\/uploads\/2025\/12\/Schuelersprecher-2025-e1765981943848.jpg\"><img decoding=\"async\" class=\"alignleft wp-image-13863 size-medium\" src=\"https:\/\/schulebza.de\/gymnasium\/wp-content\/uploads\/2025\/12\/Schuelersprecher-2025-e1765981943848-300x212.jpg\" alt=\"\" width=\"300\" height=\"212\" srcset=\"https:\/\/schulebza.de\/gymnasium\/wp-content\/uploads\/2025\/12\/Schuelersprecher-2025-e1765981943848-300x212.jpg 300w, https:\/\/schulebza.de\/gymnasium\/wp-content\/uploads\/2025\/12\/Schuelersprecher-2025-e1765981943848-1024x724.jpg 1024w, https:\/\/schulebza.de\/gymnasium\/wp-content\/uploads\/2025\/12\/Schuelersprecher-2025-e1765981943848-768x543.jpg 768w, https:\/\/schulebza.de\/gymnasium\/wp-content\/uploads\/2025\/12\/Schuelersprecher-2025-e1765981943848.jpg 1287w\" sizes=\"(max-width: 300px) 100vw, 300px\" \/><\/a>Sch\u00fclervertretung:<\/strong><br \/>\nSch\u00fclersprecherin Elisabeth Elia<br \/>\nInnenreferent Niklas Reinders<br \/>\nAu\u00dfenreferent Raul Serban<\/div>\n<div>Kontakt:<br \/>\nTel: 06343 93 44 55<br \/>\nMail: <a href=\"mailto:sv-gym@schulebza.de\">sv-gym@schulebza.de<\/a><\/div>\n<div>Weitere Infos der SV finden sich im Instagram-Account der SV unter:<br \/>\n<img decoding=\"async\" class=\"alignleft wp-image-4707\" src=\"http:\/\/schulebza.de\/gymnasium\/wp-content\/uploads\/2019\/04\/instagram.png\" alt=\"\" width=\"16\" height=\"16\" \/> <a href=\"https:\/\/www.instagram.com\/agg.sv\/\" target=\"_blank\" rel=\"noopener noreferrer\">https:\/\/www.instagram.com\/agg.sv\/<\/a><\/div>\n<p>&nbsp;<\/p>\n<div><strong>Finanzreferent\/in:<\/strong> Jonas Cornet<br \/>\n<strong>1. Schulausschussdelegierte\/r:<\/strong> Alia V\u00f6lckel<br \/>\n<strong>2. Schulausschussdelegierte\/r: <\/strong>Selma Conrad<strong><br \/>\n3. Schulausschussdelegierte\/r:<\/strong> Konrad Izso<strong><br \/>\n1. Kreis-SV-Delegierte\/r: <\/strong>Lea Schrumpf<strong><br \/>\n2. Kreis-SV-Delegierte\/r:<\/strong> Lea Becht<strong><br \/>\n<\/strong><strong>Wasserspenderhygienebeauftragte\/r: <\/strong>Bastian Beck<br \/>\n<strong>Wasserkocher\/Mikrowellenbeauftragte\/r:<\/strong> Tilda Conrad (Mensa AK)<\/div>\n<div><\/div>\n<p>&nbsp;<\/p>\n<div><strong>Stufensprecher\/innen (und Stellvertreter\/innen):<br \/>\n<\/strong>Klassenstufe 7: Nihan Esen<br \/>\nKlassenstufe 8: Eleonore Elia, Luisa Bevier<br \/>\nKlassenstufe 9: Susanna Stivy, Tilda Conrad<br \/>\nKlassenstufe 10: Max Oppermann<br \/>\nKlassenstufe 11: Eliza Vostretsov, Lilli Jochem<br \/>\nKlassenstufe 12: Alia V\u00f6lckel, Selma Conrad<br \/>\nKlassenstufe 13: Lelia Schenk, Madeline Schurig<\/div>\n<div><\/div>\n<p>&nbsp;<\/p>\n<div><strong>AK-Leiter\/innen \/ \u00c4mter:<\/strong><\/div>\n<div>Filmabend AK: Bakhtawar Baig<br \/>\nSchule gegen Rassismus AK: Konrad Izso<br \/>\nNikolaus AK: Celma Conrad, Alia V\u00f6lckel, Luca Memmer<br \/>\nValentinstag AK: Celma Conrad, Alia V\u00f6lckel, Luca Memmer<br \/>\nOster AK: Celma Conrad, Alia V\u00f6lckel, Luca Memmer<br \/>\nSport AK: Lea Schrumpf, Lilli Jochem<br \/>\nAnti-Mobbing AK: Nihan Esen<br \/>\nSchulhofgestaltungs AK: Lilli Jochem, Lea Schrumpf, Eliza Vostretsov<br \/>\nSch\u00fclerhilfe AK: Lea Becht<br \/>\nTamponautomat: Hannah Fichtm\u00fcller<br \/>\nMensa AK: Tilda Conrad<br \/>\nMerch AK: Raul Serban<\/p>\n<div dir=\"auto\">\n<p><strong>Fachkonferenzbeauftragte:<br \/>\n<\/strong>Block 1 (Geschichte, Erdkunde, Sozialkunde, Religion, Ethik): Selma Conrad, Lana Busch, Finn Medart<br \/>\nBlock 2 (Sport, Kunst, Musik, Informatik): Bakhtawar Baig, Niklas Reinders<br \/>\nBlock 3 (Deutsch, Franz\u00f6sisch, Englisch, Latein, Spanisch): Raul Serban, Konrad Izso<br \/>\nBlock 4 (Mathe, Physik, Chemie, Biologie): Madeline Schurzg, Lelia Schenk<\/p>\n<\/div>\n<\/div>\n","protected":false},"excerpt":{"rendered":"<p>Sch\u00fclervertretung: Sch\u00fclersprecherin Elisabeth Elia Innenreferent Niklas Reinders Au\u00dfenreferent Raul Serban Kontakt: Tel: 06343 93 44 55 Mail: sv-gym@schulebza.de Weitere Infos der SV finden sich im Instagram-Account der SV unter: https:\/\/www.instagram.com\/agg.sv\/ &nbsp; Finanzreferent\/in: Jonas Cornet 1. Schulausschussdelegierte\/r: Alia V\u00f6lckel 2. Schulausschussdelegierte\/r: Selma Conrad 3. Schulausschussdelegierte\/r: Konrad Izso 1. Kreis-SV-Delegierte\/r: Lea Schrumpf 2. Kreis-SV-Delegierte\/r: Lea Becht Wasserspenderhygienebeauftragte\/r:&#8230;<\/p>\n<p class=\"more-link\"><a href=\"https:\/\/schulebza.de\/gymnasium\/schuelervertretung\/\" class=\"\"><span>Weiterlesen<\/span><i>&#43;<\/i><\/a><\/p>\n","protected":false},"author":1,"featured_media":0,"parent":0,"menu_order":0,"comment_status":"closed","ping_status":"closed","template":"","meta":{"footnotes":""},"categories":[],"tags":[],"class_list":["post-3377","page","type-page","status-publish","hentry"],"_links":{"self":[{"href":"https:\/\/schulebza.de\/gymnasium\/wp-json\/wp\/v2\/pages\/3377","targetHints":{"allow":["GET"]}}],"collection":[{"href":"https:\/\/schulebza.de\/gymnasium\/wp-json\/wp\/v2\/pages"}],"about":[{"href":"https:\/\/schulebza.de\/gymnasium\/wp-json\/wp\/v2\/types\/page"}],"author":[{"embeddable":true,"href":"https:\/\/schulebza.de\/gymnasium\/wp-json\/wp\/v2\/users\/1"}],"replies":[{"embeddable":true,"href":"https:\/\/schulebza.de\/gymnasium\/wp-json\/wp\/v2\/comments?post=3377"}],"version-history":[{"count":10,"href":"https:\/\/schulebza.de\/gymnasium\/wp-json\/wp\/v2\/pages\/3377\/revisions"}],"predecessor-version":[{"id":13865,"href":"https:\/\/schulebza.de\/gymnasium\/wp-json\/wp\/v2\/pages\/3377\/revisions\/13865"}],"wp:attachment":[{"href":"https:\/\/schulebza.de\/gymnasium\/wp-json\/wp\/v2\/media?parent=3377"}],"wp:term":[{"taxonomy":"category","embeddable":true,"href":"https:\/\/schulebza.de\/gymnasium\/wp-json\/wp\/v2\/categories?post=3377"},{"taxonomy":"post_tag","embeddable":true,"href":"https:\/\/schulebza.de\/gymnasium\/wp-json\/wp\/v2\/tags?post=3377"}],"curies":[{"name":"wp","href":"https:\/\/api.w.org\/{rel}","templated":true}]}}