{"id":12891,"date":"2024-02-14T15:37:26","date_gmt":"2024-02-14T14:37:26","guid":{"rendered":"https:\/\/schulebza.de\/gymnasium\/?page_id=12891"},"modified":"2024-02-14T15:42:44","modified_gmt":"2024-02-14T14:42:44","slug":"der-kirschbaum","status":"publish","type":"page","link":"https:\/\/schulebza.de\/gymnasium\/der-kirschbaum\/","title":{"rendered":"Der Kirschbaum"},"content":{"rendered":"<p style=\"text-align: center;\"><strong>Der Kirschbaum<\/strong><\/p>\n<p style=\"text-align: center;\">(<em>Prunus spec.<\/em>)<\/p>\n<p>&nbsp;<\/p>\n<p>Familie: <em>\u00a0\u00a0\u00a0\u00a0\u00a0\u00a0\u00a0\u00a0\u00a0\u00a0\u00a0\u00a0\u00a0\u00a0\u00a0\u00a0\u00a0\u00a0\u00a0 <\/em>Rosengew\u00e4chse<em> (Rosaceae)<\/em><\/p>\n<p>&nbsp;<\/p>\n<p>Herkunft: \u00a0\u00a0\u00a0\u00a0\u00a0\u00a0\u00a0\u00a0\u00a0\u00a0\u00a0\u00a0\u00a0\u00a0\u00a0\u00a0\u00a0 einheimisch<\/p>\n<p>&nbsp;<\/p>\n<p>Bl\u00e4tter: \u00a0\u00a0\u00a0\u00a0\u00a0\u00a0\u00a0\u00a0\u00a0\u00a0\u00a0\u00a0\u00a0\u00a0\u00a0\u00a0\u00a0\u00a0\u00a0\u00a0\u00a0 gr\u00fcn, oval, fein gezackt<\/p>\n<p>&nbsp;<\/p>\n<p>Wuchsh\u00f6he: \u00a0\u00a0\u00a0\u00a0\u00a0\u00a0\u00a0\u00a0\u00a0\u00a0\u00a0 bis zu 20 m hoch<\/p>\n<p>&nbsp;<\/p>\n<p>Fr\u00fcchte: \u00a0\u00a0\u00a0\u00a0\u00a0\u00a0\u00a0\u00a0\u00a0\u00a0\u00a0\u00a0\u00a0\u00a0\u00a0\u00a0\u00a0\u00a0\u00a0 Kirsche \u2013 eine Steinfrucht mit s\u00fc\u00df schmeckendem Fruchtfleisch<\/p>\n<p>&nbsp;<\/p>\n<p>Rinde: \u00a0\u00a0\u00a0\u00a0\u00a0\u00a0\u00a0\u00a0\u00a0\u00a0\u00a0\u00a0\u00a0\u00a0\u00a0\u00a0\u00a0\u00a0\u00a0\u00a0\u00a0\u00a0 r\u00f6tlich grau mit erkennbarer Querstreifung<\/p>\n<p>&nbsp;<\/p>\n<p>Besonderheiten: \u00a0\u00a0\u00a0\u00a0 Die Krone der Kirsche kann sehr ausladend wachsen.<\/p>\n<p>Das Holz ist r\u00f6tlich braun und beliebt f\u00fcr die Herstellung von Holzobjekten und M\u00f6belst\u00fccken.<\/p>\n<p>&nbsp;<\/p>\n<p>&nbsp;<\/p>\n<p>Lenia Sprenger, Ella Hirsch (5m)<\/p>\n<p><a href=\"https:\/\/schulebza.de\/gymnasium\/baumlehrpfad\/\">Zur\u00fcck zum Baumlehrpfad<\/a><\/p>\n","protected":false},"excerpt":{"rendered":"<p>Der Kirschbaum (Prunus spec.) &nbsp; Familie: \u00a0\u00a0\u00a0\u00a0\u00a0\u00a0\u00a0\u00a0\u00a0\u00a0\u00a0\u00a0\u00a0\u00a0\u00a0\u00a0\u00a0\u00a0\u00a0 Rosengew\u00e4chse (Rosaceae) &nbsp; Herkunft: \u00a0\u00a0\u00a0\u00a0\u00a0\u00a0\u00a0\u00a0\u00a0\u00a0\u00a0\u00a0\u00a0\u00a0\u00a0\u00a0\u00a0 einheimisch &nbsp; Bl\u00e4tter: \u00a0\u00a0\u00a0\u00a0\u00a0\u00a0\u00a0\u00a0\u00a0\u00a0\u00a0\u00a0\u00a0\u00a0\u00a0\u00a0\u00a0\u00a0\u00a0\u00a0\u00a0 gr\u00fcn, oval, fein gezackt &nbsp; Wuchsh\u00f6he: \u00a0\u00a0\u00a0\u00a0\u00a0\u00a0\u00a0\u00a0\u00a0\u00a0\u00a0 bis zu 20 m hoch &nbsp; Fr\u00fcchte: \u00a0\u00a0\u00a0\u00a0\u00a0\u00a0\u00a0\u00a0\u00a0\u00a0\u00a0\u00a0\u00a0\u00a0\u00a0\u00a0\u00a0\u00a0\u00a0 Kirsche \u2013 eine Steinfrucht mit s\u00fc\u00df schmeckendem Fruchtfleisch &nbsp; Rinde: \u00a0\u00a0\u00a0\u00a0\u00a0\u00a0\u00a0\u00a0\u00a0\u00a0\u00a0\u00a0\u00a0\u00a0\u00a0\u00a0\u00a0\u00a0\u00a0\u00a0\u00a0\u00a0 r\u00f6tlich grau mit erkennbarer Querstreifung &nbsp; Besonderheiten: \u00a0\u00a0\u00a0\u00a0 Die Krone der Kirsche kann&#8230;<\/p>\n<p class=\"more-link\"><a href=\"https:\/\/schulebza.de\/gymnasium\/der-kirschbaum\/\" class=\"\"><span>Weiterlesen<\/span><i>&#43;<\/i><\/a><\/p>\n","protected":false},"author":1,"featured_media":0,"parent":0,"menu_order":0,"comment_status":"closed","ping_status":"closed","template":"","meta":{"footnotes":""},"categories":[],"tags":[],"class_list":["post-12891","page","type-page","status-publish","hentry"],"_links":{"self":[{"href":"https:\/\/schulebza.de\/gymnasium\/wp-json\/wp\/v2\/pages\/12891","targetHints":{"allow":["GET"]}}],"collection":[{"href":"https:\/\/schulebza.de\/gymnasium\/wp-json\/wp\/v2\/pages"}],"about":[{"href":"https:\/\/schulebza.de\/gymnasium\/wp-json\/wp\/v2\/types\/page"}],"author":[{"embeddable":true,"href":"https:\/\/schulebza.de\/gymnasium\/wp-json\/wp\/v2\/users\/1"}],"replies":[{"embeddable":true,"href":"https:\/\/schulebza.de\/gymnasium\/wp-json\/wp\/v2\/comments?post=12891"}],"version-history":[{"count":2,"href":"https:\/\/schulebza.de\/gymnasium\/wp-json\/wp\/v2\/pages\/12891\/revisions"}],"predecessor-version":[{"id":12896,"href":"https:\/\/schulebza.de\/gymnasium\/wp-json\/wp\/v2\/pages\/12891\/revisions\/12896"}],"wp:attachment":[{"href":"https:\/\/schulebza.de\/gymnasium\/wp-json\/wp\/v2\/media?parent=12891"}],"wp:term":[{"taxonomy":"category","embeddable":true,"href":"https:\/\/schulebza.de\/gymnasium\/wp-json\/wp\/v2\/categories?post=12891"},{"taxonomy":"post_tag","embeddable":true,"href":"https:\/\/schulebza.de\/gymnasium\/wp-json\/wp\/v2\/tags?post=12891"}],"curies":[{"name":"wp","href":"https:\/\/api.w.org\/{rel}","templated":true}]}}