{"id":12881,"date":"2024-02-14T15:34:14","date_gmt":"2024-02-14T14:34:14","guid":{"rendered":"https:\/\/schulebza.de\/gymnasium\/?page_id=12881"},"modified":"2024-02-14T15:43:44","modified_gmt":"2024-02-14T14:43:44","slug":"der-amberbaum","status":"publish","type":"page","link":"https:\/\/schulebza.de\/gymnasium\/der-amberbaum\/","title":{"rendered":"Der Amberbaum"},"content":{"rendered":"<p style=\"text-align: center;\"><strong>Der Amerikanische Amberbaum<\/strong><\/p>\n<p style=\"text-align: center;\">(<em>Liquidambar styraciflua<\/em>)<\/p>\n<p>&nbsp;<\/p>\n<p>Familie: \u00a0\u00a0\u00a0\u00a0\u00a0\u00a0\u00a0\u00a0\u00a0\u00a0\u00a0\u00a0\u00a0\u00a0\u00a0\u00a0\u00a0\u00a0\u00a0 <em>Altingiaceae<\/em><\/p>\n<p>&nbsp;<\/p>\n<p>Herkunft: \u00a0\u00a0\u00a0\u00a0\u00a0\u00a0\u00a0\u00a0\u00a0\u00a0\u00a0\u00a0\u00a0\u00a0\u00a0\u00a0\u00a0 Nordamerika<\/p>\n<p>&nbsp;<\/p>\n<p>Bl\u00e4tter: \u00a0\u00a0\u00a0\u00a0\u00a0\u00a0\u00a0\u00a0\u00a0\u00a0\u00a0\u00a0\u00a0\u00a0\u00a0\u00a0\u00a0\u00a0\u00a0\u00a0\u00a0 gelappt, ahorn\u00e4hnlich, sch\u00f6ne Herbstfarben (gelb, orange, rot)<\/p>\n<p>&nbsp;<\/p>\n<p>Wuchsh\u00f6he: \u00a0\u00a0\u00a0\u00a0\u00a0\u00a0\u00a0\u00a0\u00a0\u00a0\u00a0 in Europa 10 &#8211; 20 m hoch, in seinem nat\u00fcrlichen Lebensraum bis zu \u00a0\u00a0\u00a0\u00a0\u00a0\u00a0\u00a0\u00a0\u00a0\u00a0\u00a0\u00a0\u00a0\u00a0\u00a0\u00a0\u00a0\u00a0\u00a0 \u00a0\u00a0\u00a0\u00a0\u00a0\u00a0\u00a0\u00a0\u00a0\u00a0\u00a0 40 m hoch<\/p>\n<p>&nbsp;<\/p>\n<p>Fr\u00fcchte: \u00a0\u00a0\u00a0\u00a0\u00a0\u00a0\u00a0\u00a0\u00a0\u00a0\u00a0\u00a0\u00a0\u00a0\u00a0\u00a0\u00a0\u00a0\u00a0 holzige, kugelf\u00f6rmige, stachelige Kapselfr\u00fcchte. Wegen ihres \u00a0\u00a0\u00a0\u00a0\u00a0\u00a0\u00a0\u00a0\u00a0\u00a0\u00a0\u00a0\u00a0\u00a0\u00a0\u00a0\u00a0\u00a0\u00a0\u00a0\u00a0\u00a0\u00a0\u00a0\u00a0\u00a0\u00a0\u00a0\u00a0\u00a0\u00a0 \u00a0\u00a0\u00a0\u00a0\u00a0\u00a0\u00a0\u00a0\u00a0\u00a0\u00a0 Aussehens wird der Baum auch Seesternbaum genannt.<\/p>\n<p>&nbsp;<\/p>\n<p>Rinde: \u00a0\u00a0\u00a0\u00a0\u00a0\u00a0\u00a0\u00a0\u00a0\u00a0\u00a0\u00a0\u00a0\u00a0\u00a0\u00a0\u00a0\u00a0\u00a0\u00a0\u00a0\u00a0 br\u00fcchig und oft mit Moos bewachsen<\/p>\n<p>&nbsp;<\/p>\n<p>Besonderheiten: \u00a0\u00a0\u00a0\u00a0 Der Amberbaum ist im Herbst ein Hingucker, da die Bl\u00e4tter in \u00a0\u00a0\u00a0\u00a0\u00a0\u00a0\u00a0\u00a0\u00a0\u00a0\u00a0\u00a0\u00a0\u00a0\u00a0\u00a0\u00a0\u00a0\u00a0\u00a0\u00a0\u00a0\u00a0\u00a0\u00a0\u00a0\u00a0\u00a0\u00a0\u00a0\u00a0 \u00a0\u00a0\u00a0\u00a0\u00a0\u00a0\u00a0\u00a0\u00a0\u00a0\u00a0 sch\u00f6nsten Herbstfarben leuchten.<\/p>\n<p>Der Amberbaum kommt mit dem Klimawandel gut zurecht und wird deshalb vermehrt in Europa im st\u00e4dtischen Raum angepflanzt.<\/p>\n<p>&nbsp;<\/p>\n<p>&nbsp;<\/p>\n<p>Klara von Fragstein, Nika Mytriuk (5m)<\/p>\n<p><a href=\"https:\/\/schulebza.de\/gymnasium\/baumlehrpfad\/\">Zur\u00fcck zum Baumlehrpfad<\/a><\/p>\n<p>&nbsp;<\/p>\n<p>&nbsp;<\/p>\n","protected":false},"excerpt":{"rendered":"<p>Der Amerikanische Amberbaum (Liquidambar styraciflua) &nbsp; Familie: \u00a0\u00a0\u00a0\u00a0\u00a0\u00a0\u00a0\u00a0\u00a0\u00a0\u00a0\u00a0\u00a0\u00a0\u00a0\u00a0\u00a0\u00a0\u00a0 Altingiaceae &nbsp; Herkunft: \u00a0\u00a0\u00a0\u00a0\u00a0\u00a0\u00a0\u00a0\u00a0\u00a0\u00a0\u00a0\u00a0\u00a0\u00a0\u00a0\u00a0 Nordamerika &nbsp; Bl\u00e4tter: \u00a0\u00a0\u00a0\u00a0\u00a0\u00a0\u00a0\u00a0\u00a0\u00a0\u00a0\u00a0\u00a0\u00a0\u00a0\u00a0\u00a0\u00a0\u00a0\u00a0\u00a0 gelappt, ahorn\u00e4hnlich, sch\u00f6ne Herbstfarben (gelb, orange, rot) &nbsp; Wuchsh\u00f6he: \u00a0\u00a0\u00a0\u00a0\u00a0\u00a0\u00a0\u00a0\u00a0\u00a0\u00a0 in Europa 10 &#8211; 20 m hoch, in seinem nat\u00fcrlichen Lebensraum bis zu \u00a0\u00a0\u00a0\u00a0\u00a0\u00a0\u00a0\u00a0\u00a0\u00a0\u00a0\u00a0\u00a0\u00a0\u00a0\u00a0\u00a0\u00a0\u00a0 \u00a0\u00a0\u00a0\u00a0\u00a0\u00a0\u00a0\u00a0\u00a0\u00a0\u00a0 40 m hoch &nbsp; Fr\u00fcchte: \u00a0\u00a0\u00a0\u00a0\u00a0\u00a0\u00a0\u00a0\u00a0\u00a0\u00a0\u00a0\u00a0\u00a0\u00a0\u00a0\u00a0\u00a0\u00a0 holzige, kugelf\u00f6rmige, stachelige Kapselfr\u00fcchte. Wegen ihres \u00a0\u00a0\u00a0\u00a0\u00a0\u00a0\u00a0\u00a0\u00a0\u00a0\u00a0\u00a0\u00a0\u00a0\u00a0\u00a0\u00a0\u00a0\u00a0\u00a0\u00a0\u00a0\u00a0\u00a0\u00a0\u00a0\u00a0\u00a0\u00a0\u00a0\u00a0 \u00a0\u00a0\u00a0\u00a0\u00a0\u00a0\u00a0\u00a0\u00a0\u00a0\u00a0&#8230;<\/p>\n<p class=\"more-link\"><a href=\"https:\/\/schulebza.de\/gymnasium\/der-amberbaum\/\" class=\"\"><span>Weiterlesen<\/span><i>&#43;<\/i><\/a><\/p>\n","protected":false},"author":1,"featured_media":0,"parent":0,"menu_order":0,"comment_status":"closed","ping_status":"closed","template":"","meta":{"footnotes":""},"categories":[],"tags":[],"class_list":["post-12881","page","type-page","status-publish","hentry"],"_links":{"self":[{"href":"https:\/\/schulebza.de\/gymnasium\/wp-json\/wp\/v2\/pages\/12881","targetHints":{"allow":["GET"]}}],"collection":[{"href":"https:\/\/schulebza.de\/gymnasium\/wp-json\/wp\/v2\/pages"}],"about":[{"href":"https:\/\/schulebza.de\/gymnasium\/wp-json\/wp\/v2\/types\/page"}],"author":[{"embeddable":true,"href":"https:\/\/schulebza.de\/gymnasium\/wp-json\/wp\/v2\/users\/1"}],"replies":[{"embeddable":true,"href":"https:\/\/schulebza.de\/gymnasium\/wp-json\/wp\/v2\/comments?post=12881"}],"version-history":[{"count":2,"href":"https:\/\/schulebza.de\/gymnasium\/wp-json\/wp\/v2\/pages\/12881\/revisions"}],"predecessor-version":[{"id":12901,"href":"https:\/\/schulebza.de\/gymnasium\/wp-json\/wp\/v2\/pages\/12881\/revisions\/12901"}],"wp:attachment":[{"href":"https:\/\/schulebza.de\/gymnasium\/wp-json\/wp\/v2\/media?parent=12881"}],"wp:term":[{"taxonomy":"category","embeddable":true,"href":"https:\/\/schulebza.de\/gymnasium\/wp-json\/wp\/v2\/categories?post=12881"},{"taxonomy":"post_tag","embeddable":true,"href":"https:\/\/schulebza.de\/gymnasium\/wp-json\/wp\/v2\/tags?post=12881"}],"curies":[{"name":"wp","href":"https:\/\/api.w.org\/{rel}","templated":true}]}}