{"id":12879,"date":"2024-02-14T15:33:38","date_gmt":"2024-02-14T14:33:38","guid":{"rendered":"https:\/\/schulebza.de\/gymnasium\/?page_id=12879"},"modified":"2024-02-14T15:43:49","modified_gmt":"2024-02-14T14:43:49","slug":"die-eiche","status":"publish","type":"page","link":"https:\/\/schulebza.de\/gymnasium\/die-eiche\/","title":{"rendered":"Die Eiche"},"content":{"rendered":"<p style=\"text-align: center;\"><strong>Die Eiche<\/strong><\/p>\n<p style=\"text-align: center;\">(<em>Quercus spec.)<\/em><\/p>\n<p>&nbsp;<\/p>\n<p>Familie: <em>\u00a0\u00a0\u00a0\u00a0\u00a0\u00a0\u00a0\u00a0\u00a0\u00a0\u00a0\u00a0\u00a0\u00a0\u00a0\u00a0\u00a0\u00a0\u00a0 <\/em>Buchengew\u00e4chse<em> (Fagaceae)<\/em><\/p>\n<p>&nbsp;<\/p>\n<p>Herkunft: \u00a0\u00a0\u00a0\u00a0\u00a0\u00a0\u00a0\u00a0\u00a0\u00a0\u00a0\u00a0\u00a0\u00a0\u00a0\u00a0\u00a0 Nordhalbkugel<\/p>\n<p>&nbsp;<\/p>\n<p>Bl\u00e4tter: \u00a0\u00a0\u00a0\u00a0\u00a0\u00a0\u00a0\u00a0\u00a0\u00a0\u00a0\u00a0\u00a0\u00a0\u00a0\u00a0\u00a0\u00a0\u00a0\u00a0\u00a0 gezackter Rand mit gro\u00dfen Einbuchtungen, 15 \u2013 20 cm lang.<\/p>\n<p>&nbsp;<\/p>\n<p>Wuchsh\u00f6he: \u00a0\u00a0\u00a0\u00a0\u00a0\u00a0\u00a0\u00a0\u00a0\u00a0\u00a0 30 \u2013 40 m<\/p>\n<p>&nbsp;<\/p>\n<p>Fr\u00fcchte: \u00a0\u00a0\u00a0\u00a0\u00a0\u00a0\u00a0\u00a0\u00a0\u00a0\u00a0\u00a0\u00a0\u00a0\u00a0\u00a0\u00a0\u00a0\u00a0 Die typische Frucht der Eiche ist die Eichel (Nussfrucht mit Fruchtbecher). Sie reift im September.<\/p>\n<p>&nbsp;<\/p>\n<p>Rinde: \u00a0\u00a0\u00a0\u00a0\u00a0\u00a0\u00a0\u00a0\u00a0\u00a0\u00a0\u00a0\u00a0\u00a0\u00a0\u00a0\u00a0\u00a0\u00a0\u00a0\u00a0\u00a0 rau und im Alter tief gefurcht<\/p>\n<p>&nbsp;<\/p>\n<p>Besonderheiten: \u00a0\u00a0\u00a0\u00a0 \u00a0Eichen k\u00f6nnen bis zu 1000 Jahre alt werden. Die Raupen vieler Schmetterlingsarten ern\u00e4hren sich von der Eiche. Mit Eichenholz wird viel gebaut (z.B. Fachwerk, M\u00f6bel).<\/p>\n<p>&nbsp;<\/p>\n<p>&nbsp;<\/p>\n<p>Leon Kamm, Amelie Schreiner (5m)<\/p>\n<p><a href=\"https:\/\/schulebza.de\/gymnasium\/baumlehrpfad\/\">Zur\u00fcck zum Baumlehrpfad<\/a><\/p>\n","protected":false},"excerpt":{"rendered":"<p>Die Eiche (Quercus spec.) &nbsp; Familie: \u00a0\u00a0\u00a0\u00a0\u00a0\u00a0\u00a0\u00a0\u00a0\u00a0\u00a0\u00a0\u00a0\u00a0\u00a0\u00a0\u00a0\u00a0\u00a0 Buchengew\u00e4chse (Fagaceae) &nbsp; Herkunft: \u00a0\u00a0\u00a0\u00a0\u00a0\u00a0\u00a0\u00a0\u00a0\u00a0\u00a0\u00a0\u00a0\u00a0\u00a0\u00a0\u00a0 Nordhalbkugel &nbsp; Bl\u00e4tter: \u00a0\u00a0\u00a0\u00a0\u00a0\u00a0\u00a0\u00a0\u00a0\u00a0\u00a0\u00a0\u00a0\u00a0\u00a0\u00a0\u00a0\u00a0\u00a0\u00a0\u00a0 gezackter Rand mit gro\u00dfen Einbuchtungen, 15 \u2013 20 cm lang. &nbsp; Wuchsh\u00f6he: \u00a0\u00a0\u00a0\u00a0\u00a0\u00a0\u00a0\u00a0\u00a0\u00a0\u00a0 30 \u2013 40 m &nbsp; Fr\u00fcchte: \u00a0\u00a0\u00a0\u00a0\u00a0\u00a0\u00a0\u00a0\u00a0\u00a0\u00a0\u00a0\u00a0\u00a0\u00a0\u00a0\u00a0\u00a0\u00a0 Die typische Frucht der Eiche ist die Eichel (Nussfrucht mit Fruchtbecher). Sie reift im September. &nbsp; Rinde: \u00a0\u00a0\u00a0\u00a0\u00a0\u00a0\u00a0\u00a0\u00a0\u00a0\u00a0\u00a0\u00a0\u00a0\u00a0\u00a0\u00a0\u00a0\u00a0\u00a0\u00a0\u00a0 rau&#8230;<\/p>\n<p class=\"more-link\"><a href=\"https:\/\/schulebza.de\/gymnasium\/die-eiche\/\" class=\"\"><span>Weiterlesen<\/span><i>&#43;<\/i><\/a><\/p>\n","protected":false},"author":1,"featured_media":0,"parent":0,"menu_order":0,"comment_status":"closed","ping_status":"closed","template":"","meta":{"footnotes":""},"categories":[],"tags":[],"class_list":["post-12879","page","type-page","status-publish","hentry"],"_links":{"self":[{"href":"https:\/\/schulebza.de\/gymnasium\/wp-json\/wp\/v2\/pages\/12879","targetHints":{"allow":["GET"]}}],"collection":[{"href":"https:\/\/schulebza.de\/gymnasium\/wp-json\/wp\/v2\/pages"}],"about":[{"href":"https:\/\/schulebza.de\/gymnasium\/wp-json\/wp\/v2\/types\/page"}],"author":[{"embeddable":true,"href":"https:\/\/schulebza.de\/gymnasium\/wp-json\/wp\/v2\/users\/1"}],"replies":[{"embeddable":true,"href":"https:\/\/schulebza.de\/gymnasium\/wp-json\/wp\/v2\/comments?post=12879"}],"version-history":[{"count":2,"href":"https:\/\/schulebza.de\/gymnasium\/wp-json\/wp\/v2\/pages\/12879\/revisions"}],"predecessor-version":[{"id":12902,"href":"https:\/\/schulebza.de\/gymnasium\/wp-json\/wp\/v2\/pages\/12879\/revisions\/12902"}],"wp:attachment":[{"href":"https:\/\/schulebza.de\/gymnasium\/wp-json\/wp\/v2\/media?parent=12879"}],"wp:term":[{"taxonomy":"category","embeddable":true,"href":"https:\/\/schulebza.de\/gymnasium\/wp-json\/wp\/v2\/categories?post=12879"},{"taxonomy":"post_tag","embeddable":true,"href":"https:\/\/schulebza.de\/gymnasium\/wp-json\/wp\/v2\/tags?post=12879"}],"curies":[{"name":"wp","href":"https:\/\/api.w.org\/{rel}","templated":true}]}}