{"id":12875,"date":"2024-02-14T15:31:14","date_gmt":"2024-02-14T14:31:14","guid":{"rendered":"https:\/\/schulebza.de\/gymnasium\/?page_id=12875"},"modified":"2024-02-14T15:43:53","modified_gmt":"2024-02-14T14:43:53","slug":"die-gemeine-hasel","status":"publish","type":"page","link":"https:\/\/schulebza.de\/gymnasium\/die-gemeine-hasel\/","title":{"rendered":"Die Gemeine Hasel"},"content":{"rendered":"<p style=\"text-align: center;\"><strong>Die Gemeine Hasel<\/strong><\/p>\n<p style=\"text-align: center;\">(<em>Corylus avellana<\/em>)<\/p>\n<p>&nbsp;<\/p>\n<p>Familie: <em>\u00a0\u00a0\u00a0\u00a0\u00a0\u00a0\u00a0\u00a0\u00a0\u00a0\u00a0\u00a0\u00a0\u00a0\u00a0\u00a0\u00a0\u00a0\u00a0 <\/em>Birkengew\u00e4chse<em> (Betulaceae)<\/em><\/p>\n<p>&nbsp;<\/p>\n<p>Herkunft: \u00a0\u00a0\u00a0\u00a0\u00a0\u00a0\u00a0\u00a0\u00a0\u00a0\u00a0\u00a0\u00a0\u00a0\u00a0\u00a0\u00a0 Europa, Kleinasien<\/p>\n<p>&nbsp;<\/p>\n<p>Bl\u00e4tter: \u00a0\u00a0\u00a0\u00a0\u00a0\u00a0\u00a0\u00a0\u00a0\u00a0\u00a0\u00a0\u00a0\u00a0\u00a0\u00a0\u00a0\u00a0\u00a0\u00a0\u00a0 rundlich, eif\u00f6rmig. Die Bl\u00e4tter haben eine Spitze und an der Blattbasis sind sie herzf\u00f6rmig.<\/p>\n<p>&nbsp;<\/p>\n<p>Wuchsh\u00f6he: \u00a0\u00a0\u00a0\u00a0\u00a0\u00a0\u00a0\u00a0\u00a0\u00a0\u00a0 ca. 5 \u2013 6 Meter hoher Strauch<\/p>\n<p>&nbsp;<\/p>\n<p>Fr\u00fcchte: \u00a0\u00a0\u00a0\u00a0\u00a0\u00a0\u00a0\u00a0\u00a0\u00a0\u00a0\u00a0\u00a0\u00a0\u00a0\u00a0\u00a0\u00a0\u00a0 Die Haseln\u00fcsse sind essbar.<\/p>\n<p>&nbsp;<\/p>\n<p>Rinde: \u00a0\u00a0\u00a0\u00a0\u00a0\u00a0\u00a0\u00a0\u00a0\u00a0\u00a0\u00a0\u00a0\u00a0\u00a0\u00a0\u00a0\u00a0\u00a0\u00a0\u00a0\u00a0 Die Rinde ist glatt und gl\u00e4nzend und wird sp\u00e4ter rissig.<\/p>\n<p>&nbsp;<\/p>\n<p>Besonderheiten: \u00a0\u00a0\u00a0\u00a0 \u00a0Wird auch Haselnusstrauch genannt. Die Hasel kann bis zu 100 Jahre alt werden.<\/p>\n<p>&nbsp;<\/p>\n<p>&nbsp;<\/p>\n<p>Jannis E\u00dfwein (5m)<\/p>\n<p><a href=\"https:\/\/schulebza.de\/gymnasium\/baumlehrpfad\/\">Zur\u00fcck zum Baumlehrpfad<\/a><\/p>\n","protected":false},"excerpt":{"rendered":"<p>Die Gemeine Hasel (Corylus avellana) &nbsp; Familie: \u00a0\u00a0\u00a0\u00a0\u00a0\u00a0\u00a0\u00a0\u00a0\u00a0\u00a0\u00a0\u00a0\u00a0\u00a0\u00a0\u00a0\u00a0\u00a0 Birkengew\u00e4chse (Betulaceae) &nbsp; Herkunft: \u00a0\u00a0\u00a0\u00a0\u00a0\u00a0\u00a0\u00a0\u00a0\u00a0\u00a0\u00a0\u00a0\u00a0\u00a0\u00a0\u00a0 Europa, Kleinasien &nbsp; Bl\u00e4tter: \u00a0\u00a0\u00a0\u00a0\u00a0\u00a0\u00a0\u00a0\u00a0\u00a0\u00a0\u00a0\u00a0\u00a0\u00a0\u00a0\u00a0\u00a0\u00a0\u00a0\u00a0 rundlich, eif\u00f6rmig. Die Bl\u00e4tter haben eine Spitze und an der Blattbasis sind sie herzf\u00f6rmig. &nbsp; Wuchsh\u00f6he: \u00a0\u00a0\u00a0\u00a0\u00a0\u00a0\u00a0\u00a0\u00a0\u00a0\u00a0 ca. 5 \u2013 6 Meter hoher Strauch &nbsp; Fr\u00fcchte: \u00a0\u00a0\u00a0\u00a0\u00a0\u00a0\u00a0\u00a0\u00a0\u00a0\u00a0\u00a0\u00a0\u00a0\u00a0\u00a0\u00a0\u00a0\u00a0 Die Haseln\u00fcsse sind essbar. &nbsp; Rinde: \u00a0\u00a0\u00a0\u00a0\u00a0\u00a0\u00a0\u00a0\u00a0\u00a0\u00a0\u00a0\u00a0\u00a0\u00a0\u00a0\u00a0\u00a0\u00a0\u00a0\u00a0\u00a0 Die Rinde ist&#8230;<\/p>\n<p class=\"more-link\"><a href=\"https:\/\/schulebza.de\/gymnasium\/die-gemeine-hasel\/\" class=\"\"><span>Weiterlesen<\/span><i>&#43;<\/i><\/a><\/p>\n","protected":false},"author":1,"featured_media":0,"parent":0,"menu_order":0,"comment_status":"closed","ping_status":"closed","template":"","meta":{"footnotes":""},"categories":[],"tags":[],"class_list":["post-12875","page","type-page","status-publish","hentry"],"_links":{"self":[{"href":"https:\/\/schulebza.de\/gymnasium\/wp-json\/wp\/v2\/pages\/12875","targetHints":{"allow":["GET"]}}],"collection":[{"href":"https:\/\/schulebza.de\/gymnasium\/wp-json\/wp\/v2\/pages"}],"about":[{"href":"https:\/\/schulebza.de\/gymnasium\/wp-json\/wp\/v2\/types\/page"}],"author":[{"embeddable":true,"href":"https:\/\/schulebza.de\/gymnasium\/wp-json\/wp\/v2\/users\/1"}],"replies":[{"embeddable":true,"href":"https:\/\/schulebza.de\/gymnasium\/wp-json\/wp\/v2\/comments?post=12875"}],"version-history":[{"count":2,"href":"https:\/\/schulebza.de\/gymnasium\/wp-json\/wp\/v2\/pages\/12875\/revisions"}],"predecessor-version":[{"id":12903,"href":"https:\/\/schulebza.de\/gymnasium\/wp-json\/wp\/v2\/pages\/12875\/revisions\/12903"}],"wp:attachment":[{"href":"https:\/\/schulebza.de\/gymnasium\/wp-json\/wp\/v2\/media?parent=12875"}],"wp:term":[{"taxonomy":"category","embeddable":true,"href":"https:\/\/schulebza.de\/gymnasium\/wp-json\/wp\/v2\/categories?post=12875"},{"taxonomy":"post_tag","embeddable":true,"href":"https:\/\/schulebza.de\/gymnasium\/wp-json\/wp\/v2\/tags?post=12875"}],"curies":[{"name":"wp","href":"https:\/\/api.w.org\/{rel}","templated":true}]}}