{"id":12873,"date":"2024-02-14T15:30:28","date_gmt":"2024-02-14T14:30:28","guid":{"rendered":"https:\/\/schulebza.de\/gymnasium\/?page_id=12873"},"modified":"2024-02-14T15:43:58","modified_gmt":"2024-02-14T14:43:58","slug":"die-platane","status":"publish","type":"page","link":"https:\/\/schulebza.de\/gymnasium\/die-platane\/","title":{"rendered":"Die Platane"},"content":{"rendered":"<p style=\"text-align: center;\"><strong>Die Platane<\/strong><\/p>\n<p style=\"text-align: center;\">(<em>Platanus spec.)<\/em><\/p>\n<p>&nbsp;<\/p>\n<p>Familie: <em>\u00a0\u00a0\u00a0\u00a0\u00a0\u00a0\u00a0\u00a0\u00a0\u00a0\u00a0\u00a0\u00a0\u00a0\u00a0\u00a0\u00a0\u00a0\u00a0 <\/em>Platanengew\u00e4chse<em> (Platanaceae)<\/em><\/p>\n<p>&nbsp;<\/p>\n<p>Herkunft: \u00a0\u00a0\u00a0\u00a0\u00a0\u00a0\u00a0\u00a0\u00a0\u00a0\u00a0\u00a0\u00a0\u00a0\u00a0\u00a0\u00a0 Europa, Asien und Nordamerika<\/p>\n<p>&nbsp;<\/p>\n<p>Bl\u00e4tter: \u00a0\u00a0\u00a0\u00a0\u00a0\u00a0\u00a0\u00a0\u00a0\u00a0\u00a0\u00a0\u00a0\u00a0\u00a0\u00a0\u00a0\u00a0\u00a0\u00a0\u00a0 Die Bl\u00e4tter sehen Ahornbl\u00e4ttern \u00e4hnlich. Sie sind handf\u00f6rmig gelappt.<\/p>\n<p>&nbsp;<\/p>\n<p>Wuchsh\u00f6he: \u00a0\u00a0\u00a0\u00a0\u00a0\u00a0\u00a0\u00a0\u00a0\u00a0\u00a0 25 \u2013 50 m<\/p>\n<p>&nbsp;<\/p>\n<p>Fr\u00fcchte: \u00a0\u00a0\u00a0\u00a0\u00a0\u00a0\u00a0\u00a0\u00a0\u00a0\u00a0\u00a0\u00a0\u00a0\u00a0\u00a0\u00a0\u00a0\u00a0 kugelige, faserige Fr\u00fcchte<\/p>\n<p>&nbsp;<\/p>\n<p>Rinde: \u00a0\u00a0\u00a0\u00a0\u00a0\u00a0\u00a0\u00a0\u00a0\u00a0\u00a0\u00a0\u00a0\u00a0\u00a0\u00a0\u00a0\u00a0\u00a0\u00a0\u00a0\u00a0 Die Rinde bl\u00e4ttert mit der Zeit ab, wodurch sie gefleckt aussieht.<\/p>\n<p>&nbsp;<\/p>\n<p>Besonderheiten: \u00a0\u00a0\u00a0\u00a0 \u00a0Die Platane ist ein beliebter Baum f\u00fcr Alleen und Parks. Sie kann mehrere hundert Jahre alt werden.<\/p>\n<p>&nbsp;<\/p>\n<p>&nbsp;<\/p>\n<p>Lenia Spenger, Ella Hirsch (5m)<\/p>\n<p><a href=\"https:\/\/schulebza.de\/gymnasium\/baumlehrpfad\/\">Zur\u00fcck zum Baumlehrpfad<\/a><\/p>\n<p>&nbsp;<\/p>\n<p>&nbsp;<\/p>\n","protected":false},"excerpt":{"rendered":"<p>Die Platane (Platanus spec.) &nbsp; Familie: \u00a0\u00a0\u00a0\u00a0\u00a0\u00a0\u00a0\u00a0\u00a0\u00a0\u00a0\u00a0\u00a0\u00a0\u00a0\u00a0\u00a0\u00a0\u00a0 Platanengew\u00e4chse (Platanaceae) &nbsp; Herkunft: \u00a0\u00a0\u00a0\u00a0\u00a0\u00a0\u00a0\u00a0\u00a0\u00a0\u00a0\u00a0\u00a0\u00a0\u00a0\u00a0\u00a0 Europa, Asien und Nordamerika &nbsp; Bl\u00e4tter: \u00a0\u00a0\u00a0\u00a0\u00a0\u00a0\u00a0\u00a0\u00a0\u00a0\u00a0\u00a0\u00a0\u00a0\u00a0\u00a0\u00a0\u00a0\u00a0\u00a0\u00a0 Die Bl\u00e4tter sehen Ahornbl\u00e4ttern \u00e4hnlich. Sie sind handf\u00f6rmig gelappt. &nbsp; Wuchsh\u00f6he: \u00a0\u00a0\u00a0\u00a0\u00a0\u00a0\u00a0\u00a0\u00a0\u00a0\u00a0 25 \u2013 50 m &nbsp; Fr\u00fcchte: \u00a0\u00a0\u00a0\u00a0\u00a0\u00a0\u00a0\u00a0\u00a0\u00a0\u00a0\u00a0\u00a0\u00a0\u00a0\u00a0\u00a0\u00a0\u00a0 kugelige, faserige Fr\u00fcchte &nbsp; Rinde: \u00a0\u00a0\u00a0\u00a0\u00a0\u00a0\u00a0\u00a0\u00a0\u00a0\u00a0\u00a0\u00a0\u00a0\u00a0\u00a0\u00a0\u00a0\u00a0\u00a0\u00a0\u00a0 Die Rinde bl\u00e4ttert mit der Zeit ab, wodurch sie gefleckt aussieht.&#8230;<\/p>\n<p class=\"more-link\"><a href=\"https:\/\/schulebza.de\/gymnasium\/die-platane\/\" class=\"\"><span>Weiterlesen<\/span><i>&#43;<\/i><\/a><\/p>\n","protected":false},"author":1,"featured_media":0,"parent":0,"menu_order":0,"comment_status":"closed","ping_status":"closed","template":"","meta":{"footnotes":""},"categories":[],"tags":[],"class_list":["post-12873","page","type-page","status-publish","hentry"],"_links":{"self":[{"href":"https:\/\/schulebza.de\/gymnasium\/wp-json\/wp\/v2\/pages\/12873","targetHints":{"allow":["GET"]}}],"collection":[{"href":"https:\/\/schulebza.de\/gymnasium\/wp-json\/wp\/v2\/pages"}],"about":[{"href":"https:\/\/schulebza.de\/gymnasium\/wp-json\/wp\/v2\/types\/page"}],"author":[{"embeddable":true,"href":"https:\/\/schulebza.de\/gymnasium\/wp-json\/wp\/v2\/users\/1"}],"replies":[{"embeddable":true,"href":"https:\/\/schulebza.de\/gymnasium\/wp-json\/wp\/v2\/comments?post=12873"}],"version-history":[{"count":2,"href":"https:\/\/schulebza.de\/gymnasium\/wp-json\/wp\/v2\/pages\/12873\/revisions"}],"predecessor-version":[{"id":12904,"href":"https:\/\/schulebza.de\/gymnasium\/wp-json\/wp\/v2\/pages\/12873\/revisions\/12904"}],"wp:attachment":[{"href":"https:\/\/schulebza.de\/gymnasium\/wp-json\/wp\/v2\/media?parent=12873"}],"wp:term":[{"taxonomy":"category","embeddable":true,"href":"https:\/\/schulebza.de\/gymnasium\/wp-json\/wp\/v2\/categories?post=12873"},{"taxonomy":"post_tag","embeddable":true,"href":"https:\/\/schulebza.de\/gymnasium\/wp-json\/wp\/v2\/tags?post=12873"}],"curies":[{"name":"wp","href":"https:\/\/api.w.org\/{rel}","templated":true}]}}