{"id":12869,"date":"2024-02-14T15:28:48","date_gmt":"2024-02-14T14:28:48","guid":{"rendered":"https:\/\/schulebza.de\/gymnasium\/?page_id=12869"},"modified":"2024-02-14T15:39:44","modified_gmt":"2024-02-14T14:39:44","slug":"baumlehrpfad","status":"publish","type":"page","link":"https:\/\/schulebza.de\/gymnasium\/baumlehrpfad\/","title":{"rendered":"Baumlehrpfad"},"content":{"rendered":"<p><a href=\"https:\/\/schulebza.de\/gymnasium\/wp-content\/uploads\/2024\/02\/Uebersichtsplan-Baumlehrpfad.png\" rel=\"attachment wp-att-12870\"><img decoding=\"async\" class=\"alignleft wp-image-12870\" src=\"https:\/\/schulebza.de\/gymnasium\/wp-content\/uploads\/2024\/02\/Uebersichtsplan-Baumlehrpfad.png\" alt=\"\" width=\"400\" height=\"469\" srcset=\"https:\/\/schulebza.de\/gymnasium\/wp-content\/uploads\/2024\/02\/Uebersichtsplan-Baumlehrpfad.png 658w, https:\/\/schulebza.de\/gymnasium\/wp-content\/uploads\/2024\/02\/Uebersichtsplan-Baumlehrpfad-256x300.png 256w\" sizes=\"(max-width: 400px) 100vw, 400px\" \/><\/a>Im Schuljahr 2023\/24 hat die NaWi-Klasse 5m im Rahmen des Projektunterrichts einen Baumlehrpfad erstellt.<\/p>\n<p>Insgesamt 9 typische Laubb\u00e4ume k\u00f6nnen nun bei einem Spaziergang auf unserem Schulgel\u00e4nde entdeckt werden.<\/p>\n<p>Die B\u00e4ume sind an ihrem Stamm mit Kunststoffschildern versehen. Das Scannen des QR-Codes f\u00fchrt direkt zu einem Steckbrief des jeweiligen Baumes.<\/p>\n<p><a href=\"https:\/\/schulebza.de\/gymnasium\/die-platane\/\">1 Die Platane<\/a><\/p>\n<p><a href=\"https:\/\/schulebza.de\/gymnasium\/die-gemeine-hasel\/\">2 Die Gew\u00f6hnliche Hasel<\/a><\/p>\n<p><a href=\"https:\/\/schulebza.de\/gymnasium\/die-eiche\/\">3 Die Eiche<\/a><\/p>\n<p><a href=\"https:\/\/schulebza.de\/gymnasium\/der-amberbaum\/\">4 Der Amberbaum<\/a><\/p>\n<p><a href=\"https:\/\/schulebza.de\/gymnasium\/die-birke\/\">5 Die Birke<\/a><\/p>\n<p><a href=\"https:\/\/schulebza.de\/gymnasium\/die-echte-walnuss\/\">6 Die Echte Walnuss<\/a><\/p>\n<p><a href=\"https:\/\/schulebza.de\/gymnasium\/die-gewoehnliche-robinie\/\">7 Die Robinie<\/a><\/p>\n<p><a href=\"https:\/\/schulebza.de\/gymnasium\/die-blutbuche\/\">8 Die Blutbuche<\/a><\/p>\n<p><a href=\"https:\/\/schulebza.de\/gymnasium\/der-kirschbaum\/\">9 Der Kirschbaum<\/a><\/p>\n","protected":false},"excerpt":{"rendered":"<p>Im Schuljahr 2023\/24 hat die NaWi-Klasse 5m im Rahmen des Projektunterrichts einen Baumlehrpfad erstellt. Insgesamt 9 typische Laubb\u00e4ume k\u00f6nnen nun bei einem Spaziergang auf unserem Schulgel\u00e4nde entdeckt werden. Die B\u00e4ume sind an ihrem Stamm mit Kunststoffschildern versehen. Das Scannen des QR-Codes f\u00fchrt direkt zu einem Steckbrief des jeweiligen Baumes. 1 Die Platane 2 Die Gew\u00f6hnliche&#8230;<\/p>\n<p class=\"more-link\"><a href=\"https:\/\/schulebza.de\/gymnasium\/baumlehrpfad\/\" class=\"\"><span>Weiterlesen<\/span><i>&#43;<\/i><\/a><\/p>\n","protected":false},"author":1,"featured_media":0,"parent":0,"menu_order":0,"comment_status":"closed","ping_status":"closed","template":"","meta":{"footnotes":""},"categories":[],"tags":[],"class_list":["post-12869","page","type-page","status-publish","hentry"],"_links":{"self":[{"href":"https:\/\/schulebza.de\/gymnasium\/wp-json\/wp\/v2\/pages\/12869","targetHints":{"allow":["GET"]}}],"collection":[{"href":"https:\/\/schulebza.de\/gymnasium\/wp-json\/wp\/v2\/pages"}],"about":[{"href":"https:\/\/schulebza.de\/gymnasium\/wp-json\/wp\/v2\/types\/page"}],"author":[{"embeddable":true,"href":"https:\/\/schulebza.de\/gymnasium\/wp-json\/wp\/v2\/users\/1"}],"replies":[{"embeddable":true,"href":"https:\/\/schulebza.de\/gymnasium\/wp-json\/wp\/v2\/comments?post=12869"}],"version-history":[{"count":4,"href":"https:\/\/schulebza.de\/gymnasium\/wp-json\/wp\/v2\/pages\/12869\/revisions"}],"predecessor-version":[{"id":12893,"href":"https:\/\/schulebza.de\/gymnasium\/wp-json\/wp\/v2\/pages\/12869\/revisions\/12893"}],"wp:attachment":[{"href":"https:\/\/schulebza.de\/gymnasium\/wp-json\/wp\/v2\/media?parent=12869"}],"wp:term":[{"taxonomy":"category","embeddable":true,"href":"https:\/\/schulebza.de\/gymnasium\/wp-json\/wp\/v2\/categories?post=12869"},{"taxonomy":"post_tag","embeddable":true,"href":"https:\/\/schulebza.de\/gymnasium\/wp-json\/wp\/v2\/tags?post=12869"}],"curies":[{"name":"wp","href":"https:\/\/api.w.org\/{rel}","templated":true}]}}