{"id":11162,"date":"2022-02-16T17:05:25","date_gmt":"2022-02-16T16:05:25","guid":{"rendered":"https:\/\/schulebza.de\/gymnasium\/?page_id=11162"},"modified":"2024-08-27T22:08:05","modified_gmt":"2024-08-27T20:08:05","slug":"ipads-des-landes","status":"publish","type":"page","link":"https:\/\/schulebza.de\/gymnasium\/ipads-des-landes\/","title":{"rendered":"iPads des Landes"},"content":{"rendered":"<p>Im Zuge der st\u00e4rkeren Digitalisierung des Unterrichts wurden Leih-iPads des Landes durch die Kreisverwaltung S\u00fcdliche Weinstra\u00dfe an Sch\u00fclerInnen und Lehrkr\u00e4fte ausgegeben. Falls Sie Fragen zur Ausleihe oder Probleme mit den Ger\u00e4ten haben, <strong>wenden Sie sich bitte direkt an die Schulabteilung der Kreisverwaltung S\u00fcdliche Weinstra\u00dfe<\/strong>.<\/p>\n<p>In der Schule k\u00f6nnen wir die Ger\u00e4te nicht administrieren oder Fehler beheben.<\/p>\n","protected":false},"excerpt":{"rendered":"<p>Im Zuge der st\u00e4rkeren Digitalisierung des Unterrichts wurden Leih-iPads des Landes durch die Kreisverwaltung S\u00fcdliche Weinstra\u00dfe an Sch\u00fclerInnen und Lehrkr\u00e4fte ausgegeben. Falls Sie Fragen zur Ausleihe oder Probleme mit den Ger\u00e4ten haben, wenden Sie sich bitte direkt an die Schulabteilung der Kreisverwaltung S\u00fcdliche Weinstra\u00dfe. In der Schule k\u00f6nnen wir die Ger\u00e4te nicht administrieren oder Fehler&#8230;<\/p>\n<p class=\"more-link\"><a href=\"https:\/\/schulebza.de\/gymnasium\/ipads-des-landes\/\" class=\"\"><span>Weiterlesen<\/span><i>&#43;<\/i><\/a><\/p>\n","protected":false},"author":1,"featured_media":0,"parent":0,"menu_order":0,"comment_status":"closed","ping_status":"closed","template":"","meta":{"footnotes":""},"categories":[],"tags":[],"class_list":["post-11162","page","type-page","status-publish","hentry"],"_links":{"self":[{"href":"https:\/\/schulebza.de\/gymnasium\/wp-json\/wp\/v2\/pages\/11162","targetHints":{"allow":["GET"]}}],"collection":[{"href":"https:\/\/schulebza.de\/gymnasium\/wp-json\/wp\/v2\/pages"}],"about":[{"href":"https:\/\/schulebza.de\/gymnasium\/wp-json\/wp\/v2\/types\/page"}],"author":[{"embeddable":true,"href":"https:\/\/schulebza.de\/gymnasium\/wp-json\/wp\/v2\/users\/1"}],"replies":[{"embeddable":true,"href":"https:\/\/schulebza.de\/gymnasium\/wp-json\/wp\/v2\/comments?post=11162"}],"version-history":[{"count":2,"href":"https:\/\/schulebza.de\/gymnasium\/wp-json\/wp\/v2\/pages\/11162\/revisions"}],"predecessor-version":[{"id":13260,"href":"https:\/\/schulebza.de\/gymnasium\/wp-json\/wp\/v2\/pages\/11162\/revisions\/13260"}],"wp:attachment":[{"href":"https:\/\/schulebza.de\/gymnasium\/wp-json\/wp\/v2\/media?parent=11162"}],"wp:term":[{"taxonomy":"category","embeddable":true,"href":"https:\/\/schulebza.de\/gymnasium\/wp-json\/wp\/v2\/categories?post=11162"},{"taxonomy":"post_tag","embeddable":true,"href":"https:\/\/schulebza.de\/gymnasium\/wp-json\/wp\/v2\/tags?post=11162"}],"curies":[{"name":"wp","href":"https:\/\/api.w.org\/{rel}","templated":true}]}}