{"id":697,"date":"2022-12-30T11:02:36","date_gmt":"2022-12-30T10:02:36","guid":{"rendered":"https:\/\/schulebza.de\/gos\/?page_id=697"},"modified":"2022-12-30T11:09:02","modified_gmt":"2022-12-30T10:09:02","slug":"projekt-achtung-auto","status":"publish","type":"page","link":"https:\/\/schulebza.de\/gos\/sachen-aus-dem-unterricht\/projekt-achtung-auto\/","title":{"rendered":"Projekt &#8222;Achtung Auto!&#8220;"},"content":{"rendered":"\n\t\t<style type=\"text\/css\">\n\t\t\t#gallery-1 {\n\t\t\t\tmargin: auto;\n\t\t\t}\n\t\t\t#gallery-1 .gallery-item {\n\t\t\t\tfloat: left;\n\t\t\t\tmargin-top: 10px;\n\t\t\t\ttext-align: center;\n\t\t\t\twidth: 50%;\n\t\t\t}\n\t\t\t#gallery-1 img {\n\t\t\t\tborder: 2px solid #cfcfcf;\n\t\t\t}\n\t\t\t#gallery-1 .gallery-caption {\n\t\t\t\tmargin-left: 0;\n\t\t\t}\n\t\t\t\/* see gallery_shortcode() in wp-includes\/media.php *\/\n\t\t<\/style>\n\t\t<div id='gallery-1' class='gallery galleryid-697 gallery-columns-2 gallery-size-large'><dl class='gallery-item'>\n\t\t\t<dt class='gallery-icon portrait'>\n\t\t\t\t<img loading=\"lazy\" decoding=\"async\" width=\"768\" height=\"1024\" src=\"https:\/\/schulebza.de\/gos\/wp-content\/uploads\/2022\/12\/Formel-zum-Anhalteweg-768x1024.jpg\" class=\"attachment-large size-large\" alt=\"\" srcset=\"https:\/\/schulebza.de\/gos\/wp-content\/uploads\/2022\/12\/Formel-zum-Anhalteweg-768x1024.jpg 768w, https:\/\/schulebza.de\/gos\/wp-content\/uploads\/2022\/12\/Formel-zum-Anhalteweg-225x300.jpg 225w, https:\/\/schulebza.de\/gos\/wp-content\/uploads\/2022\/12\/Formel-zum-Anhalteweg-1152x1536.jpg 1152w, https:\/\/schulebza.de\/gos\/wp-content\/uploads\/2022\/12\/Formel-zum-Anhalteweg-1536x2048.jpg 1536w, https:\/\/schulebza.de\/gos\/wp-content\/uploads\/2022\/12\/Formel-zum-Anhalteweg-scaled.jpg 1920w\" sizes=\"auto, (max-width: 768px) 100vw, 768px\" \/>\n\t\t\t<\/dt><\/dl><dl class='gallery-item'>\n\t\t\t<dt class='gallery-icon landscape'>\n\t\t\t\t<img loading=\"lazy\" decoding=\"async\" width=\"1024\" height=\"768\" src=\"https:\/\/schulebza.de\/gos\/wp-content\/uploads\/2022\/12\/Uebung-zum-Bremsweg-1024x768.jpg\" class=\"attachment-large size-large\" alt=\"\" srcset=\"https:\/\/schulebza.de\/gos\/wp-content\/uploads\/2022\/12\/Uebung-zum-Bremsweg-1024x768.jpg 1024w, https:\/\/schulebza.de\/gos\/wp-content\/uploads\/2022\/12\/Uebung-zum-Bremsweg-300x225.jpg 300w, https:\/\/schulebza.de\/gos\/wp-content\/uploads\/2022\/12\/Uebung-zum-Bremsweg-768x576.jpg 768w, https:\/\/schulebza.de\/gos\/wp-content\/uploads\/2022\/12\/Uebung-zum-Bremsweg-1536x1152.jpg 1536w, https:\/\/schulebza.de\/gos\/wp-content\/uploads\/2022\/12\/Uebung-zum-Bremsweg-2048x1536.jpg 2048w\" sizes=\"auto, (max-width: 1024px) 100vw, 1024px\" \/>\n\t\t\t<\/dt><\/dl><br style=\"clear: both\" \/>\n\t\t<\/div>\n\n<p style=\"font-weight: 400;\"><span style=\"font-size: 16px;\"><strong>\u201eAchtung Auto!\u201c \u2013 Sch\u00fclerinnen und Sch\u00fcler in Bad Bergzabern lernen richtiges Verhalten im Stra\u00dfenverkehr<\/strong><\/span><\/p>\n<p style=\"font-weight: 400;\">Im Rahmen des Verkehrsunterrichtes hat die GOS am Alfred-Grosser-Schulzentrum in Kooperation mit dem ADAC vor den Sommerferien klassen\u00fcbergreifend f\u00fcr die 5. und 6. Klassen die Aktion \u201eAchtung Auto\u201c organisiert.<span>\u00a0<\/span><\/p>\n<p style=\"font-weight: 400;\">Das Programm \u201eAchtung Auto\u201c wird seit 2020 als Verkehrssicherheitsprogramm von der ADAC Stiftung mit Unterst\u00fctzung des ADAC Regionalclubs bundesweit durchgef\u00fchrt und tr\u00e4gt wesentlich dazu bei, Sch\u00fclerinnen und Sch\u00fclern kritische Situationen im allt\u00e4glichen Stra\u00dfenverkehr zu verdeutlichen. Sie sollen Unfallgefahren erkennen und durch vorausschauendes Handeln richtig reagieren.<span>\u00a0<\/span><\/p>\n<p style=\"font-weight: 400;\">In diesem Jahr hat der Verkehrserzieher Mario Roth in freundlicher, sachkundiger und sch\u00fclernaher Form mit den Kindern das Verhalten im Stra\u00dfenverkehr trainiert. Am eigenen Leib erlebten die Sch\u00fclerinnen und Sch\u00fcler durch Sprint- und Stoppkommandos Reaktions- und Bremsweg. Sichtlich beeindruckt zeigten sich diejenigen, die sich trauten mit Sicherung beim Bremstest im Fahrschulauto mitzufahren.<span>\u00a0<\/span><\/p>\n<p style=\"font-weight: 400;\">Die GOS-Leiterinnen, Frau Bott und Frau Hafner richten ein herzliches Dankesch\u00f6n f\u00fcr die Durchf\u00fchrung der Sch\u00fcler-Workshops an Herrn Roth und den ADAC. Wir w\u00fcrden uns sehr freuen, das Projekt \u201eAchtung Auto\u201c, welches f\u00fcr uns einen sehr wichtigen Beitrag zur Verkehrserziehung bedeutet,<span>\u00a0\u00a0<\/span>auch im n\u00e4chsten Schuljahr wieder anbieten zu k\u00f6nnen.<\/p>\n<p style=\"font-weight: 400;\">(Text: Judith Hafner)<\/p>\n","protected":false},"excerpt":{"rendered":"<p>\u201eAchtung Auto!\u201c \u2013 Sch\u00fclerinnen und Sch\u00fcler in Bad Bergzabern lernen richtiges Verhalten im Stra\u00dfenverkehr Im Rahmen des Verkehrsunterrichtes hat die GOS am Alfred-Grosser-Schulzentrum in Kooperation mit dem ADAC vor den Sommerferien klassen\u00fcbergreifend f\u00fcr die 5. und 6. Klassen die Aktion \u201eAchtung Auto\u201c organisiert.\u00a0 Das Programm \u201eAchtung Auto\u201c wird seit 2020 als Verkehrssicherheitsprogramm von der ADAC&#8230;<\/p>\n<p class=\"more-link\"><a href=\"https:\/\/schulebza.de\/gos\/sachen-aus-dem-unterricht\/projekt-achtung-auto\/\"><span>Read More<\/span><i>&#43;<\/i><\/a><\/p>\n","protected":false},"author":2,"featured_media":0,"parent":583,"menu_order":0,"comment_status":"closed","ping_status":"closed","template":"","meta":{"footnotes":""},"class_list":["post-697","page","type-page","status-publish","hentry"],"_links":{"self":[{"href":"https:\/\/schulebza.de\/gos\/wp-json\/wp\/v2\/pages\/697","targetHints":{"allow":["GET"]}}],"collection":[{"href":"https:\/\/schulebza.de\/gos\/wp-json\/wp\/v2\/pages"}],"about":[{"href":"https:\/\/schulebza.de\/gos\/wp-json\/wp\/v2\/types\/page"}],"author":[{"embeddable":true,"href":"https:\/\/schulebza.de\/gos\/wp-json\/wp\/v2\/users\/2"}],"replies":[{"embeddable":true,"href":"https:\/\/schulebza.de\/gos\/wp-json\/wp\/v2\/comments?post=697"}],"version-history":[{"count":3,"href":"https:\/\/schulebza.de\/gos\/wp-json\/wp\/v2\/pages\/697\/revisions"}],"predecessor-version":[{"id":704,"href":"https:\/\/schulebza.de\/gos\/wp-json\/wp\/v2\/pages\/697\/revisions\/704"}],"up":[{"embeddable":true,"href":"https:\/\/schulebza.de\/gos\/wp-json\/wp\/v2\/pages\/583"}],"wp:attachment":[{"href":"https:\/\/schulebza.de\/gos\/wp-json\/wp\/v2\/media?parent=697"}],"curies":[{"name":"wp","href":"https:\/\/api.w.org\/{rel}","templated":true}]}}