{"id":583,"date":"2022-05-20T09:31:01","date_gmt":"2022-05-20T07:31:01","guid":{"rendered":"https:\/\/schulebza.de\/gos\/?page_id=583"},"modified":"2022-12-30T11:04:14","modified_gmt":"2022-12-30T10:04:14","slug":"sachen-aus-dem-unterricht","status":"publish","type":"page","link":"https:\/\/schulebza.de\/gos\/sachen-aus-dem-unterricht\/","title":{"rendered":"Einblicke in den Unterricht"},"content":{"rendered":"<p>Hier finden Sie Einblicke in den Unterricht der GOS.<\/p>\n<a class=\"maxbutton-1 maxbutton maxbutton-erklarbucher-zum-thema-bruche\" title=\"Erkl\u00e4rb\u00fccher zum Thema Br\u00fcche\" href=\"https:\/\/schulebza.de\/gos\/bruechebuecher\/\"><span class='mb-text'>Erkl\u00e4rb\u00fccher zum Thema Br\u00fcche<\/span><\/a>\u00a0 \u00a0 \u00a0 <span><a class=\"maxbutton-2 maxbutton maxbutton-werbeflyer-freizeit-und-naherholung\" href=\"https:\/\/schulebza.de\/gos\/sachen-aus-dem-unterricht\/werbeflyer-zum-thema-freizeit-und-naherholung\/\"><span class='mb-text'>Werbeflyer Freizeit und Naherholung<\/span><\/a>\u00a0 \u00a0 \u00a0 <a class=\"maxbutton-3 maxbutton maxbutton-projekt-achtung-auto\" href=\"https:\/\/schulebza.de\/gos\/projekt-achtung-auto\/\"><span class='mb-text'>Projekt: Achtung Auto<\/span><\/a><\/span><\/p>\n","protected":false},"excerpt":{"rendered":"<p>Hier finden Sie Einblicke in den Unterricht der GOS. \u00a0 \u00a0 \u00a0 \u00a0 \u00a0 \u00a0<\/p>\n","protected":false},"author":2,"featured_media":0,"parent":0,"menu_order":0,"comment_status":"closed","ping_status":"closed","template":"","meta":{"footnotes":""},"class_list":["post-583","page","type-page","status-publish","hentry"],"_links":{"self":[{"href":"https:\/\/schulebza.de\/gos\/wp-json\/wp\/v2\/pages\/583","targetHints":{"allow":["GET"]}}],"collection":[{"href":"https:\/\/schulebza.de\/gos\/wp-json\/wp\/v2\/pages"}],"about":[{"href":"https:\/\/schulebza.de\/gos\/wp-json\/wp\/v2\/types\/page"}],"author":[{"embeddable":true,"href":"https:\/\/schulebza.de\/gos\/wp-json\/wp\/v2\/users\/2"}],"replies":[{"embeddable":true,"href":"https:\/\/schulebza.de\/gos\/wp-json\/wp\/v2\/comments?post=583"}],"version-history":[{"count":8,"href":"https:\/\/schulebza.de\/gos\/wp-json\/wp\/v2\/pages\/583\/revisions"}],"predecessor-version":[{"id":699,"href":"https:\/\/schulebza.de\/gos\/wp-json\/wp\/v2\/pages\/583\/revisions\/699"}],"wp:attachment":[{"href":"https:\/\/schulebza.de\/gos\/wp-json\/wp\/v2\/media?parent=583"}],"curies":[{"name":"wp","href":"https:\/\/api.w.org\/{rel}","templated":true}]}}