{"id":571,"date":"2022-05-20T09:18:01","date_gmt":"2022-05-20T07:18:01","guid":{"rendered":"https:\/\/schulebza.de\/gos\/?page_id=571"},"modified":"2024-05-02T12:57:22","modified_gmt":"2024-05-02T10:57:22","slug":"bruechebuecher","status":"publish","type":"page","link":"https:\/\/schulebza.de\/gos\/sachen-aus-dem-unterricht\/bruechebuecher\/","title":{"rendered":"Br\u00fccheb\u00fccher"},"content":{"rendered":"<p>Erkl\u00e4rbuch von Anna<br \/>\n<div class=\"_df_book df-lite\" id=\"df_566\"  _slug=\"bruechebuch\" data-title=\"bruechebuch1\" wpoptions=\"true\" thumbtype=\"\" ><\/div><script class=\"df-shortcode-script\" nowprocket type=\"application\/javascript\">window.option_df_566 = {\"outline\":[],\"autoEnableOutline\":\"false\",\"autoEnableThumbnail\":\"false\",\"overwritePDFOutline\":\"false\",\"direction\":\"1\",\"pageSize\":\"0\",\"pageMode\":\"1\",\"singlePageMode\":\"2\",\"source\":\"https:\\\/\\\/schulebza.de\\\/gos\\\/wp-content\\\/uploads\\\/2022\\\/05\\\/bruechebuch.pdf\",\"wpOptions\":\"true\"}; if(window.DFLIP && window.DFLIP.parseBooks){window.DFLIP.parseBooks();}<\/script>\n<p>Erkl\u00e4rbuch von Smilla<br \/>\n<div class=\"_df_book df-lite\" id=\"df_577\"  _slug=\"bruechebuch2\" data-title=\"bruechebuch2\" wpoptions=\"true\" thumbtype=\"\" ><\/div><script class=\"df-shortcode-script\" nowprocket type=\"application\/javascript\">window.option_df_577 = {\"outline\":[],\"autoEnableOutline\":\"false\",\"autoEnableThumbnail\":\"false\",\"overwritePDFOutline\":\"false\",\"direction\":\"1\",\"pageSize\":\"0\",\"pageMode\":\"1\",\"singlePageMode\":\"2\",\"source\":\"https:\\\/\\\/schulebza.de\\\/gos\\\/wp-content\\\/uploads\\\/2022\\\/05\\\/bruechebuch2.pdf\",\"wpOptions\":\"true\"}; if(window.DFLIP && window.DFLIP.parseBooks){window.DFLIP.parseBooks();}<\/script>\n<p>Br\u00fcchebuch von Marie<br \/>\n<span><div class=\"_df_thumb \" id=\"1051\"  data-title=\"\" wpoptions=\"true\" thumbtype=\"\" >Open Book<\/div><\/span><\/p>\n<p>Br\u00fcchebuch von Lina<br \/>\n<span><div class=\"_df_thumb \" id=\"df_1046\"  _slug=\"\" data-title=\"brueche-buch-lina\" wpoptions=\"true\" thumbtype=\"\" >Br\u00fcche Buch Lina<\/div><script class=\"df-shortcode-script\" nowprocket type=\"application\/javascript\">window.option_df_1046 = {\"outline\":[],\"autoEnableOutline\":\"false\",\"autoEnableThumbnail\":\"false\",\"overwritePDFOutline\":\"false\",\"direction\":\"1\",\"pageSize\":\"0\",\"source\":\"https:\\\/\\\/schulebza.de\\\/gos\\\/wp-content\\\/uploads\\\/2024\\\/05\\\/Bruechebuch-Lina.pdf\",\"wpOptions\":\"true\"}; if(window.DFLIP && window.DFLIP.parseBooks){window.DFLIP.parseBooks();}<\/script><\/span><\/p>\n","protected":false},"excerpt":{"rendered":"<p>Erkl\u00e4rbuch von Anna Erkl\u00e4rbuch von Smilla Br\u00fcchebuch von Marie Br\u00fcchebuch von Lina<\/p>\n","protected":false},"author":2,"featured_media":0,"parent":583,"menu_order":0,"comment_status":"closed","ping_status":"closed","template":"","meta":{"footnotes":""},"class_list":["post-571","page","type-page","status-publish","hentry"],"_links":{"self":[{"href":"https:\/\/schulebza.de\/gos\/wp-json\/wp\/v2\/pages\/571","targetHints":{"allow":["GET"]}}],"collection":[{"href":"https:\/\/schulebza.de\/gos\/wp-json\/wp\/v2\/pages"}],"about":[{"href":"https:\/\/schulebza.de\/gos\/wp-json\/wp\/v2\/types\/page"}],"author":[{"embeddable":true,"href":"https:\/\/schulebza.de\/gos\/wp-json\/wp\/v2\/users\/2"}],"replies":[{"embeddable":true,"href":"https:\/\/schulebza.de\/gos\/wp-json\/wp\/v2\/comments?post=571"}],"version-history":[{"count":6,"href":"https:\/\/schulebza.de\/gos\/wp-json\/wp\/v2\/pages\/571\/revisions"}],"predecessor-version":[{"id":1053,"href":"https:\/\/schulebza.de\/gos\/wp-json\/wp\/v2\/pages\/571\/revisions\/1053"}],"up":[{"embeddable":true,"href":"https:\/\/schulebza.de\/gos\/wp-json\/wp\/v2\/pages\/583"}],"wp:attachment":[{"href":"https:\/\/schulebza.de\/gos\/wp-json\/wp\/v2\/media?parent=571"}],"curies":[{"name":"wp","href":"https:\/\/api.w.org\/{rel}","templated":true}]}}