{"id":31,"date":"2021-02-16T17:03:42","date_gmt":"2021-02-16T16:03:42","guid":{"rendered":"https:\/\/schulebza.de\/gos\/?page_id=31"},"modified":"2021-08-22T14:56:22","modified_gmt":"2021-08-22T12:56:22","slug":"unserer-schule","status":"publish","type":"page","link":"https:\/\/schulebza.de\/gos\/unserer-schule\/","title":{"rendered":"Unserer Schule"},"content":{"rendered":"<p>Herzlich Willkommen auf den Seiten der Gemeinsamen Orientierungsstufe von Gymnasium und Realschule+ im Alfred-Grosser-Schulzentrum.<br \/>\n<br \/> Wir w\u00fcnschen Ihnen viel Vergn\u00fcgen beim durchst\u00f6bern der Seiten.<\/p>\n<p>\n<img loading=\"lazy\" decoding=\"async\" src=\"https:\/\/schulebza.de\/gos\/wp-content\/uploads\/2021\/08\/Realschule-plus-BZA-Schweigeminute-Schueler1-300x200.jpg\" alt=\"\" width=\"600\" height=\"400\" class=\"alignnone size-medium wp-image-250\" srcset=\"https:\/\/schulebza.de\/gos\/wp-content\/uploads\/2021\/08\/Realschule-plus-BZA-Schweigeminute-Schueler1-300x200.jpg 300w, https:\/\/schulebza.de\/gos\/wp-content\/uploads\/2021\/08\/Realschule-plus-BZA-Schweigeminute-Schueler1-1024x683.jpg 1024w, https:\/\/schulebza.de\/gos\/wp-content\/uploads\/2021\/08\/Realschule-plus-BZA-Schweigeminute-Schueler1-768x512.jpg 768w, https:\/\/schulebza.de\/gos\/wp-content\/uploads\/2021\/08\/Realschule-plus-BZA-Schweigeminute-Schueler1-380x254.jpg 380w, https:\/\/schulebza.de\/gos\/wp-content\/uploads\/2021\/08\/Realschule-plus-BZA-Schweigeminute-Schueler1.jpg 1167w\" sizes=\"auto, (max-width: 600px) 100vw, 600px\" \/><\/p>\n","protected":false},"excerpt":{"rendered":"<p>Herzlich Willkommen auf den Seiten der Gemeinsamen Orientierungsstufe von Gymnasium und Realschule+ im Alfred-Grosser-Schulzentrum. Wir w\u00fcnschen Ihnen viel Vergn\u00fcgen beim durchst\u00f6bern der Seiten.<\/p>\n","protected":false},"author":2,"featured_media":0,"parent":0,"menu_order":0,"comment_status":"closed","ping_status":"closed","template":"","meta":{"footnotes":""},"class_list":["post-31","page","type-page","status-publish","hentry"],"_links":{"self":[{"href":"https:\/\/schulebza.de\/gos\/wp-json\/wp\/v2\/pages\/31","targetHints":{"allow":["GET"]}}],"collection":[{"href":"https:\/\/schulebza.de\/gos\/wp-json\/wp\/v2\/pages"}],"about":[{"href":"https:\/\/schulebza.de\/gos\/wp-json\/wp\/v2\/types\/page"}],"author":[{"embeddable":true,"href":"https:\/\/schulebza.de\/gos\/wp-json\/wp\/v2\/users\/2"}],"replies":[{"embeddable":true,"href":"https:\/\/schulebza.de\/gos\/wp-json\/wp\/v2\/comments?post=31"}],"version-history":[{"count":4,"href":"https:\/\/schulebza.de\/gos\/wp-json\/wp\/v2\/pages\/31\/revisions"}],"predecessor-version":[{"id":252,"href":"https:\/\/schulebza.de\/gos\/wp-json\/wp\/v2\/pages\/31\/revisions\/252"}],"wp:attachment":[{"href":"https:\/\/schulebza.de\/gos\/wp-json\/wp\/v2\/media?parent=31"}],"curies":[{"name":"wp","href":"https:\/\/api.w.org\/{rel}","templated":true}]}}