{"id":29,"date":"2021-02-16T17:03:42","date_gmt":"2021-02-16T16:03:42","guid":{"rendered":"https:\/\/schulebza.de\/gos\/?page_id=29"},"modified":"2021-08-21T19:07:23","modified_gmt":"2021-08-21T17:07:23","slug":"die-gts-stellt-sich-vor","status":"publish","type":"page","link":"https:\/\/schulebza.de\/gos\/die-gts-stellt-sich-vor\/","title":{"rendered":"Die GTS stellt sich vor"},"content":{"rendered":"<p><strong>Ganztagsschule (GTS) in Angebotsform<br \/>\n<\/strong><\/p>\n<ul>\nDas klassen\u00fcbergreifende und jahrgangs\u00fcbergreifende Angebot :\n<\/ul>\n<li>Alle Sch\u00fcler\/innen der kommenden 5. und 6. Klassen k\u00f6nnen f\u00fcr dieses Angebot angemeldet werden, egal, ob sie Englisch oder Franz\u00f6sisch als 1. Fremdsprache gew\u00e4hlt oder ob sie sich f\u00fcr eine Bl\u00e4serklasse bzw. die Streicher-Lerngruppe entschieden haben. Im Nachmittagsbereich wird nach der Mittagspause eine \u201eLernzeit&#8220; angeboten, in der die Sch\u00fclerinnen und Sch\u00fcler unter Aufsicht ihre jeweiligen Hausaufgaben selbstst\u00e4ndig erledigen sollen; danach k\u00f6nnen sie je nach Interesse an einem Projekt oder einer AG teilnehmen oder je nach Bedarf eines der F\u00f6rderangebote wahrnehmen (individueller Nachmittagsplan).<\/li>\n<li>Sch\u00fclerinnen und Sch\u00fcler mit Franz\u00f6sisch 1. Fremdsprache sowie die, die den Ethik-Unterricht besuchen, haben an einem Nachmittag pro Woche Pflichtunterricht. Das bedeutet, dass GTS-Sch\u00fclerinnen und -Sch\u00fcler mit diesen F\u00e4chern am jeweiligen Nachmittag automatisch am Pflichtunterricht ihrer Lerngruppe teilnehmen.<\/li>\n<\/ul>\n<\/li>\n<\/ul>\n<p>\n<center><br \/>\n<img loading=\"lazy\" decoding=\"async\" src=\"https:\/\/schulebza.de\/gos\/wp-content\/uploads\/2021\/08\/gts-300x200.jpeg\" alt=\"\" width=\"600\" height=\"400\" class=\"alignnone size-medium wp-image-192\" srcset=\"https:\/\/schulebza.de\/gos\/wp-content\/uploads\/2021\/08\/gts-300x200.jpeg 300w, https:\/\/schulebza.de\/gos\/wp-content\/uploads\/2021\/08\/gts-380x254.jpeg 380w, https:\/\/schulebza.de\/gos\/wp-content\/uploads\/2021\/08\/gts.jpeg 524w\" sizes=\"auto, (max-width: 600px) 100vw, 600px\" \/><\/p>\n","protected":false},"excerpt":{"rendered":"<p>Ganztagsschule (GTS) in Angebotsform Das klassen\u00fcbergreifende und jahrgangs\u00fcbergreifende Angebot : Alle Sch\u00fcler\/innen der kommenden 5. und 6. Klassen k\u00f6nnen f\u00fcr dieses Angebot angemeldet werden, egal, ob sie Englisch oder Franz\u00f6sisch als 1. Fremdsprache gew\u00e4hlt oder ob sie sich f\u00fcr eine Bl\u00e4serklasse bzw. die Streicher-Lerngruppe entschieden haben. Im Nachmittagsbereich wird nach der Mittagspause eine \u201eLernzeit&#8220; angeboten,&#8230;<\/p>\n<p class=\"more-link\"><a href=\"https:\/\/schulebza.de\/gos\/die-gts-stellt-sich-vor\/\"><span>Read More<\/span><i>&#43;<\/i><\/a><\/p>\n","protected":false},"author":2,"featured_media":0,"parent":0,"menu_order":0,"comment_status":"closed","ping_status":"closed","template":"","meta":{"footnotes":""},"class_list":["post-29","page","type-page","status-publish","hentry"],"_links":{"self":[{"href":"https:\/\/schulebza.de\/gos\/wp-json\/wp\/v2\/pages\/29","targetHints":{"allow":["GET"]}}],"collection":[{"href":"https:\/\/schulebza.de\/gos\/wp-json\/wp\/v2\/pages"}],"about":[{"href":"https:\/\/schulebza.de\/gos\/wp-json\/wp\/v2\/types\/page"}],"author":[{"embeddable":true,"href":"https:\/\/schulebza.de\/gos\/wp-json\/wp\/v2\/users\/2"}],"replies":[{"embeddable":true,"href":"https:\/\/schulebza.de\/gos\/wp-json\/wp\/v2\/comments?post=29"}],"version-history":[{"count":6,"href":"https:\/\/schulebza.de\/gos\/wp-json\/wp\/v2\/pages\/29\/revisions"}],"predecessor-version":[{"id":193,"href":"https:\/\/schulebza.de\/gos\/wp-json\/wp\/v2\/pages\/29\/revisions\/193"}],"wp:attachment":[{"href":"https:\/\/schulebza.de\/gos\/wp-json\/wp\/v2\/media?parent=29"}],"curies":[{"name":"wp","href":"https:\/\/api.w.org\/{rel}","templated":true}]}}