{"id":221,"date":"2021-08-22T13:47:00","date_gmt":"2021-08-22T11:47:00","guid":{"rendered":"https:\/\/schulebza.de\/gos\/?page_id=221"},"modified":"2021-08-22T14:49:40","modified_gmt":"2021-08-22T12:49:40","slug":"nawi-klasse","status":"publish","type":"page","link":"https:\/\/schulebza.de\/gos\/nawi-klasse\/","title":{"rendered":"NaWi-Klassen"},"content":{"rendered":"<p>Mit dem Schuljahr 2015\/16 wurde das Angebot zur Schwerpunktsetzung in der <a href=\"http:\/\/schulebza.de\/gymnasiumneu\/gos\/\">GOS<\/a> um die \u201cNaWi-Klasse\u201c erweitert. Hier erhalten die Sch\u00fcler einen vertieften <a href=\"http:\/\/schulebza.de\/gymnasiumneu\/mint\/\">naturwissenschaftlichen Unterricht<\/a> durch \u2026<\/p>\n<ul>\n<li>zwei zus\u00e4tzliche Stunden am Nachmittag, in denen im Teamteaching mit einer zweiten Lehrkraft verst\u00e4rkt handlungs- und praxisorientiert an konkreten naturwissenschaftlichen Ph\u00e4nomenen oder langfristigen Projekten gearbeitet wird.<\/li>\n<li>eine mehrt\u00e4gige fachbezogene Klassenfahrt.<\/li>\n<\/ul>\n<div class=\"su-image-carousel  su-image-carousel-has-spacing su-image-carousel-crop su-image-carousel-crop-16-9 su-image-carousel-has-outline su-image-carousel-adaptive su-image-carousel-slides-style-photo su-image-carousel-controls-style-dark su-image-carousel-align-center\" style=\"\" data-flickity-options='{\"groupCells\":true,\"cellSelector\":\".su-image-carousel-item\",\"adaptiveHeight\":false,\"cellAlign\":\"left\",\"prevNextButtons\":true,\"pageDots\":true,\"autoPlay\":4000,\"imagesLoaded\":true,\"contain\":true,\"selectedAttraction\":0.1499999999999999944488848768742172978818416595458984375,\"friction\":1}' id=\"su_image_carousel_69e190cf1b357\"><div class=\"su-image-carousel-item\"><div class=\"su-image-carousel-item-content\"><img loading=\"lazy\" decoding=\"async\" width=\"649\" height=\"650\" src=\"https:\/\/schulebza.de\/gos\/wp-content\/uploads\/2021\/08\/otter21.jpg\" class=\"\" alt=\"Otterberg 2018\" srcset=\"https:\/\/schulebza.de\/gos\/wp-content\/uploads\/2021\/08\/otter21.jpg 649w, https:\/\/schulebza.de\/gos\/wp-content\/uploads\/2021\/08\/otter21-300x300.jpg 300w, https:\/\/schulebza.de\/gos\/wp-content\/uploads\/2021\/08\/otter21-150x150.jpg 150w\" sizes=\"auto, (max-width: 649px) 100vw, 649px\" \/><span>Otterberg 2018<\/span><\/div><\/div><div class=\"su-image-carousel-item\"><div class=\"su-image-carousel-item-content\"><img loading=\"lazy\" decoding=\"async\" width=\"648\" height=\"650\" src=\"https:\/\/schulebza.de\/gos\/wp-content\/uploads\/2021\/08\/otter11.jpg\" class=\"\" alt=\"\" srcset=\"https:\/\/schulebza.de\/gos\/wp-content\/uploads\/2021\/08\/otter11.jpg 648w, https:\/\/schulebza.de\/gos\/wp-content\/uploads\/2021\/08\/otter11-300x300.jpg 300w, https:\/\/schulebza.de\/gos\/wp-content\/uploads\/2021\/08\/otter11-150x150.jpg 150w\" sizes=\"auto, (max-width: 648px) 100vw, 648px\" \/><span>Otterberg 2018<\/span><\/div><\/div><\/div><script id=\"su_image_carousel_69e190cf1b357_script\">if(window.SUImageCarousel){setTimeout(function() {window.SUImageCarousel.initGallery(document.getElementById(\"su_image_carousel_69e190cf1b357\"))}, 0);}var su_image_carousel_69e190cf1b357_script=document.getElementById(\"su_image_carousel_69e190cf1b357_script\");if(su_image_carousel_69e190cf1b357_script){su_image_carousel_69e190cf1b357_script.parentNode.removeChild(su_image_carousel_69e190cf1b357_script);}<\/script>\n<ul>\n<li>weitere Projekttage, Unterrichtg\u00e4nge oder Teilnahme an <a href=\"http:\/\/schulebza.de\/gymnasiumneu\/wettbewerbe\/\">Wettbewerben<\/a>, wie dem Informatikbiber <em>(verlinken <\/em><a href=\"https:\/\/bwinf.de\/biber\"><em>https:\/\/bwinf.de\/biber<\/em><\/a><em>)<\/em>.<\/li>\n<\/ul>\n<div class=\"su-image-carousel  su-image-carousel-has-spacing su-image-carousel-crop su-image-carousel-crop-16-9 su-image-carousel-has-outline su-image-carousel-adaptive su-image-carousel-slides-style-photo su-image-carousel-controls-style-dark su-image-carousel-align-center\" style=\"\" data-flickity-options='{\"groupCells\":true,\"cellSelector\":\".su-image-carousel-item\",\"adaptiveHeight\":false,\"cellAlign\":\"left\",\"prevNextButtons\":true,\"pageDots\":true,\"autoPlay\":4000,\"imagesLoaded\":true,\"contain\":true,\"selectedAttraction\":0.1499999999999999944488848768742172978818416595458984375,\"friction\":1}' id=\"su_image_carousel_69e190cf1b7f9\"><div class=\"su-image-carousel-item\"><div class=\"su-image-carousel-item-content\"><img loading=\"lazy\" decoding=\"async\" width=\"651\" height=\"650\" src=\"https:\/\/schulebza.de\/gos\/wp-content\/uploads\/2021\/08\/kidslab11.jpg\" class=\"\" alt=\"2019 im Kids Lab der BASF\" srcset=\"https:\/\/schulebza.de\/gos\/wp-content\/uploads\/2021\/08\/kidslab11.jpg 651w, https:\/\/schulebza.de\/gos\/wp-content\/uploads\/2021\/08\/kidslab11-300x300.jpg 300w, https:\/\/schulebza.de\/gos\/wp-content\/uploads\/2021\/08\/kidslab11-150x150.jpg 150w\" sizes=\"auto, (max-width: 651px) 100vw, 651px\" \/><span>2019 im Kids Lab der BASF<\/span><\/div><\/div><div class=\"su-image-carousel-item\"><div class=\"su-image-carousel-item-content\"><img loading=\"lazy\" decoding=\"async\" width=\"651\" height=\"650\" src=\"https:\/\/schulebza.de\/gos\/wp-content\/uploads\/2021\/08\/kidslab21.jpg\" class=\"\" alt=\"2019 im Kids Lab der BASF\" srcset=\"https:\/\/schulebza.de\/gos\/wp-content\/uploads\/2021\/08\/kidslab21.jpg 651w, https:\/\/schulebza.de\/gos\/wp-content\/uploads\/2021\/08\/kidslab21-300x300.jpg 300w, https:\/\/schulebza.de\/gos\/wp-content\/uploads\/2021\/08\/kidslab21-150x150.jpg 150w\" sizes=\"auto, (max-width: 651px) 100vw, 651px\" \/><span>2019 im Kids Lab der BASF<\/span><\/div><\/div><\/div><script id=\"su_image_carousel_69e190cf1b7f9_script\">if(window.SUImageCarousel){setTimeout(function() {window.SUImageCarousel.initGallery(document.getElementById(\"su_image_carousel_69e190cf1b7f9\"))}, 0);}var su_image_carousel_69e190cf1b7f9_script=document.getElementById(\"su_image_carousel_69e190cf1b7f9_script\");if(su_image_carousel_69e190cf1b7f9_script){su_image_carousel_69e190cf1b7f9_script.parentNode.removeChild(su_image_carousel_69e190cf1b7f9_script);}<\/script>\n<p>Inhaltlich werden die Sch\u00fcler mit einem breiten Konzeptwissen und Fachwortschaft aus den naturwissenschaftlichen Teildisziplinen <a href=\"http:\/\/schulebza.de\/gymnasiumneu\/mint\/\">Biologie, Physik und Chemie<\/a> sowie den Geowissenschaften auf den weiterf\u00fchrenden Fachunterricht der Mittelstufe vorbereitet.<\/p>\n<p>Methodisch legt der NaWi-Unterricht den Schwerpunkt auf das Einf\u00fchren und \u00dcben naturwissenschaftlicher Arbeits- und Denkweisen, wie dem \u2026<\/p>\n<ul>\n<li>Hinterfragen nat\u00fcrlicher Ph\u00e4nomene,<\/li>\n<li>Entwickeln von Hypothesen auf Basis des erworbenen Fachwissens,<\/li>\n<li>Planen und Durchf\u00fchren von Versuchen und Experimenten,<\/li>\n<li>genauen Erfassen und Darstellen von Beobachtungen, z.B. durch exakte Messungen oder mikroskopische Zeichnungen,<\/li>\n<li>Arbeiten mit Modellen.<\/li>\n<\/ul>\n<p>Zentrales Element naturwissenschaftlichen Arbeitens ist das Erstellen eines Protokolls, welches den Erkenntnisgewinn dokumentiert. Durch das Vortragen und Pr\u00e4sentieren von Versuchsergebnissen, bei denen sich die Sch\u00fcler auch Fragen und Kritik der Mitsch\u00fcler stellen m\u00fcssen, gewinnen sie an Selbstvertrauen.<\/p>\n<p>Die folgende Bilderserie zeigt eine Auswahl der Projekte der letzten Jahre:<\/p>\n<div class=\"su-image-carousel  su-image-carousel-has-spacing su-image-carousel-crop su-image-carousel-crop-16-9 su-image-carousel-has-outline su-image-carousel-adaptive su-image-carousel-slides-style-photo su-image-carousel-controls-style-dark su-image-carousel-align-center\" style=\"\" data-flickity-options='{\"groupCells\":true,\"cellSelector\":\".su-image-carousel-item\",\"adaptiveHeight\":false,\"cellAlign\":\"left\",\"prevNextButtons\":true,\"pageDots\":true,\"autoPlay\":4000,\"imagesLoaded\":true,\"contain\":true,\"selectedAttraction\":0.1499999999999999944488848768742172978818416595458984375,\"friction\":1}' id=\"su_image_carousel_69e190cf1bfc4\"><div class=\"su-image-carousel-item\"><div class=\"su-image-carousel-item-content\"><img loading=\"lazy\" decoding=\"async\" width=\"768\" height=\"576\" src=\"https:\/\/schulebza.de\/gos\/wp-content\/uploads\/2021\/08\/IMG_20210713_143841_5-768x576.jpg\" class=\"\" alt=\"Bei der Pferdetherapeutin 2021\" srcset=\"https:\/\/schulebza.de\/gos\/wp-content\/uploads\/2021\/08\/IMG_20210713_143841_5-768x576.jpg 768w, https:\/\/schulebza.de\/gos\/wp-content\/uploads\/2021\/08\/IMG_20210713_143841_5-300x225.jpg 300w, https:\/\/schulebza.de\/gos\/wp-content\/uploads\/2021\/08\/IMG_20210713_143841_5-1024x768.jpg 1024w, https:\/\/schulebza.de\/gos\/wp-content\/uploads\/2021\/08\/IMG_20210713_143841_5.jpg 1405w\" sizes=\"auto, (max-width: 768px) 100vw, 768px\" \/><span>Bei der Pferdetherapeutin 2021<\/span><\/div><\/div><div class=\"su-image-carousel-item\"><div class=\"su-image-carousel-item-content\"><img loading=\"lazy\" decoding=\"async\" width=\"768\" height=\"576\" src=\"https:\/\/schulebza.de\/gos\/wp-content\/uploads\/2021\/08\/IMG_20210713_135234_7-768x576.jpg\" class=\"\" alt=\"Bei der Pferdetherapeutin 2021\" srcset=\"https:\/\/schulebza.de\/gos\/wp-content\/uploads\/2021\/08\/IMG_20210713_135234_7-768x576.jpg 768w, https:\/\/schulebza.de\/gos\/wp-content\/uploads\/2021\/08\/IMG_20210713_135234_7-300x225.jpg 300w, https:\/\/schulebza.de\/gos\/wp-content\/uploads\/2021\/08\/IMG_20210713_135234_7-1024x768.jpg 1024w, https:\/\/schulebza.de\/gos\/wp-content\/uploads\/2021\/08\/IMG_20210713_135234_7-1536x1152.jpg 1536w, https:\/\/schulebza.de\/gos\/wp-content\/uploads\/2021\/08\/IMG_20210713_135234_7.jpg 1752w\" sizes=\"auto, (max-width: 768px) 100vw, 768px\" \/><span>Bei der Pferdetherapeutin 2021<\/span><\/div><\/div><div class=\"su-image-carousel-item\"><div class=\"su-image-carousel-item-content\"><img loading=\"lazy\" decoding=\"async\" width=\"604\" height=\"807\" src=\"https:\/\/schulebza.de\/gos\/wp-content\/uploads\/2021\/08\/Winzer1.jpg\" class=\"\" alt=\"Die Arbeit der Winzer 2016\" srcset=\"https:\/\/schulebza.de\/gos\/wp-content\/uploads\/2021\/08\/Winzer1.jpg 604w, https:\/\/schulebza.de\/gos\/wp-content\/uploads\/2021\/08\/Winzer1-225x300.jpg 225w\" sizes=\"auto, (max-width: 604px) 100vw, 604px\" \/><span>Die Arbeit der Winzer 2016<\/span><\/div><\/div><div class=\"su-image-carousel-item\"><div class=\"su-image-carousel-item-content\"><img loading=\"lazy\" decoding=\"async\" width=\"606\" height=\"607\" src=\"https:\/\/schulebza.de\/gos\/wp-content\/uploads\/2021\/08\/Streuobstwiese21.jpg\" class=\"\" alt=\"Die Streuobstwiese im Jahresverlauf 2017\/2019\" srcset=\"https:\/\/schulebza.de\/gos\/wp-content\/uploads\/2021\/08\/Streuobstwiese21.jpg 606w, https:\/\/schulebza.de\/gos\/wp-content\/uploads\/2021\/08\/Streuobstwiese21-300x300.jpg 300w, https:\/\/schulebza.de\/gos\/wp-content\/uploads\/2021\/08\/Streuobstwiese21-150x150.jpg 150w\" sizes=\"auto, (max-width: 606px) 100vw, 606px\" \/><span>Die Streuobstwiese im Jahresverlauf 2017\/2019<\/span><\/div><\/div><div class=\"su-image-carousel-item\"><div class=\"su-image-carousel-item-content\"><img loading=\"lazy\" decoding=\"async\" width=\"606\" height=\"607\" src=\"https:\/\/schulebza.de\/gos\/wp-content\/uploads\/2021\/08\/Streuobstwiese11.jpg\" class=\"\" alt=\"Die Streuobstwiese im Jahresverlauf 2017\/2019\" srcset=\"https:\/\/schulebza.de\/gos\/wp-content\/uploads\/2021\/08\/Streuobstwiese11.jpg 606w, https:\/\/schulebza.de\/gos\/wp-content\/uploads\/2021\/08\/Streuobstwiese11-300x300.jpg 300w, https:\/\/schulebza.de\/gos\/wp-content\/uploads\/2021\/08\/Streuobstwiese11-150x150.jpg 150w\" sizes=\"auto, (max-width: 606px) 100vw, 606px\" \/><span>Die Streuobstwiese im Jahresverlauf 2017\/2019<\/span><\/div><\/div><div class=\"su-image-carousel-item\"><div class=\"su-image-carousel-item-content\"><img loading=\"lazy\" decoding=\"async\" width=\"571\" height=\"762\" src=\"https:\/\/schulebza.de\/gos\/wp-content\/uploads\/2021\/08\/Gartenarche1.jpg\" class=\"\" alt=\"Bau einer Gartenarche 2016\/2018\" srcset=\"https:\/\/schulebza.de\/gos\/wp-content\/uploads\/2021\/08\/Gartenarche1.jpg 571w, https:\/\/schulebza.de\/gos\/wp-content\/uploads\/2021\/08\/Gartenarche1-225x300.jpg 225w\" sizes=\"auto, (max-width: 571px) 100vw, 571px\" \/><span>Bau einer Gartenarche 2016\/2018<\/span><\/div><\/div><\/div><script id=\"su_image_carousel_69e190cf1bfc4_script\">if(window.SUImageCarousel){setTimeout(function() {window.SUImageCarousel.initGallery(document.getElementById(\"su_image_carousel_69e190cf1bfc4\"))}, 0);}var su_image_carousel_69e190cf1bfc4_script=document.getElementById(\"su_image_carousel_69e190cf1bfc4_script\");if(su_image_carousel_69e190cf1bfc4_script){su_image_carousel_69e190cf1bfc4_script.parentNode.removeChild(su_image_carousel_69e190cf1bfc4_script);}<\/script>\n<p>&nbsp;<\/p>\n","protected":false},"excerpt":{"rendered":"<p>Mit dem Schuljahr 2015\/16 wurde das Angebot zur Schwerpunktsetzung in der GOS um die \u201cNaWi-Klasse\u201c erweitert. Hier erhalten die Sch\u00fcler einen vertieften naturwissenschaftlichen Unterricht durch \u2026 zwei zus\u00e4tzliche Stunden am Nachmittag, in denen im Teamteaching mit einer zweiten Lehrkraft verst\u00e4rkt handlungs- und praxisorientiert an konkreten naturwissenschaftlichen Ph\u00e4nomenen oder langfristigen Projekten gearbeitet wird. eine mehrt\u00e4gige fachbezogene&#8230;<\/p>\n<p class=\"more-link\"><a href=\"https:\/\/schulebza.de\/gos\/nawi-klasse\/\"><span>Read More<\/span><i>&#43;<\/i><\/a><\/p>\n","protected":false},"author":2,"featured_media":0,"parent":0,"menu_order":0,"comment_status":"closed","ping_status":"closed","template":"","meta":{"footnotes":""},"class_list":["post-221","page","type-page","status-publish","hentry"],"_links":{"self":[{"href":"https:\/\/schulebza.de\/gos\/wp-json\/wp\/v2\/pages\/221","targetHints":{"allow":["GET"]}}],"collection":[{"href":"https:\/\/schulebza.de\/gos\/wp-json\/wp\/v2\/pages"}],"about":[{"href":"https:\/\/schulebza.de\/gos\/wp-json\/wp\/v2\/types\/page"}],"author":[{"embeddable":true,"href":"https:\/\/schulebza.de\/gos\/wp-json\/wp\/v2\/users\/2"}],"replies":[{"embeddable":true,"href":"https:\/\/schulebza.de\/gos\/wp-json\/wp\/v2\/comments?post=221"}],"version-history":[{"count":10,"href":"https:\/\/schulebza.de\/gos\/wp-json\/wp\/v2\/pages\/221\/revisions"}],"predecessor-version":[{"id":247,"href":"https:\/\/schulebza.de\/gos\/wp-json\/wp\/v2\/pages\/221\/revisions\/247"}],"wp:attachment":[{"href":"https:\/\/schulebza.de\/gos\/wp-json\/wp\/v2\/media?parent=221"}],"curies":[{"name":"wp","href":"https:\/\/api.w.org\/{rel}","templated":true}]}}