{"id":204,"date":"2021-08-22T10:35:59","date_gmt":"2021-08-22T08:35:59","guid":{"rendered":"https:\/\/schulebza.de\/gos\/?page_id=204"},"modified":"2026-04-15T09:37:12","modified_gmt":"2026-04-15T07:37:12","slug":"zweiten-fremdsprache-wpf-wahl","status":"publish","type":"page","link":"https:\/\/schulebza.de\/gos\/zweiten-fremdsprache-wpf-wahl\/","title":{"rendered":"Zweite Fremdsprache \/ WPF-Wahl"},"content":{"rendered":"<p>Informationen \u00fcber die 2. Fremdsprache Franz\u00f6sisch ab der 6.Klasse.<\/p>\n<p>Pr\u00e4sentation f\u00fcr die Eltern<br \/>\n<div class=\"_df_book df-lite\" id=\"df_359\"  _slug=\"359\" data-title=\"wpf-info-eltern\" wpoptions=\"true\" thumbtype=\"\" ><\/div><script class=\"df-shortcode-script\" nowprocket type=\"application\/javascript\">window.option_df_359 = {\"outline\":[],\"backgroundColor\":\"#fff\",\"height\":\"500\",\"autoEnableOutline\":\"false\",\"autoEnableThumbnail\":\"false\",\"overwritePDFOutline\":\"false\",\"direction\":\"1\",\"pageSize\":\"0\",\"pageMode\":\"1\",\"controlsPosition\":\"hide\",\"source\":\"https:\\\/\\\/schulebza.de\\\/gos\\\/wp-content\\\/uploads\\\/2021\\\/08\\\/Elterninofrmationsabend-F2-WPF.pdf\",\"wpOptions\":\"true\"}; if(window.DFLIP && window.DFLIP.parseBooks){window.DFLIP.parseBooks();}<\/script>\n<ul><\/ul>\n<p>&nbsp;<\/p>\n<ul><\/ul>\n<p>\nPr\u00e4sentation f\u00fcr Sch\u00fcler:innen<br \/>\n<div class=\"_df_book df-lite\" id=\"df_354\"  _slug=\"zweite-fs-sus\" data-title=\"zweite-fs-sus\" wpoptions=\"true\" thumbtype=\"\" ><\/div><script class=\"df-shortcode-script\" nowprocket type=\"application\/javascript\">window.option_df_354 = {\"outline\":[],\"backgroundColor\":\"#fff\",\"height\":\"500\",\"autoEnableOutline\":\"false\",\"autoEnableThumbnail\":\"false\",\"overwritePDFOutline\":\"false\",\"direction\":\"1\",\"pageSize\":\"1\",\"pageMode\":\"1\",\"controlsPosition\":\"hide\",\"source\":\"https:\\\/\\\/schulebza.de\\\/gos\\\/wp-content\\\/uploads\\\/2021\\\/08\\\/Praesentation_fuer_GOSHomepage_2.FSFranzoesisch.pdf\",\"wpOptions\":\"true\"}; if(window.DFLIP && window.DFLIP.parseBooks){window.DFLIP.parseBooks();}<\/script>\n<p>&nbsp;<\/p>\n<p>&nbsp;<\/p>\n<ul><\/ul>\n\n<div\n    class='wp-block-pdfp-pdf-poster  alignnone'\n    id='block-2'\n    data-attributes='{&quot;uniqueId&quot;:&quot;pdfp1&quot;,&quot;file&quot;:&quot;https:\\\/\\\/schulebza.de\\\/gos\\\/wp-content\\\/uploads\\\/2024\\\/04\\\/Informationen-fuer-5.-Klasse-Franzoesisch-2.-Fremdsprache.pdf&quot;,&quot;title&quot;:&quot;Informationen f\\u00fcr Kl.6 Franz\\u00f6sisch&quot;,&quot;height&quot;:&quot;842px&quot;,&quot;width&quot;:&quot;100%&quot;,&quot;print&quot;:false,&quot;fullscreenButton&quot;:true,&quot;fullscreenButtonText&quot;:&quot;View Fullscreen&quot;,&quot;newWindow&quot;:false,&quot;showName&quot;:false,&quot;downloadButton&quot;:true,&quot;downloadButtonText&quot;:&quot;Download File&quot;,&quot;protect&quot;:false,&quot;onlyPDF&quot;:false,&quot;defaultBrowser&quot;:false,&quot;thumbMenu&quot;:false,&quot;initialPage&quot;:&quot;1&quot;,&quot;sidebarOpen&quot;:false,&quot;lastVersion&quot;:false,&quot;hrScroll&quot;:false,&quot;alert&quot;:false,&quot;btnStyles&quot;:{&quot;background&quot;:&quot;#1e73be&quot;,&quot;color&quot;:&quot;#fff&quot;,&quot;fontSize&quot;:&quot;rem&quot;,&quot;padding&quot;:{&quot;top&quot;:10,&quot;right&quot;:20,&quot;bottom&quot;:10,&quot;left&quot;:10}},&quot;popupOptions&quot;:{&quot;enabled&quot;:false,&quot;text&quot;:&quot;Open PDF&quot;,&quot;btnStyle&quot;:{&quot;background&quot;:&quot;#1e73be&quot;,&quot;color&quot;:&quot;#fff&quot;,&quot;fontSize&quot;:&quot;rem&quot;,&quot;padding&quot;:{&quot;top&quot;:10,&quot;right&quot;:20,&quot;bottom&quot;:10,&quot;left&quot;:10}}},&quot;socialShare&quot;:{&quot;enabled&quot;:false,&quot;facebook&quot;:false,&quot;twitter&quot;:false,&quot;linkedin&quot;:false,&quot;pinterest&quot;:false,&quot;position&quot;:&quot;top&quot;},&quot;adobeEmbedder&quot;:false,&quot;align&quot;:&quot;none&quot;,&quot;alignment&quot;:&quot;left&quot;,&quot;titleFontSize&quot;:&quot;16px&quot;,&quot;isHideRightToolbar&quot;:false,&quot;additional&quot;:{&quot;ID&quot;:&quot;&quot;,&quot;Class&quot;:&quot;&quot;,&quot;CSS&quot;:&quot;&quot;},&quot;adobeOptions&quot;:{&quot;showDownloadPDF&quot;:true,&quot;showPrintPDF&quot;:true,&quot;showAnnotationTools&quot;:true,&quot;showFullScreen&quot;:false,&quot;embedMode&quot;:&quot;SIZED_CONTAINER&quot;},&quot;popupBtnStyle&quot;:{&quot;background&quot;:&quot;#2271b1&quot;,&quot;color&quot;:&quot;#fff&quot;,&quot;padding&quot;:{&quot;top&quot;:10,&quot;right&quot;:20,&quot;bottom&quot;:10,&quot;left&quot;:10}},&quot;popupBtnText&quot;:&quot;Open Document&quot;,&quot;CSS&quot;:&quot;&quot;,&quot;extended_widget_opts_block&quot;:{},&quot;extended_widget_opts&quot;:{},&quot;extended_widget_opts_state&quot;:&quot;&quot;,&quot;extended_widget_opts_clientid&quot;:&quot;&quot;,&quot;dateUpdated&quot;:&quot;&quot;,&quot;isPremium&quot;:false}'\n    style=\"text-align: left\">\n    \n        <iframe loading=\"lazy\" title=\"Informationen f\u00fcr Kl.6 Franz\u00f6sisch\" style=\"border:0;\" width=\"100%\" height=\"800px\" class=\"pdfp_unsupported_frame\" src=\"\/\/docs.google.com\/gview?embedded=true&url=https:\/\/schulebza.de\/gos\/wp-content\/uploads\/2024\/04\/Informationen-fuer-5.-Klasse-Franzoesisch-2.-Fremdsprache.pdf\"><\/iframe>\n\n    <\/div>\n\n<ul><\/ul>\n<p>&nbsp;<\/p>\n<p>\nInformationen zum Wahlpflichtfach<br \/>\n<div class=\"_df_book df-lite\" id=\"df_349\"  _slug=\"wpf-info\" data-title=\"wpf-info\" wpoptions=\"true\" thumbtype=\"\" ><\/div><script class=\"df-shortcode-script\" nowprocket type=\"application\/javascript\">window.option_df_349 = {\"outline\":[],\"backgroundColor\":\"#fff\",\"height\":\"500\",\"autoEnableOutline\":\"false\",\"autoEnableThumbnail\":\"false\",\"overwritePDFOutline\":\"false\",\"direction\":\"1\",\"pageSize\":\"1\",\"pageMode\":\"1\",\"controlsPosition\":\"hide\",\"source\":\"https:\\\/\\\/schulebza.de\\\/gos\\\/wp-content\\\/uploads\\\/2021\\\/09\\\/WPF-Info-5-Klaessler_small.pdf\",\"wpOptions\":\"true\"}; if(window.DFLIP && window.DFLIP.parseBooks){window.DFLIP.parseBooks();}<\/script>\n<ul><\/ul>\n\n<div\n    class='wp-block-pdfp-pdf-poster  alignnone'\n    id='block-4'\n    data-attributes='{&quot;uniqueId&quot;:&quot;pdfp3&quot;,&quot;file&quot;:&quot;https:\\\/\\\/schulebza.de\\\/gos\\\/wp-content\\\/uploads\\\/2024\\\/04\\\/Informationen-zum-Wahlpflichtfachbereich-6-2024.pdf&quot;,&quot;title&quot;:&quot;Informationen zum Wahlpflichtbereich Kl.6&quot;,&quot;height&quot;:&quot;842px&quot;,&quot;width&quot;:&quot;100%&quot;,&quot;print&quot;:false,&quot;fullscreenButton&quot;:true,&quot;fullscreenButtonText&quot;:&quot;View Fullscreen&quot;,&quot;newWindow&quot;:false,&quot;showName&quot;:false,&quot;downloadButton&quot;:true,&quot;downloadButtonText&quot;:&quot;Download File&quot;,&quot;protect&quot;:false,&quot;onlyPDF&quot;:false,&quot;defaultBrowser&quot;:false,&quot;thumbMenu&quot;:false,&quot;initialPage&quot;:&quot;1&quot;,&quot;sidebarOpen&quot;:false,&quot;lastVersion&quot;:false,&quot;hrScroll&quot;:false,&quot;alert&quot;:false,&quot;btnStyles&quot;:{&quot;background&quot;:&quot;#1e73be&quot;,&quot;color&quot;:&quot;#fff&quot;,&quot;fontSize&quot;:&quot;rem&quot;,&quot;padding&quot;:{&quot;top&quot;:10,&quot;right&quot;:20,&quot;bottom&quot;:10,&quot;left&quot;:10}},&quot;popupOptions&quot;:{&quot;enabled&quot;:false,&quot;text&quot;:&quot;Open PDF&quot;,&quot;btnStyle&quot;:{&quot;background&quot;:&quot;#1e73be&quot;,&quot;color&quot;:&quot;#fff&quot;,&quot;fontSize&quot;:&quot;rem&quot;,&quot;padding&quot;:{&quot;top&quot;:10,&quot;right&quot;:20,&quot;bottom&quot;:10,&quot;left&quot;:10}}},&quot;socialShare&quot;:{&quot;enabled&quot;:false,&quot;facebook&quot;:false,&quot;twitter&quot;:false,&quot;linkedin&quot;:false,&quot;pinterest&quot;:false,&quot;position&quot;:&quot;top&quot;},&quot;adobeEmbedder&quot;:false,&quot;align&quot;:&quot;none&quot;,&quot;alignment&quot;:&quot;left&quot;,&quot;titleFontSize&quot;:&quot;16px&quot;,&quot;isHideRightToolbar&quot;:false,&quot;additional&quot;:{&quot;ID&quot;:&quot;&quot;,&quot;Class&quot;:&quot;&quot;,&quot;CSS&quot;:&quot;&quot;},&quot;adobeOptions&quot;:{&quot;showDownloadPDF&quot;:true,&quot;showPrintPDF&quot;:true,&quot;showAnnotationTools&quot;:true,&quot;showFullScreen&quot;:false,&quot;embedMode&quot;:&quot;SIZED_CONTAINER&quot;},&quot;popupBtnStyle&quot;:{&quot;background&quot;:&quot;#2271b1&quot;,&quot;color&quot;:&quot;#fff&quot;,&quot;padding&quot;:{&quot;top&quot;:10,&quot;right&quot;:20,&quot;bottom&quot;:10,&quot;left&quot;:10}},&quot;popupBtnText&quot;:&quot;Open Document&quot;,&quot;CSS&quot;:&quot;&quot;,&quot;extended_widget_opts_block&quot;:{},&quot;extended_widget_opts&quot;:{},&quot;extended_widget_opts_state&quot;:&quot;&quot;,&quot;extended_widget_opts_clientid&quot;:&quot;&quot;,&quot;dateUpdated&quot;:&quot;&quot;,&quot;isPremium&quot;:false}'\n    style=\"text-align: left\">\n    \n        <iframe loading=\"lazy\" title=\"Informationen zum Wahlpflichtbereich Kl.6\" style=\"border:0;\" width=\"100%\" height=\"800px\" class=\"pdfp_unsupported_frame\" src=\"\/\/docs.google.com\/gview?embedded=true&url=https:\/\/schulebza.de\/gos\/wp-content\/uploads\/2024\/04\/Informationen-zum-Wahlpflichtfachbereich-6-2024.pdf\"><\/iframe>\n\n    <\/div>\n\n<p>&nbsp;<\/p>\n","protected":false},"excerpt":{"rendered":"<p>Informationen \u00fcber die 2. Fremdsprache Franz\u00f6sisch ab der 6.Klasse. Pr\u00e4sentation f\u00fcr die Eltern &nbsp; Pr\u00e4sentation f\u00fcr Sch\u00fcler:innen &nbsp; &nbsp; &nbsp; Informationen zum Wahlpflichtfach &nbsp;<\/p>\n","protected":false},"author":2,"featured_media":0,"parent":0,"menu_order":0,"comment_status":"closed","ping_status":"closed","template":"","meta":{"footnotes":""},"class_list":["post-204","page","type-page","status-publish","hentry"],"_links":{"self":[{"href":"https:\/\/schulebza.de\/gos\/wp-json\/wp\/v2\/pages\/204","targetHints":{"allow":["GET"]}}],"collection":[{"href":"https:\/\/schulebza.de\/gos\/wp-json\/wp\/v2\/pages"}],"about":[{"href":"https:\/\/schulebza.de\/gos\/wp-json\/wp\/v2\/types\/page"}],"author":[{"embeddable":true,"href":"https:\/\/schulebza.de\/gos\/wp-json\/wp\/v2\/users\/2"}],"replies":[{"embeddable":true,"href":"https:\/\/schulebza.de\/gos\/wp-json\/wp\/v2\/comments?post=204"}],"version-history":[{"count":10,"href":"https:\/\/schulebza.de\/gos\/wp-json\/wp\/v2\/pages\/204\/revisions"}],"predecessor-version":[{"id":1215,"href":"https:\/\/schulebza.de\/gos\/wp-json\/wp\/v2\/pages\/204\/revisions\/1215"}],"wp:attachment":[{"href":"https:\/\/schulebza.de\/gos\/wp-json\/wp\/v2\/media?parent=204"}],"curies":[{"name":"wp","href":"https:\/\/api.w.org\/{rel}","templated":true}]}}