{"id":179,"date":"2021-08-21T18:53:53","date_gmt":"2021-08-21T16:53:53","guid":{"rendered":"https:\/\/schulebza.de\/gos\/?page_id=179"},"modified":"2024-12-05T22:25:16","modified_gmt":"2024-12-05T21:25:16","slug":"praesentation-gos","status":"publish","type":"page","link":"https:\/\/schulebza.de\/gos\/praesentation-gos\/","title":{"rendered":"Pr\u00e4sentation GOS"},"content":{"rendered":"<p>Sehr geehrte Eltern und Erziehungsberechtigte,<br \/>\ndie Informationen \u00fcber unsere GOS, wie wir sie in unseren Infoveranstaltungen weitergeben, k\u00f6nnen Sie auch der interaktiven Pr\u00e4sentation entnehmen.<br \/>\nSollten Sie noch offene Fragen haben, k\u00f6nnen Sie gerne auch \u00fcber das Sekretariat 06343-989020 einen telefonischen Beratungstermin mit uns vereinbaren.<\/p>\n<p>Viele Gr\u00fc\u00dfe<\/p>\n<p>Sabine Bott und Judith Hafner<\/p>\n<p><span><div class=\"_df_book df-lite\" id=\"df_968\"  _slug=\"968\" data-title=\"die-gos-stellt-sich-vor-stand-2024\" wpoptions=\"true\" thumbtype=\"\" ><\/div><script class=\"df-shortcode-script\" nowprocket type=\"application\/javascript\">window.option_df_968 = {\"outline\":[],\"autoEnableOutline\":\"false\",\"autoEnableThumbnail\":\"false\",\"overwritePDFOutline\":\"false\",\"direction\":\"1\",\"pageSize\":\"0\",\"source\":\"https:\\\/\\\/schulebza.de\\\/gos\\\/wp-content\\\/uploads\\\/2024\\\/12\\\/Praesentation-fuer-Homepage-2024.pdf\",\"wpOptions\":\"true\"}; if(window.DFLIP && window.DFLIP.parseBooks){window.DFLIP.parseBooks();}<\/script><\/span><\/p>\n<p>Gibts auch hier als interaktive Pr\u00e4sentation zum Download:<br \/>\n<div class='w3eden'><!-- WPDM Link Template: Default Template -->\n\n<div class=\"link-template-default card mb-2\">\n    <div class=\"card-body\">\n        <div class=\"media\">\n            <div class=\"mr-3 img-48\"><img decoding=\"async\" class=\"wpdm_icon\" alt=\"Icon\"   src=\"https:\/\/schulebza.de\/gos\/wp-content\/plugins\/download-manager\/assets\/file-type-icons\/pdf.svg\" \/><\/div>\n            <div class=\"media-body\">\n                <h3 class=\"package-title\"><a href='https:\/\/schulebza.de\/gos\/download\/die-gos-praesentiert-sich-stand-2023\/'>Die GOS pr\u00e4sentiert sich (stand: 2023)<\/a><\/h3>\n                <div class=\"text-muted text-small\"><i class=\"fas fa-copy\"><\/i> 1 Datei(en) <i class=\"fas fa-hdd ml-3\"><\/i> 1.04 MB<\/div>\n            <\/div>\n            <div class=\"ml-3\">\n                <a class='wpdm-download-link download-on-click btn btn-primary ' rel='nofollow' href='#' data-downloadurl=\"https:\/\/schulebza.de\/gos\/download\/die-gos-praesentiert-sich-stand-2023\/?wpdmdl=963&refresh=69e97d6b17d941776909675\">Download<\/a>\n            <\/div>\n        <\/div>\n    <\/div>\n<\/div>\n\n<\/div>\n","protected":false},"excerpt":{"rendered":"<p>Sehr geehrte Eltern und Erziehungsberechtigte, die Informationen \u00fcber unsere GOS, wie wir sie in unseren Infoveranstaltungen weitergeben, k\u00f6nnen Sie auch der interaktiven Pr\u00e4sentation entnehmen. Sollten Sie noch offene Fragen haben, k\u00f6nnen Sie gerne auch \u00fcber das Sekretariat 06343-989020 einen telefonischen Beratungstermin mit uns vereinbaren. Viele Gr\u00fc\u00dfe Sabine Bott und Judith Hafner Gibts auch hier als&#8230;<\/p>\n<p class=\"more-link\"><a href=\"https:\/\/schulebza.de\/gos\/praesentation-gos\/\"><span>Read More<\/span><i>&#43;<\/i><\/a><\/p>\n","protected":false},"author":2,"featured_media":0,"parent":0,"menu_order":0,"comment_status":"closed","ping_status":"closed","template":"","meta":{"footnotes":""},"class_list":["post-179","page","type-page","status-publish","hentry"],"_links":{"self":[{"href":"https:\/\/schulebza.de\/gos\/wp-json\/wp\/v2\/pages\/179","targetHints":{"allow":["GET"]}}],"collection":[{"href":"https:\/\/schulebza.de\/gos\/wp-json\/wp\/v2\/pages"}],"about":[{"href":"https:\/\/schulebza.de\/gos\/wp-json\/wp\/v2\/types\/page"}],"author":[{"embeddable":true,"href":"https:\/\/schulebza.de\/gos\/wp-json\/wp\/v2\/users\/2"}],"replies":[{"embeddable":true,"href":"https:\/\/schulebza.de\/gos\/wp-json\/wp\/v2\/comments?post=179"}],"version-history":[{"count":10,"href":"https:\/\/schulebza.de\/gos\/wp-json\/wp\/v2\/pages\/179\/revisions"}],"predecessor-version":[{"id":1125,"href":"https:\/\/schulebza.de\/gos\/wp-json\/wp\/v2\/pages\/179\/revisions\/1125"}],"wp:attachment":[{"href":"https:\/\/schulebza.de\/gos\/wp-json\/wp\/v2\/media?parent=179"}],"curies":[{"name":"wp","href":"https:\/\/api.w.org\/{rel}","templated":true}]}}