{"id":155,"date":"2021-08-21T18:28:39","date_gmt":"2021-08-21T16:28:39","guid":{"rendered":"https:\/\/schulebza.de\/gos\/?page_id=155"},"modified":"2021-08-21T18:38:23","modified_gmt":"2021-08-21T16:38:23","slug":"informationen-fuer-die-neuen-7-klassen","status":"publish","type":"page","link":"https:\/\/schulebza.de\/gos\/informationen-fuer-die-neuen-7-klassen\/","title":{"rendered":"Informationen f\u00fcr die neuen 7.Klassen"},"content":{"rendered":"<p>Informationen f\u00fcr den <strong>\u00dcbergang ans Gymnasium<\/strong> finden Sie hier.<br \/>\n<div class='w3eden'><!-- WPDM Link Template: Default Template -->\n\n<div class=\"link-template-default card mb-2\">\n    <div class=\"card-body\">\n        <div class=\"media\">\n            <div class=\"mr-3 img-48\"><img decoding=\"async\" class=\"wpdm_icon\" alt=\"Icon\" src=\"https:\/\/schulebza.de\/gos\/wp-content\/plugins\/download-manager\/assets\/file-type-icons\/pdf.svg\" \/><\/div>\n            <div class=\"media-body\">\n                <h3 class=\"package-title\"><a href='https:\/\/schulebza.de\/gos\/download\/informationen-fuer-eltern-und-schueler-der-neuen-7-klasse\/'>Informationen f\u00fcr Eltern und Sch\u00fcler der neuen 7. Klasse<\/a><\/h3>\n                <div class=\"text-muted text-small\"><i class=\"fas fa-copy\"><\/i> 1 Datei(en) <i class=\"fas fa-hdd ml-3\"><\/i> 72.56 KB<\/div>\n            <\/div>\n            <div class=\"ml-3\">\n                <a class='wpdm-download-link download-on-click btn btn-primary ' rel='nofollow' href='#' data-downloadurl=\"https:\/\/schulebza.de\/gos\/download\/informationen-fuer-eltern-und-schueler-der-neuen-7-klasse\/?wpdmdl=158&refresh=69e97d4c5cd091776909644\">Download<\/a>\n            <\/div>\n        <\/div>\n    <\/div>\n<\/div>\n\n<\/div>\n<br\\><br \/>\nInformationen zum bilingualen Unterricht am Gymnasium finden Sie hier.<br \/>\n<div class='w3eden'><!-- WPDM Link Template: Default Template -->\n\n<div class=\"link-template-default card mb-2\">\n    <div class=\"card-body\">\n        <div class=\"media\">\n            <div class=\"mr-3 img-48\"><img decoding=\"async\" class=\"wpdm_icon\" alt=\"Icon\" src=\"https:\/\/schulebza.de\/gos\/wp-content\/plugins\/download-manager\/assets\/file-type-icons\/pdf.svg\" \/><\/div>\n            <div class=\"media-body\">\n                <h3 class=\"package-title\"><a href='https:\/\/schulebza.de\/gos\/download\/bilingualer-unterricht\/'>Bilingualer Unterricht<\/a><\/h3>\n                <div class=\"text-muted text-small\"><i class=\"fas fa-copy\"><\/i> 1 Datei(en) <i class=\"fas fa-hdd ml-3\"><\/i> 656.64 KB<\/div>\n            <\/div>\n            <div class=\"ml-3\">\n                <a class='wpdm-download-link download-on-click btn btn-primary ' rel='nofollow' href='#' data-downloadurl=\"https:\/\/schulebza.de\/gos\/download\/bilingualer-unterricht\/?wpdmdl=164&refresh=69e97d4c5e43a1776909644\">Download<\/a>\n            <\/div>\n        <\/div>\n    <\/div>\n<\/div>\n\n<\/div>\n<p><br\\><br \/>\nInformationen f\u00fcr den <strong>\u00dcbergang an die Realschule+<\/strong> finden Sie hier.<\/p>\n","protected":false},"excerpt":{"rendered":"<p>Informationen f\u00fcr den \u00dcbergang ans Gymnasium finden Sie hier. Informationen zum bilingualen Unterricht am Gymnasium finden Sie hier. Informationen f\u00fcr den \u00dcbergang an die Realschule+ finden Sie hier.<\/p>\n","protected":false},"author":2,"featured_media":0,"parent":0,"menu_order":0,"comment_status":"closed","ping_status":"closed","template":"","meta":{"footnotes":""},"class_list":["post-155","page","type-page","status-publish","hentry"],"_links":{"self":[{"href":"https:\/\/schulebza.de\/gos\/wp-json\/wp\/v2\/pages\/155","targetHints":{"allow":["GET"]}}],"collection":[{"href":"https:\/\/schulebza.de\/gos\/wp-json\/wp\/v2\/pages"}],"about":[{"href":"https:\/\/schulebza.de\/gos\/wp-json\/wp\/v2\/types\/page"}],"author":[{"embeddable":true,"href":"https:\/\/schulebza.de\/gos\/wp-json\/wp\/v2\/users\/2"}],"replies":[{"embeddable":true,"href":"https:\/\/schulebza.de\/gos\/wp-json\/wp\/v2\/comments?post=155"}],"version-history":[{"count":7,"href":"https:\/\/schulebza.de\/gos\/wp-json\/wp\/v2\/pages\/155\/revisions"}],"predecessor-version":[{"id":165,"href":"https:\/\/schulebza.de\/gos\/wp-json\/wp\/v2\/pages\/155\/revisions\/165"}],"wp:attachment":[{"href":"https:\/\/schulebza.de\/gos\/wp-json\/wp\/v2\/media?parent=155"}],"curies":[{"name":"wp","href":"https:\/\/api.w.org\/{rel}","templated":true}]}}