{"id":1152,"date":"2025-05-26T09:43:07","date_gmt":"2025-05-26T07:43:07","guid":{"rendered":"https:\/\/schulebza.de\/gos\/?page_id=1152"},"modified":"2025-05-26T09:43:13","modified_gmt":"2025-05-26T07:43:13","slug":"praeparation-von-schweineherzen","status":"publish","type":"page","link":"https:\/\/schulebza.de\/gos\/sachen-aus-dem-unterricht\/praeparation-von-schweineherzen\/","title":{"rendered":"Pr\u00e4paration von Schweineherzen"},"content":{"rendered":"<p>Im Projektunterricht der Nawi-Schwerpunktklasse wurden Schweineherzen pr\u00e4pariert.<\/p>\n<p>Die Sch\u00fcler*innen der 6. Klasse untersuchten die Herzen und sahen die Herzkammern, Gef\u00e4\u00dfe, Taschen- und Segelklappen sowie die Herzscheidewand.<\/p>\n<p><img loading=\"lazy\" decoding=\"async\" src=\"https:\/\/schulebza.de\/gos\/wp-content\/uploads\/2025\/05\/PXL_20250409_125600931-scaled.jpg\" alt=\"\" width=\"2560\" height=\"1928\" class=\"aligncenter size-full wp-image-1153\" srcset=\"https:\/\/schulebza.de\/gos\/wp-content\/uploads\/2025\/05\/PXL_20250409_125600931-scaled.jpg 2560w, https:\/\/schulebza.de\/gos\/wp-content\/uploads\/2025\/05\/PXL_20250409_125600931-300x226.jpg 300w, https:\/\/schulebza.de\/gos\/wp-content\/uploads\/2025\/05\/PXL_20250409_125600931-1024x771.jpg 1024w, https:\/\/schulebza.de\/gos\/wp-content\/uploads\/2025\/05\/PXL_20250409_125600931-768x578.jpg 768w, https:\/\/schulebza.de\/gos\/wp-content\/uploads\/2025\/05\/PXL_20250409_125600931-1536x1157.jpg 1536w, https:\/\/schulebza.de\/gos\/wp-content\/uploads\/2025\/05\/PXL_20250409_125600931-2048x1542.jpg 2048w\" sizes=\"auto, (max-width: 2560px) 100vw, 2560px\" \/><\/p>\n<p>&nbsp;<\/p>\n<p>Kathrin Bunde<\/p>\n","protected":false},"excerpt":{"rendered":"<p>Im Projektunterricht der Nawi-Schwerpunktklasse wurden Schweineherzen pr\u00e4pariert. Die Sch\u00fcler*innen der 6. Klasse untersuchten die Herzen und sahen die Herzkammern, Gef\u00e4\u00dfe, Taschen- und Segelklappen sowie die Herzscheidewand. &nbsp; Kathrin Bunde<\/p>\n","protected":false},"author":2,"featured_media":0,"parent":583,"menu_order":0,"comment_status":"closed","ping_status":"closed","template":"","meta":{"footnotes":""},"class_list":["post-1152","page","type-page","status-publish","hentry"],"_links":{"self":[{"href":"https:\/\/schulebza.de\/gos\/wp-json\/wp\/v2\/pages\/1152","targetHints":{"allow":["GET"]}}],"collection":[{"href":"https:\/\/schulebza.de\/gos\/wp-json\/wp\/v2\/pages"}],"about":[{"href":"https:\/\/schulebza.de\/gos\/wp-json\/wp\/v2\/types\/page"}],"author":[{"embeddable":true,"href":"https:\/\/schulebza.de\/gos\/wp-json\/wp\/v2\/users\/2"}],"replies":[{"embeddable":true,"href":"https:\/\/schulebza.de\/gos\/wp-json\/wp\/v2\/comments?post=1152"}],"version-history":[{"count":1,"href":"https:\/\/schulebza.de\/gos\/wp-json\/wp\/v2\/pages\/1152\/revisions"}],"predecessor-version":[{"id":1154,"href":"https:\/\/schulebza.de\/gos\/wp-json\/wp\/v2\/pages\/1152\/revisions\/1154"}],"up":[{"embeddable":true,"href":"https:\/\/schulebza.de\/gos\/wp-json\/wp\/v2\/pages\/583"}],"wp:attachment":[{"href":"https:\/\/schulebza.de\/gos\/wp-json\/wp\/v2\/media?parent=1152"}],"curies":[{"name":"wp","href":"https:\/\/api.w.org\/{rel}","templated":true}]}}