{"id":1071,"date":"2024-09-02T13:22:38","date_gmt":"2024-09-02T11:22:38","guid":{"rendered":"https:\/\/schulebza.de\/gos\/?page_id=1071"},"modified":"2024-09-02T13:36:08","modified_gmt":"2024-09-02T11:36:08","slug":"digitale-schulbuecher","status":"publish","type":"page","link":"https:\/\/schulebza.de\/gos\/digitale-schulbuecher\/","title":{"rendered":"Digitale Schulb\u00fccher"},"content":{"rendered":"<h3 class=\"entry-subtitle\" id=\"mcetoc_1i6p6v82o0\">Das Digitale B\u00fccherregal<\/h3>\n<div class=\"row\">\n<div class=\"col-md-8 section-column-left\">\n<p>Das Digitale B\u00fccherregal ist eine Webapplikation, in der den Sch\u00fclerinnen und Sch\u00fcler <span>i<\/span>hre individuell ben\u00f6tigten digitalen Lernmittel online angezeigt werden. Das Digitale B\u00fccherregal ist in den <a href=\"https:\/\/bildungsportal.rlp.de\/\">Schulcampus RLP<\/a> integriert und ben\u00f6tigt einen <a href=\"https:\/\/bildung.rlp.de\/lmf\/fuer-eltern\">LMF-Freischaltcode<\/a>.<\/p>\n<p><em><strong>Bitte beachten Sie, dass es gerade am Schuljahresanfang zu Verz\u00f6gerungen kommen kann und nicht alle\u00a0 digitalen Schulb\u00fccher zum ersten Schultag (bzw. Schulwoche) auch anw\u00e4hlbar sind. Da der Datenaustausch bzw. -abgleich zwischen den Schulbuchverlagen und dem f\u00fcr das LMF zust\u00e4ndige Bildungsministerium etwas Zeit in Anspruch nehmen kann.\u00a0<\/strong><\/em><\/p>\n<p>Bei weiteren Fragen oder Problemen melden Sie sich bitte an die daf\u00fcr zust\u00e4ndigen Lehrkr\u00e4fte (<a href=\"christoph.mohr@schulebza.de\">Herrn Christoph Mohr<\/a> und <a href=\"thomas.steinfurth@schulebza.de\">Herrn Thomas Steinfurth<\/a>)<\/p>\n<\/div>\n<p>&nbsp;<\/p>\n<\/div>\n","protected":false},"excerpt":{"rendered":"<p>Das Digitale B\u00fccherregal Das Digitale B\u00fccherregal ist eine Webapplikation, in der den Sch\u00fclerinnen und Sch\u00fcler ihre individuell ben\u00f6tigten digitalen Lernmittel online angezeigt werden. Das Digitale B\u00fccherregal ist in den Schulcampus RLP integriert und ben\u00f6tigt einen LMF-Freischaltcode. Bitte beachten Sie, dass es gerade am Schuljahresanfang zu Verz\u00f6gerungen kommen kann und nicht alle\u00a0 digitalen Schulb\u00fccher zum ersten&#8230;<\/p>\n<p class=\"more-link\"><a href=\"https:\/\/schulebza.de\/gos\/digitale-schulbuecher\/\"><span>Read More<\/span><i>&#43;<\/i><\/a><\/p>\n","protected":false},"author":2,"featured_media":0,"parent":0,"menu_order":0,"comment_status":"closed","ping_status":"closed","template":"","meta":{"footnotes":""},"class_list":["post-1071","page","type-page","status-publish","hentry"],"_links":{"self":[{"href":"https:\/\/schulebza.de\/gos\/wp-json\/wp\/v2\/pages\/1071","targetHints":{"allow":["GET"]}}],"collection":[{"href":"https:\/\/schulebza.de\/gos\/wp-json\/wp\/v2\/pages"}],"about":[{"href":"https:\/\/schulebza.de\/gos\/wp-json\/wp\/v2\/types\/page"}],"author":[{"embeddable":true,"href":"https:\/\/schulebza.de\/gos\/wp-json\/wp\/v2\/users\/2"}],"replies":[{"embeddable":true,"href":"https:\/\/schulebza.de\/gos\/wp-json\/wp\/v2\/comments?post=1071"}],"version-history":[{"count":5,"href":"https:\/\/schulebza.de\/gos\/wp-json\/wp\/v2\/pages\/1071\/revisions"}],"predecessor-version":[{"id":1091,"href":"https:\/\/schulebza.de\/gos\/wp-json\/wp\/v2\/pages\/1071\/revisions\/1091"}],"wp:attachment":[{"href":"https:\/\/schulebza.de\/gos\/wp-json\/wp\/v2\/media?parent=1071"}],"curies":[{"name":"wp","href":"https:\/\/api.w.org\/{rel}","templated":true}]}}