{"id":1025,"date":"2024-02-20T09:59:53","date_gmt":"2024-02-20T08:59:53","guid":{"rendered":"https:\/\/schulebza.de\/gos\/?page_id=1025"},"modified":"2024-02-20T09:59:53","modified_gmt":"2024-02-20T08:59:53","slug":"brennerfuehrerschein","status":"publish","type":"page","link":"https:\/\/schulebza.de\/gos\/sachen-aus-dem-unterricht\/brennerfuehrerschein\/","title":{"rendered":"Brennerf\u00fchrerschein"},"content":{"rendered":"<p style=\"text-align: center;\"><strong>Sch\u00fcler*innen der 6. Klasse erhalten den \u201eBrennerf\u00fchrerschein\u201c im Fach Naturwissenschaften<\/strong><\/p>\n<p style=\"text-align: center;\"><img loading=\"lazy\" decoding=\"async\" src=\"https:\/\/schulebza.de\/gos\/wp-content\/uploads\/2024\/02\/IMG_6097.jpg\" alt=\"\" width=\"2016\" height=\"1512\" class=\"aligncenter size-full wp-image-1028\" srcset=\"https:\/\/schulebza.de\/gos\/wp-content\/uploads\/2024\/02\/IMG_6097.jpg 2016w, https:\/\/schulebza.de\/gos\/wp-content\/uploads\/2024\/02\/IMG_6097-300x225.jpg 300w, https:\/\/schulebza.de\/gos\/wp-content\/uploads\/2024\/02\/IMG_6097-1024x768.jpg 1024w, https:\/\/schulebza.de\/gos\/wp-content\/uploads\/2024\/02\/IMG_6097-768x576.jpg 768w, https:\/\/schulebza.de\/gos\/wp-content\/uploads\/2024\/02\/IMG_6097-1536x1152.jpg 1536w\" sizes=\"auto, (max-width: 2016px) 100vw, 2016px\" \/><\/p>\n<p style=\"text-align: left;\"><span>Die Sch\u00fcler*innen der 6m haben alle erfolgreich die sogenannte Brennerpr\u00fcfung bestanden. Sie besteht aus einem theoretischen und einem praktischen Teil. Darin stellen sie ihr Wissen \u00fcber die sichere Handhabung des Gasbrenners unter Beweis.<\/span><br \/>\n<span>Der Gasbrenner ist ein wichtiges Laborger\u00e4t des handlungsorientierten Chemieunterrichts. <\/span><br \/>\n<span>Der Brennerf\u00fchrerschein bescheinigt, dass die Sch\u00fcler*innen nun eigenverantwortlich damit Sch\u00fclerexperimente durchf\u00fchren k\u00f6nnen.<\/span><\/p>\n<p>\n<span>Kathrin Bunde, Pascal Jung<\/span><\/p>\n<p>&nbsp;<\/p>\n<p style=\"text-align: center;\"><img loading=\"lazy\" decoding=\"async\" src=\"https:\/\/schulebza.de\/gos\/wp-content\/uploads\/2024\/02\/IMG_6170-scaled.jpg\" alt=\"\" width=\"2560\" height=\"1920\" class=\"aligncenter size-full wp-image-1027\" srcset=\"https:\/\/schulebza.de\/gos\/wp-content\/uploads\/2024\/02\/IMG_6170-scaled.jpg 2560w, https:\/\/schulebza.de\/gos\/wp-content\/uploads\/2024\/02\/IMG_6170-300x225.jpg 300w, https:\/\/schulebza.de\/gos\/wp-content\/uploads\/2024\/02\/IMG_6170-1024x768.jpg 1024w, https:\/\/schulebza.de\/gos\/wp-content\/uploads\/2024\/02\/IMG_6170-768x576.jpg 768w, https:\/\/schulebza.de\/gos\/wp-content\/uploads\/2024\/02\/IMG_6170-1536x1152.jpg 1536w, https:\/\/schulebza.de\/gos\/wp-content\/uploads\/2024\/02\/IMG_6170-2048x1536.jpg 2048w\" sizes=\"auto, (max-width: 2560px) 100vw, 2560px\" \/><\/p>\n<p>&nbsp;<\/p>\n","protected":false},"excerpt":{"rendered":"<p>Sch\u00fcler*innen der 6. Klasse erhalten den \u201eBrennerf\u00fchrerschein\u201c im Fach Naturwissenschaften Die Sch\u00fcler*innen der 6m haben alle erfolgreich die sogenannte Brennerpr\u00fcfung bestanden. Sie besteht aus einem theoretischen und einem praktischen Teil. Darin stellen sie ihr Wissen \u00fcber die sichere Handhabung des Gasbrenners unter Beweis. Der Gasbrenner ist ein wichtiges Laborger\u00e4t des handlungsorientierten Chemieunterrichts. Der Brennerf\u00fchrerschein bescheinigt,&#8230;<\/p>\n<p class=\"more-link\"><a href=\"https:\/\/schulebza.de\/gos\/sachen-aus-dem-unterricht\/brennerfuehrerschein\/\"><span>Read More<\/span><i>&#43;<\/i><\/a><\/p>\n","protected":false},"author":2,"featured_media":0,"parent":583,"menu_order":0,"comment_status":"closed","ping_status":"closed","template":"","meta":{"footnotes":""},"class_list":["post-1025","page","type-page","status-publish","hentry"],"_links":{"self":[{"href":"https:\/\/schulebza.de\/gos\/wp-json\/wp\/v2\/pages\/1025","targetHints":{"allow":["GET"]}}],"collection":[{"href":"https:\/\/schulebza.de\/gos\/wp-json\/wp\/v2\/pages"}],"about":[{"href":"https:\/\/schulebza.de\/gos\/wp-json\/wp\/v2\/types\/page"}],"author":[{"embeddable":true,"href":"https:\/\/schulebza.de\/gos\/wp-json\/wp\/v2\/users\/2"}],"replies":[{"embeddable":true,"href":"https:\/\/schulebza.de\/gos\/wp-json\/wp\/v2\/comments?post=1025"}],"version-history":[{"count":2,"href":"https:\/\/schulebza.de\/gos\/wp-json\/wp\/v2\/pages\/1025\/revisions"}],"predecessor-version":[{"id":1029,"href":"https:\/\/schulebza.de\/gos\/wp-json\/wp\/v2\/pages\/1025\/revisions\/1029"}],"up":[{"embeddable":true,"href":"https:\/\/schulebza.de\/gos\/wp-json\/wp\/v2\/pages\/583"}],"wp:attachment":[{"href":"https:\/\/schulebza.de\/gos\/wp-json\/wp\/v2\/media?parent=1025"}],"curies":[{"name":"wp","href":"https:\/\/api.w.org\/{rel}","templated":true}]}}